{"id":19562,"date":"2026-03-17T17:19:37","date_gmt":"2026-03-17T17:19:37","guid":{"rendered":"https:\/\/para-mirava.ma\/?product=uriage-eau-thermale-masque-deau-nuit-50ml-3"},"modified":"2026-03-17T18:45:39","modified_gmt":"2026-03-17T18:45:39","slug":"uriage-eau-thermale-masque-deau-nuit-50ml-3","status":"publish","type":"product","link":"https:\/\/para-mirava.ma\/?product=uriage-eau-thermale-masque-deau-nuit-50ml-3","title":{"rendered":"URIAGE EAU THERMALE MASQUE D&#8217;EAU NUIT 50ML"},"content":{"rendered":"<p>Plongez votre peau dans un v\u00e9ritable \u00ab Bain Thermal \u00bb. La puissance hydratante de l&#8217;Eau Thermale d&#8217;Uriage dans un masque de nuit unique \u00e0 la texture eau g\u00e9lifi\u00e9e ultra-l\u00e9g\u00e8re. La peau est repos\u00e9e, comme \u00ab 8h de sommeil \u00bb : grain de peau liss\u00e9, peau pleinement hydrat\u00e9e, souple et douce, pour un teint ultra-frais.<\/p>\n<p>R\u00e9g\u00e9n\u00e8re l&#8217;hydratation de la peau<br \/>\nCe Masque d&#8217;Eau enrichi en Eau Thermale d&#8217;Uriage aide \u00e0 reconstruire la barri\u00e8re cutan\u00e9e pour maintenir un taux d&#8217;hydratation optimal.<\/p>\n<p>Optimise l&#8217;hydratation en continu de l&#8217;\u00e9piderme<br \/>\nPermet de reformer un film de surface et de lib\u00e9rer progressivement les agents hydratants qu&#8217;il contient pour assouplir la peau.<\/p>\n<p>Restaure l&#8217;effet barri\u00e8re de la peau et limite sa d\u00e9shydratation<br \/>\nAgit sur la reconstruction du ciment corn\u00e9ocytaire pour booster durablement l&#8217;hydratation des peaux assoiff\u00e9es.<\/p>\n<p>Donne de l&#8217;\u00e9clat<br \/>\nSon extrait d&#8217;Edelweiss anti-oxydant laisse place \u00e0 une peau fra\u00eeche, rayonnante.<\/p>\n<p>R\u00e9sultats<br \/>\n+58% d&#8217;hydratation apr\u00e8s 8h<\/p>\n<p>Disponible dans votre parapharmacie en ligne www.cotepara.ma<\/p>\n<p>\u00c9tude corn\u00e9om\u00e9trique r\u00e9alis\u00e9e sur 10 sujets.<\/p>\n<p>Actifs<br \/>\nComplexe Hydro-Thermal Acide Hyaluronique Extraits d&#8217;Edelweiss<\/p>\n<p>Test\u00e9 sous contr\u00f4le dermatologique<\/p>\n<p>Conseils<br \/>\nAppliquer en couche fine tous les soirs sur l&#8217;ensemble du visage d\u00e9maquill\u00e9 et nettoy\u00e9. Laisser poser toute la nuit. Rincer au r\u00e9veil avec l&#8217;Eau Micellaire Thermale ou se vaporiser le visage avec l&#8217;Eau Thermale d&#8217;Uriage pour prolonger l&#8217;hydratation de votre peau.<\/p>\n","protected":false},"excerpt":{"rendered":"<p>Plongez votre peau dans un v\u00e9ritable \u00ab Bain Thermal \u00bb. La puissance hydratante de l&#8217;Eau Thermale d&#8217;Uriage dans un masque de nuit unique \u00e0 la texture eau g\u00e9lifi\u00e9e ultra-l\u00e9g\u00e8re. La peau est repos\u00e9e, comme \u00ab 8h de sommeil \u00bb : grain de peau liss\u00e9, peau pleinement hydrat\u00e9e, souple et douce, pour un teint ultra-frais. R\u00e9g\u00e9n\u00e8re [&hellip;]<\/p>\n","protected":false},"featured_media":19561,"template":"","meta":[],"product_brand":[173,178],"product_cat":[15,137],"product_tag":[],"class_list":{"0":"post-19562","1":"product","2":"type-product","3":"status-publish","4":"has-post-thumbnail","6":"product_brand-uriage","7":"product_brand-vichy","8":"product_cat-tout","9":"product_cat-uriage","10":"ts_product_brand-uriage","12":"first","13":"instock","14":"sale","15":"shipping-taxable","16":"purchasable","17":"product-type-simple"},"_links":{"self":[{"href":"https:\/\/para-mirava.ma\/index.php?rest_route=\/wp\/v2\/product\/19562","targetHints":{"allow":["GET"]}}],"collection":[{"href":"https:\/\/para-mirava.ma\/index.php?rest_route=\/wp\/v2\/product"}],"about":[{"href":"https:\/\/para-mirava.ma\/index.php?rest_route=\/wp\/v2\/types\/product"}],"wp:featuredmedia":[{"embeddable":true,"href":"https:\/\/para-mirava.ma\/index.php?rest_route=\/wp\/v2\/media\/19561"}],"wp:attachment":[{"href":"https:\/\/para-mirava.ma\/index.php?rest_route=%2Fwp%2Fv2%2Fmedia&parent=19562"}],"wp:term":[{"taxonomy":"product_brand","embeddable":true,"href":"https:\/\/para-mirava.ma\/index.php?rest_route=%2Fwp%2Fv2%2Fproduct_brand&post=19562"},{"taxonomy":"product_cat","embeddable":true,"href":"https:\/\/para-mirava.ma\/index.php?rest_route=%2Fwp%2Fv2%2Fproduct_cat&post=19562"},{"taxonomy":"product_tag","embeddable":true,"href":"https:\/\/para-mirava.ma\/index.php?rest_route=%2Fwp%2Fv2%2Fproduct_tag&post=19562"}],"curies":[{"name":"wp","href":"https:\/\/api.w.org\/{rel}","templated":true}]}}