{"id":19564,"date":"2026-03-17T17:19:39","date_gmt":"2026-03-17T17:19:39","guid":{"rendered":"https:\/\/para-mirava.ma\/?product=uriage-eau-thermale-creme-mains-50ml-3"},"modified":"2026-03-17T18:45:39","modified_gmt":"2026-03-17T18:45:39","slug":"uriage-eau-thermale-creme-mains-50ml-3","status":"publish","type":"product","link":"https:\/\/para-mirava.ma\/?product=uriage-eau-thermale-creme-mains-50ml-3","title":{"rendered":"URIAGE EAU THERMALE CREME MAINS 50ML"},"content":{"rendered":"<p>Cette cr\u00e8me pour les mains est un soin ultra-\u00e9mollient enrichi en Eau Thermale d&#8217;Uriage pour former un \u00ab gant invisible \u00bb et protecteur sur les mains, v\u00e9ritable bouclier contre les agressions climatiques. Cette cr\u00e8me apporte douceur et confort aux mains s\u00e8ches et fragilis\u00e9es. Les ongles semblent fortifi\u00e9s pour des mains souples et confortables.<\/p>\n<p>Apaise<br \/>\nEnrichie en Eau Thermale d&#8217;Uriage aux propri\u00e9t\u00e9s apaisantes, la peau est apais\u00e9e.<\/p>\n<p>Hydrate<br \/>\nLa formule hydrate l&#8217;\u00e9piderme dess\u00e9ch\u00e9.<\/p>\n<p>Nourrit et prot\u00e8ge<br \/>\nLe Beurre de Karit\u00e9, agent nourrissant et adoucissant, redonne un confort optimal aux mains.<\/p>\n<p>R\u00e9sultats<br \/>\n100% Hydratation imm\u00e9diate pour 100% des personnes interrog\u00e9es*, 100% des personnes ont constat\u00e9 que le produit est rapidement absorb\u00e9* et 89% de sujets ont constat\u00e9 que les ongles semblent fortifi\u00e9s et hydrat\u00e9s.*<\/p>\n<p>Disponible dans votre parapharmacie en ligne www.cotepara.ma<\/p>\n<p>*\u00c9tude d&#8217;auto-\u00e9valuation r\u00e9alis\u00e9e sous contr\u00f4le dermatologique sur 19 sujets aux mains s\u00e8ches \u00e2g\u00e9s de 19 \u00e0 70 ans. 2 \u00e0 3 applications par jour durant 3 semaines.<\/p>\n<p>Actifs<br \/>\nEmulsion Huile dans l&#8217;Eau Beurre de Karit\u00e9 Glyc\u00e9rine Vitamine E<\/p>\n<p>Test\u00e9 sous contr\u00f4le dermatologique<\/p>\n<p>Conseils<br \/>\nAppliquer aussi souvent que n\u00e9cessaire sur les mains.<\/p>\n","protected":false},"excerpt":{"rendered":"<p>Cette cr\u00e8me pour les mains est un soin ultra-\u00e9mollient enrichi en Eau Thermale d&#8217;Uriage pour former un \u00ab gant invisible \u00bb et protecteur sur les mains, v\u00e9ritable bouclier contre les agressions climatiques. Cette cr\u00e8me apporte douceur et confort aux mains s\u00e8ches et fragilis\u00e9es. Les ongles semblent fortifi\u00e9s pour des mains souples et confortables. Apaise Enrichie [&hellip;]<\/p>\n","protected":false},"featured_media":19563,"template":"","meta":[],"product_brand":[173,178],"product_cat":[15,137],"product_tag":[],"class_list":{"0":"post-19564","1":"product","2":"type-product","3":"status-publish","4":"has-post-thumbnail","6":"product_brand-uriage","7":"product_brand-vichy","8":"product_cat-tout","9":"product_cat-uriage","10":"ts_product_brand-uriage","12":"first","13":"instock","14":"sale","15":"shipping-taxable","16":"purchasable","17":"product-type-simple"},"_links":{"self":[{"href":"https:\/\/para-mirava.ma\/index.php?rest_route=\/wp\/v2\/product\/19564","targetHints":{"allow":["GET"]}}],"collection":[{"href":"https:\/\/para-mirava.ma\/index.php?rest_route=\/wp\/v2\/product"}],"about":[{"href":"https:\/\/para-mirava.ma\/index.php?rest_route=\/wp\/v2\/types\/product"}],"wp:featuredmedia":[{"embeddable":true,"href":"https:\/\/para-mirava.ma\/index.php?rest_route=\/wp\/v2\/media\/19563"}],"wp:attachment":[{"href":"https:\/\/para-mirava.ma\/index.php?rest_route=%2Fwp%2Fv2%2Fmedia&parent=19564"}],"wp:term":[{"taxonomy":"product_brand","embeddable":true,"href":"https:\/\/para-mirava.ma\/index.php?rest_route=%2Fwp%2Fv2%2Fproduct_brand&post=19564"},{"taxonomy":"product_cat","embeddable":true,"href":"https:\/\/para-mirava.ma\/index.php?rest_route=%2Fwp%2Fv2%2Fproduct_cat&post=19564"},{"taxonomy":"product_tag","embeddable":true,"href":"https:\/\/para-mirava.ma\/index.php?rest_route=%2Fwp%2Fv2%2Fproduct_tag&post=19564"}],"curies":[{"name":"wp","href":"https:\/\/api.w.org\/{rel}","templated":true}]}}