{"id":19568,"date":"2026-03-17T17:19:41","date_gmt":"2026-03-17T17:19:41","guid":{"rendered":"https:\/\/para-mirava.ma\/?product=uriage-bariesun-mat-fluide-spf50-50ml-3"},"modified":"2026-03-17T18:45:39","modified_gmt":"2026-03-17T18:45:39","slug":"uriage-bariesun-mat-fluide-spf50-50ml-3","status":"publish","type":"product","link":"https:\/\/para-mirava.ma\/?product=uriage-bariesun-mat-fluide-spf50-50ml-3","title":{"rendered":"URIAGE BARIESUN MAT FLUIDE SPF50+ 50ML"},"content":{"rendered":"<p>Bari\u00e9sun combine un complexe filtrant tr\u00e8s performant et les propri\u00e9t\u00e9s de l&#8217;Eau Thermale d&#8217;Uriage pour prot\u00e9ger la peau et pr\u00e9venir les dommages cellulaires induits par les UVA et UVB.<\/p>\n<p>Sp\u00e9cialement d\u00e9velopp\u00e9 pour les peaux mixtes \u00e0 grasses, ce fluide matifiant apporte une tr\u00e8s haute protection solaire contre les UVA, les UVB. Sa formule l\u00e9g\u00e8re garantit un effet anti-brillance, une absorption rapide et une hydratation continue.<\/p>\n<p>DEMARCHE ECO-RESPONSABLE :<\/p>\n<p>Un engagement pour la plan\u00e8te :<\/p>\n<p>Des \u00e9tudes in vivo in\u00e9dites directement sur la barri\u00e8re de corail, ainsi que des \u00e9tudes sur le plancton marin ont \u00e9t\u00e9 men\u00e9es en partenariat avec des Unit\u00e9s de Recherche en France et en Nouvelle Cal\u00e9donie afin de v\u00e9rifier l&#8217;innocuit\u00e9 des produits Bari\u00e9sun dans les oc\u00e9ans.<\/p>\n<p>La gamme Bari\u00e9sun des Laboratoires Dermatologiques d&#8217;Uriage est membre du collectif 1% for the Planet, un engagement philanthropique de soutien aux associations \u0153uvrant pour l&#8217;environnement en reversant 1% du chiffre d&#8217;affaires Bari\u00e9sun dans le monde.<\/p>\n<p>Packaging \u00e9co-con\u00e7u :<\/p>\n<p>Capsule affin\u00e9e : -9% de plastique<\/p>\n<p>Etui recyclable en carton issu de forets durables<\/p>\n<p>Prot\u00e8ge contre les UV<\/p>\n<p>Son complexe de filtres apporte une tr\u00e8s haute protection contre les UVA, les UVB et les radicaux libres<\/p>\n<p>Matifie<\/p>\n<p>Il apporte un effet matifiant durable gr\u00e2ce \u00e0 l&#8217;extrait de Licorice, \u00e0 l&#8217;action s\u00e9bo-r\u00e9gulatrice<\/p>\n<p>Pr\u00e9vient le dess\u00e8chement cutan\u00e9<\/p>\n<p>Enrichi en Aquaspongines et en Eau Thermale d&#8217;Uriage, le fluide assure une protection intense contre le dess\u00e8chement et poss\u00e8de une action antioxydante<\/p>\n<p>R\u00e9sultats<\/p>\n<p>100%<\/p>\n<p>Adapt\u00e9 aux probl\u00e9matiques des peaux mixtes \u00e0 grasses.<\/p>\n<p>Caract\u00e9ristiques<\/p>\n<p>Complexe filtrant anti UVA-UVB &#8212; [BREVET BARIESUN] &#8212; [BREVET LICORICE] &#8212; Glyc\u00e9rine &#8212; Poudre absorbante &#8212; Aquaspongines &#8212; Texture l\u00e9g\u00e8re &#8212; Anti-brillance &#8212; Non com\u00e9dog\u00e8ne &#8212; Test\u00e9 sous contr\u00f4le dermatologique<\/p>\n<p>Disponible dans votre parapharmacie en ligne www.cotepara.ma<\/p>\n<p>Conseils d&#8217;utilisation<\/p>\n<p>Appliquer une dose suffisante de produit avant l&#8217;exposition, par exemple l&#8217;\u00e9quivalent d&#8217;une cuill\u00e8re \u00e0 caf\u00e9 pour le visage et le cou. La r\u00e9duction de cette quantit\u00e9 diminue le niveau de protection.<\/p>\n<p>Renouveler fr\u00e9quemment l&#8217;application, surtout apr\u00e8s avoir transpir\u00e9, nag\u00e9 ou s&#8217;\u00eatre essuy\u00e9.<\/p>\n<p>M\u00eame bien prot\u00e9g\u00e9, r\u00e9duire au maximum l&#8217;exposition.<\/p>\n<p>Ne pas exposer les b\u00e9b\u00e9s et les jeunes enfants directement au soleil.<\/p>\n","protected":false},"excerpt":{"rendered":"<p>Bari\u00e9sun combine un complexe filtrant tr\u00e8s performant et les propri\u00e9t\u00e9s de l&#8217;Eau Thermale d&#8217;Uriage pour prot\u00e9ger la peau et pr\u00e9venir les dommages cellulaires induits par les UVA et UVB. Sp\u00e9cialement d\u00e9velopp\u00e9 pour les peaux mixtes \u00e0 grasses, ce fluide matifiant apporte une tr\u00e8s haute protection solaire contre les UVA, les UVB. Sa formule l\u00e9g\u00e8re garantit [&hellip;]<\/p>\n","protected":false},"featured_media":19567,"template":"","meta":[],"product_brand":[173,178],"product_cat":[15,137],"product_tag":[],"class_list":{"0":"post-19568","1":"product","2":"type-product","3":"status-publish","4":"has-post-thumbnail","6":"product_brand-uriage","7":"product_brand-vichy","8":"product_cat-tout","9":"product_cat-uriage","10":"ts_product_brand-uriage","12":"first","13":"instock","14":"sale","15":"shipping-taxable","16":"purchasable","17":"product-type-simple"},"_links":{"self":[{"href":"https:\/\/para-mirava.ma\/index.php?rest_route=\/wp\/v2\/product\/19568","targetHints":{"allow":["GET"]}}],"collection":[{"href":"https:\/\/para-mirava.ma\/index.php?rest_route=\/wp\/v2\/product"}],"about":[{"href":"https:\/\/para-mirava.ma\/index.php?rest_route=\/wp\/v2\/types\/product"}],"wp:featuredmedia":[{"embeddable":true,"href":"https:\/\/para-mirava.ma\/index.php?rest_route=\/wp\/v2\/media\/19567"}],"wp:attachment":[{"href":"https:\/\/para-mirava.ma\/index.php?rest_route=%2Fwp%2Fv2%2Fmedia&parent=19568"}],"wp:term":[{"taxonomy":"product_brand","embeddable":true,"href":"https:\/\/para-mirava.ma\/index.php?rest_route=%2Fwp%2Fv2%2Fproduct_brand&post=19568"},{"taxonomy":"product_cat","embeddable":true,"href":"https:\/\/para-mirava.ma\/index.php?rest_route=%2Fwp%2Fv2%2Fproduct_cat&post=19568"},{"taxonomy":"product_tag","embeddable":true,"href":"https:\/\/para-mirava.ma\/index.php?rest_route=%2Fwp%2Fv2%2Fproduct_tag&post=19568"}],"curies":[{"name":"wp","href":"https:\/\/api.w.org\/{rel}","templated":true}]}}