{"id":19570,"date":"2026-03-17T17:19:42","date_gmt":"2026-03-17T17:19:42","guid":{"rendered":"https:\/\/para-mirava.ma\/?product=uriage-surgras-liquide-dermatologique-500ml-3"},"modified":"2026-03-17T18:45:39","modified_gmt":"2026-03-17T18:45:39","slug":"uriage-surgras-liquide-dermatologique-500ml-3","status":"publish","type":"product","link":"https:\/\/para-mirava.ma\/?product=uriage-surgras-liquide-dermatologique-500ml-3","title":{"rendered":"URIAGE SURGRAS LIQUIDE DERMATOLOGIQUE 500ML"},"content":{"rendered":"<p>Frais et extra-doux, le surgras liquide nettoie et am\u00e9liore le confort de la peau tout en respectant le film hydrolipidique. La peau est parfaitement nettoy\u00e9e, hydrat\u00e9e et apais\u00e9e. Un soin agr\u00e9able au quotidien pour toute la famille.<\/p>\n<p>Nettoie<br \/>\nSa base lavante douce sans savon \u00e9limine toutes les impuret\u00e9s de la peau sans agresser.<\/p>\n<p>Pr\u00e9serve du d\u00e9ssechement<br \/>\nSes actifs surgraissants et hydratants am\u00e9liorent le confort cutan\u00e9.<\/p>\n<p>R\u00e9sultats<br \/>\n30% d&#8217;Eau Thermale d&#8217;Uriage aux propri\u00e9t\u00e9s apaisantes et hydratantes pour un nettoyage parfait.<\/p>\n<p>Disponible dans votre parapharmacie en ligne www.cotepara.ma<\/p>\n<p>Actifs<br \/>\nEau Thermale d&#8217;Uriage Agents hydratants Agents surgraissants<\/p>\n<p>Test\u00e9 sous contr\u00f4le dermatologique Sans savon Test\u00e9 ophtalmologiquement<\/p>\n<p>Conseils<br \/>\nFaire mousser avec de l&#8217;eau puis rincer.<\/p>\n","protected":false},"excerpt":{"rendered":"<p>Frais et extra-doux, le surgras liquide nettoie et am\u00e9liore le confort de la peau tout en respectant le film hydrolipidique. La peau est parfaitement nettoy\u00e9e, hydrat\u00e9e et apais\u00e9e. Un soin agr\u00e9able au quotidien pour toute la famille. Nettoie Sa base lavante douce sans savon \u00e9limine toutes les impuret\u00e9s de la peau sans agresser. Pr\u00e9serve du [&hellip;]<\/p>\n","protected":false},"featured_media":19569,"template":"","meta":[],"product_brand":[173,178],"product_cat":[15,137],"product_tag":[],"class_list":{"0":"post-19570","1":"product","2":"type-product","3":"status-publish","4":"has-post-thumbnail","6":"product_brand-uriage","7":"product_brand-vichy","8":"product_cat-tout","9":"product_cat-uriage","10":"ts_product_brand-uriage","12":"first","13":"instock","14":"sale","15":"shipping-taxable","16":"purchasable","17":"product-type-simple"},"_links":{"self":[{"href":"https:\/\/para-mirava.ma\/index.php?rest_route=\/wp\/v2\/product\/19570","targetHints":{"allow":["GET"]}}],"collection":[{"href":"https:\/\/para-mirava.ma\/index.php?rest_route=\/wp\/v2\/product"}],"about":[{"href":"https:\/\/para-mirava.ma\/index.php?rest_route=\/wp\/v2\/types\/product"}],"wp:featuredmedia":[{"embeddable":true,"href":"https:\/\/para-mirava.ma\/index.php?rest_route=\/wp\/v2\/media\/19569"}],"wp:attachment":[{"href":"https:\/\/para-mirava.ma\/index.php?rest_route=%2Fwp%2Fv2%2Fmedia&parent=19570"}],"wp:term":[{"taxonomy":"product_brand","embeddable":true,"href":"https:\/\/para-mirava.ma\/index.php?rest_route=%2Fwp%2Fv2%2Fproduct_brand&post=19570"},{"taxonomy":"product_cat","embeddable":true,"href":"https:\/\/para-mirava.ma\/index.php?rest_route=%2Fwp%2Fv2%2Fproduct_cat&post=19570"},{"taxonomy":"product_tag","embeddable":true,"href":"https:\/\/para-mirava.ma\/index.php?rest_route=%2Fwp%2Fv2%2Fproduct_tag&post=19570"}],"curies":[{"name":"wp","href":"https:\/\/api.w.org\/{rel}","templated":true}]}}