{"id":19578,"date":"2026-03-17T17:19:46","date_gmt":"2026-03-17T17:19:46","guid":{"rendered":"https:\/\/para-mirava.ma\/?product=uriage-huile-lavante-1l-3"},"modified":"2026-03-17T18:45:39","modified_gmt":"2026-03-17T18:45:39","slug":"uriage-huile-lavante-1l-3","status":"publish","type":"product","link":"https:\/\/para-mirava.ma\/?product=uriage-huile-lavante-1l-3","title":{"rendered":"URIAGE HUILE LAVANTE 1L"},"content":{"rendered":"<p>L&#8217;huile lavante est un soin d&#8217;hygi\u00e8ne quotidien agr\u00e9ablement parfum\u00e9 qui permet une hydratation optimale des couches sup\u00e9rieures de l&#8217;\u00e9piderme tout en nettoyant votre peau.<\/p>\n<p>Nettoie<br \/>\nSa base lavante douce sans savon nettoie la peau tout en douceur.<\/p>\n<p>Nourrit<br \/>\nGr\u00e2ce \u00e0 sa texture gel-huile unique, elle d\u00e9pose un film protecteur sur la peau.<\/p>\n<p>Prot\u00e8ge<br \/>\nGrace \u00e0 ses agents doux surgraissants et l&#8217;Eau Thermale d&#8217;Uriage, elle prot\u00e8ge la peau des effets dess\u00e9chants de l&#8217;eau calcaire.<\/p>\n<p>R\u00e9sultats<br \/>\n100% de tol\u00e9rance et ne dess\u00e8che pas la peau.<br \/>\nTest d&#8217;usage effectu\u00e9 sur 20 sujets pendant 21 jours, sous contr\u00f4le p\u00e9diatrique.<\/p>\n<p>Disponible dans votre parapharmacie en ligne www.cotepara.ma<\/p>\n<p>Caract\u00e9ristiques<br \/>\nEau Thermale d&#8217;Uriage &#8212; Glyc\u00e9rine &#8212; Actifs surgraissants &#8212; Base lavante douce &#8212; Test\u00e9 sous contr\u00f4le dermatologique &#8212; Sans savon &#8212; Test\u00e9 ophtalmologiquement<\/p>\n<p>Conseils d&#8217;utilisation<br \/>\nBien faire mousser sur une peau mouill\u00e9e puis rincer.<br \/>\nUsage quotidien<\/p>\n","protected":false},"excerpt":{"rendered":"<p>L&#8217;huile lavante est un soin d&#8217;hygi\u00e8ne quotidien agr\u00e9ablement parfum\u00e9 qui permet une hydratation optimale des couches sup\u00e9rieures de l&#8217;\u00e9piderme tout en nettoyant votre peau. Nettoie Sa base lavante douce sans savon nettoie la peau tout en douceur. Nourrit Gr\u00e2ce \u00e0 sa texture gel-huile unique, elle d\u00e9pose un film protecteur sur la peau. Prot\u00e8ge Grace \u00e0 [&hellip;]<\/p>\n","protected":false},"featured_media":19577,"template":"","meta":[],"product_brand":[173,178],"product_cat":[15,137],"product_tag":[],"class_list":{"0":"post-19578","1":"product","2":"type-product","3":"status-publish","4":"has-post-thumbnail","6":"product_brand-uriage","7":"product_brand-vichy","8":"product_cat-tout","9":"product_cat-uriage","10":"ts_product_brand-uriage","12":"first","13":"instock","14":"sale","15":"shipping-taxable","16":"purchasable","17":"product-type-simple"},"_links":{"self":[{"href":"https:\/\/para-mirava.ma\/index.php?rest_route=\/wp\/v2\/product\/19578","targetHints":{"allow":["GET"]}}],"collection":[{"href":"https:\/\/para-mirava.ma\/index.php?rest_route=\/wp\/v2\/product"}],"about":[{"href":"https:\/\/para-mirava.ma\/index.php?rest_route=\/wp\/v2\/types\/product"}],"wp:featuredmedia":[{"embeddable":true,"href":"https:\/\/para-mirava.ma\/index.php?rest_route=\/wp\/v2\/media\/19577"}],"wp:attachment":[{"href":"https:\/\/para-mirava.ma\/index.php?rest_route=%2Fwp%2Fv2%2Fmedia&parent=19578"}],"wp:term":[{"taxonomy":"product_brand","embeddable":true,"href":"https:\/\/para-mirava.ma\/index.php?rest_route=%2Fwp%2Fv2%2Fproduct_brand&post=19578"},{"taxonomy":"product_cat","embeddable":true,"href":"https:\/\/para-mirava.ma\/index.php?rest_route=%2Fwp%2Fv2%2Fproduct_cat&post=19578"},{"taxonomy":"product_tag","embeddable":true,"href":"https:\/\/para-mirava.ma\/index.php?rest_route=%2Fwp%2Fv2%2Fproduct_tag&post=19578"}],"curies":[{"name":"wp","href":"https:\/\/api.w.org\/{rel}","templated":true}]}}