{"id":19588,"date":"2026-03-17T17:19:51","date_gmt":"2026-03-17T17:19:51","guid":{"rendered":"https:\/\/para-mirava.ma\/?product=uriage-ds-hair-shampooing-equilibrant-200ml-3"},"modified":"2026-03-17T18:45:38","modified_gmt":"2026-03-17T18:45:38","slug":"uriage-ds-hair-shampooing-equilibrant-200ml-3","status":"publish","type":"product","link":"https:\/\/para-mirava.ma\/?product=uriage-ds-hair-shampooing-equilibrant-200ml-3","title":{"rendered":"URIAGE DS HAIR SHAMPOOING EQUILIBRANT 200ML"},"content":{"rendered":"<p>Innovation DS HAIR : 1\u00e8re gamme de shampoings \u00e0 l&#8217;Eau Thermale des Alpes Fran\u00e7aises. Ce shampooing purifiant et \u00e9quilibrant apaise le cuir chevelu et procure une sensation de confort et de fraicheur. Dot\u00e9 d&#8217;un parfum frais et agr\u00e9able, d&#8217;une mousse onctueuse et d&#8217;une texture douce, il laisse les cheveux sains et soyeux.<\/p>\n<p>Action Apaisante<br \/>\nLa technologie brevet\u00e9e TLR2-Regul, combin\u00e9e \u00e0 l&#8217;Eau Thermale d&#8217;Uriage et \u00e0 l&#8217;Edelweiss agissent sp\u00e9cifiquement pour apaiser et prot\u00e9ger le cuir chevelu.<\/p>\n<p>Action Purifiante<br \/>\nSa formule \u00e0 base de Piroctone Olamine purifie le cuir chevelu.<\/p>\n<p>R\u00e9sultats<br \/>\n+95% des personnes interrog\u00e9es consid\u00e8rent que le produit laisse les cheveux soyeux et procure une sensation de confort et de fra\u00eecheur.<\/p>\n<p>\u00c9tude clinique sous contr\u00f4le dermatologique sur 58 sujets. Application quotidienne pendant 6 semaines, en compl\u00e9ment de DS Hair Shampooing Traitant Antipelliculaire ou DS Hair Shampooing Traitant K\u00e9rator\u00e9ducteur. %satisfaction.<\/p>\n<p>Actifs<br \/>\nComplexe brevet\u00e9 : TLR2 Regul Piroctone Olamine Eau Thermale d&#8217;Uriage Edelweiss<\/p>\n<p>Haute Tol\u00e9rance<\/p>\n<p>Conseils<br \/>\nUsage quotidien ou en compl\u00e9ment des shampooings traitants antipelliculaires DS HAIR. Appliquer sur cheveux mouill\u00e9s, le front et la nuque. Faire mousser en massant avec douceur. Rincer abondamment. \u00c9viter le contact avec les yeux Disponible dans votre parapharmacie en ligne www.cotepara.ma<\/p>\n","protected":false},"excerpt":{"rendered":"<p>Innovation DS HAIR : 1\u00e8re gamme de shampoings \u00e0 l&#8217;Eau Thermale des Alpes Fran\u00e7aises. Ce shampooing purifiant et \u00e9quilibrant apaise le cuir chevelu et procure une sensation de confort et de fraicheur. Dot\u00e9 d&#8217;un parfum frais et agr\u00e9able, d&#8217;une mousse onctueuse et d&#8217;une texture douce, il laisse les cheveux sains et soyeux. Action Apaisante La [&hellip;]<\/p>\n","protected":false},"featured_media":19587,"template":"","meta":[],"product_brand":[173,178],"product_cat":[15,137],"product_tag":[],"class_list":{"0":"post-19588","1":"product","2":"type-product","3":"status-publish","4":"has-post-thumbnail","6":"product_brand-uriage","7":"product_brand-vichy","8":"product_cat-tout","9":"product_cat-uriage","10":"ts_product_brand-uriage","12":"first","13":"instock","14":"sale","15":"shipping-taxable","16":"purchasable","17":"product-type-simple"},"_links":{"self":[{"href":"https:\/\/para-mirava.ma\/index.php?rest_route=\/wp\/v2\/product\/19588","targetHints":{"allow":["GET"]}}],"collection":[{"href":"https:\/\/para-mirava.ma\/index.php?rest_route=\/wp\/v2\/product"}],"about":[{"href":"https:\/\/para-mirava.ma\/index.php?rest_route=\/wp\/v2\/types\/product"}],"wp:featuredmedia":[{"embeddable":true,"href":"https:\/\/para-mirava.ma\/index.php?rest_route=\/wp\/v2\/media\/19587"}],"wp:attachment":[{"href":"https:\/\/para-mirava.ma\/index.php?rest_route=%2Fwp%2Fv2%2Fmedia&parent=19588"}],"wp:term":[{"taxonomy":"product_brand","embeddable":true,"href":"https:\/\/para-mirava.ma\/index.php?rest_route=%2Fwp%2Fv2%2Fproduct_brand&post=19588"},{"taxonomy":"product_cat","embeddable":true,"href":"https:\/\/para-mirava.ma\/index.php?rest_route=%2Fwp%2Fv2%2Fproduct_cat&post=19588"},{"taxonomy":"product_tag","embeddable":true,"href":"https:\/\/para-mirava.ma\/index.php?rest_route=%2Fwp%2Fv2%2Fproduct_tag&post=19588"}],"curies":[{"name":"wp","href":"https:\/\/api.w.org\/{rel}","templated":true}]}}