{"id":19590,"date":"2026-03-17T17:19:52","date_gmt":"2026-03-17T17:19:52","guid":{"rendered":"https:\/\/para-mirava.ma\/?product=uriage-xemose-soin-apaisant-contour-des-yeux-15ml-3"},"modified":"2026-03-17T18:45:38","modified_gmt":"2026-03-17T18:45:38","slug":"uriage-xemose-soin-apaisant-contour-des-yeux-15ml-3","status":"publish","type":"product","link":"https:\/\/para-mirava.ma\/?product=uriage-xemose-soin-apaisant-contour-des-yeux-15ml-3","title":{"rendered":"URIAGE XEMOSE SOIN APAISANT CONTOUR DES YEUX 15ML"},"content":{"rendered":"<p>Sp\u00e9cifiquement formul\u00e9 pour les contours des yeux secs et sujets aux d\u00e9mangeaisons, ce soin apaise imm\u00e9diatement et durablement les sensations de s\u00e9cheresse, tiraillements et inconfort. Sa formule haute tol\u00e9rance d\u00e9congestionne, nourrit la peau et aide ainsi \u00e0 restaurer la barri\u00e8re cutan\u00e9e.<\/p>\n<p>Anti-grattage &#8212; Anti-s\u00e9cheresse &#8212; Anti-r\u00e9cidive<\/p>\n<p>Renforcement de la triple barri\u00e8re de la peau.<\/p>\n<p>Texture cr\u00e8me confortable, non collante, non parfum\u00e9e.<\/p>\n<p>Enfants, Adultes<\/p>\n<p>ACTION 1<br \/>\nApaise les sensations d&#8217;irritations et d&#8217;inconfort, restaure la barri\u00e8re cutan\u00e9e en la prot\u00e9geant des agressions ext\u00e9rieures (froid, vent&#8230;)<\/p>\n<p>ACTION 2<br \/>\nNourrit intens\u00e9ment les contours des yeux et paupi\u00e8res s\u00e8ches \u00e0 tr\u00e8s s\u00e8ches<\/p>\n<p>ACTION 3<br \/>\nConfort durable &#8212; Anti-R\u00e9cidive 48h. Texture au fini doux et confortable<\/p>\n<p>R\u00e9sultats<br \/>\n-80% de d\u00e9mangeaisons<br \/>\n-81% desquamations<br \/>\n-70% s\u00e9cheresse<\/p>\n<p>Actifs<br \/>\nBrevet Uriage CERASTEROL-2F (restaure et renforce la barri\u00e8re cutan\u00e9e), Acide Hyaluronique (nourrit intens\u00e9ment), Beurre de Karit\u00e9 5%\/ Sulfate de Dextran\/ Eau Thermale Uriage<\/p>\n<p>Haute efficacit\u00e9 durable &#8212; Anti-R\u00e9cidive 48h<\/p>\n<p>Disponible dans votre parapharmacie en ligne www.cotepara.ma<\/p>\n<p>Conseils<br \/>\nAppliquer d\u00e9licatement matin et\/ou soir sur le contour de l&#8217;\u0153il et les paupi\u00e8res selon les besoins.<\/p>\n","protected":false},"excerpt":{"rendered":"<p>Sp\u00e9cifiquement formul\u00e9 pour les contours des yeux secs et sujets aux d\u00e9mangeaisons, ce soin apaise imm\u00e9diatement et durablement les sensations de s\u00e9cheresse, tiraillements et inconfort. Sa formule haute tol\u00e9rance d\u00e9congestionne, nourrit la peau et aide ainsi \u00e0 restaurer la barri\u00e8re cutan\u00e9e. Anti-grattage &#8212; Anti-s\u00e9cheresse &#8212; Anti-r\u00e9cidive Renforcement de la triple barri\u00e8re de la peau. Texture [&hellip;]<\/p>\n","protected":false},"featured_media":19589,"template":"","meta":[],"product_brand":[173,178],"product_cat":[15,137],"product_tag":[],"class_list":{"0":"post-19590","1":"product","2":"type-product","3":"status-publish","4":"has-post-thumbnail","6":"product_brand-uriage","7":"product_brand-vichy","8":"product_cat-tout","9":"product_cat-uriage","10":"ts_product_brand-uriage","12":"first","13":"instock","14":"sale","15":"shipping-taxable","16":"purchasable","17":"product-type-simple"},"_links":{"self":[{"href":"https:\/\/para-mirava.ma\/index.php?rest_route=\/wp\/v2\/product\/19590","targetHints":{"allow":["GET"]}}],"collection":[{"href":"https:\/\/para-mirava.ma\/index.php?rest_route=\/wp\/v2\/product"}],"about":[{"href":"https:\/\/para-mirava.ma\/index.php?rest_route=\/wp\/v2\/types\/product"}],"wp:featuredmedia":[{"embeddable":true,"href":"https:\/\/para-mirava.ma\/index.php?rest_route=\/wp\/v2\/media\/19589"}],"wp:attachment":[{"href":"https:\/\/para-mirava.ma\/index.php?rest_route=%2Fwp%2Fv2%2Fmedia&parent=19590"}],"wp:term":[{"taxonomy":"product_brand","embeddable":true,"href":"https:\/\/para-mirava.ma\/index.php?rest_route=%2Fwp%2Fv2%2Fproduct_brand&post=19590"},{"taxonomy":"product_cat","embeddable":true,"href":"https:\/\/para-mirava.ma\/index.php?rest_route=%2Fwp%2Fv2%2Fproduct_cat&post=19590"},{"taxonomy":"product_tag","embeddable":true,"href":"https:\/\/para-mirava.ma\/index.php?rest_route=%2Fwp%2Fv2%2Fproduct_tag&post=19590"}],"curies":[{"name":"wp","href":"https:\/\/api.w.org\/{rel}","templated":true}]}}