{"id":19592,"date":"2026-03-17T17:19:53","date_gmt":"2026-03-17T17:19:53","guid":{"rendered":"https:\/\/para-mirava.ma\/?product=uriage-hyseac-huile-demaquillante-purifiante-100ml-new-3"},"modified":"2026-03-17T18:45:38","modified_gmt":"2026-03-17T18:45:38","slug":"uriage-hyseac-huile-demaquillante-purifiante-100ml-new-3","status":"publish","type":"product","link":"https:\/\/para-mirava.ma\/?product=uriage-hyseac-huile-demaquillante-purifiante-100ml-new-3","title":{"rendered":"URIAGE HYSEAC HUILE DEMAQUILLANTE PURIFIANTE 100ML NEW"},"content":{"rendered":"<p>La 1\u00e8re \u00e9tape indispensable pour une peau purifi\u00e9e, douce et apais\u00e9e. Cette huile nettoie, d\u00e9maquille en douceur et lib\u00e8re la peau des impuret\u00e9s. Sans r\u00e9sidus gras, elle laisse la peau fraiche et nette. Efficacit\u00e9 prouv\u00e9e sur peaux \u00e0 tendance acn\u00e9ique.<\/p>\n<p>ON ADORE : Sa texture huile-en-lait ultra-agr\u00e9able qui laisse la peau confortable et fraiche. Facile \u00e0 rincer, sans r\u00e9sidus gras !<\/p>\n<p>NETTOIE ET PURIFIE EN DOUCEUR<br \/>\nElle associe de l&#8217;huile de nigelle, reconnue pour ses propri\u00e9t\u00e9s purifiantes, \u00e0 un d\u00e9riv\u00e9 d&#8217;acide malique k\u00e9rator\u00e9gulateur pour d\u00e9sincruster les pores et r\u00e9duire l&#8217;exc\u00e8s de s\u00e9bum.<\/p>\n<p>ELIMINE LE MAQUILLAGE<br \/>\nSa base d\u00e9maquillante douce \u00e0 l&#8217;huile de Tournesol s&#8217;utilise sur l&#8217;ensemble du visage et \u00e9limine le maquillage m\u00eame waterproof.<\/p>\n<p>REVELE L&#8217;ECLAT<br \/>\nEnrichie en d\u00e9riv\u00e9 de vitamine E antioxydante, elle illumine le teint au fil des utilisations.<\/p>\n<p>R\u00e9sultats<br \/>\n91% Peau purifi\u00e9e &#8212; Teint lumineux (1)<br \/>\n(1) Etude clinique &#8212; 23 sujets &#8212; Peaux \u00e0 tendance acn\u00e9ique &#8212; R\u00e9sultats apr\u00e8s 21 jours d&#8217;application bi-quotidienne de l&#8217;huile purifiante Hys\u00e9ac. % de satisfaction.<\/p>\n<p>Caract\u00e9ristiques<br \/>\nHuile de Tournesol<br \/>\nHuile de Nigelle<br \/>\nD\u00e9riv\u00e9 d&#8217;Acide Malique<br \/>\nD\u00e9riv\u00e9 de Vitamine E<\/p>\n<p>Conseils d&#8217;utilisation<br \/>\nD\u00e9poser 1 ou 2 pressions d&#8217;huile dans la paume des mains s\u00e8ches.<br \/>\nAppliquer d\u00e9licatement sur visage sec par mouvements circulaires.<br \/>\nAjouter un peu d&#8217;eau pour \u00e9mulsionner l&#8217;huile qui se transforme en lait doux. Disponible dans votre parapharmacie en ligne www.cotepara.ma<br \/>\nRincer abondamment.<\/p>\n","protected":false},"excerpt":{"rendered":"<p>La 1\u00e8re \u00e9tape indispensable pour une peau purifi\u00e9e, douce et apais\u00e9e. Cette huile nettoie, d\u00e9maquille en douceur et lib\u00e8re la peau des impuret\u00e9s. Sans r\u00e9sidus gras, elle laisse la peau fraiche et nette. Efficacit\u00e9 prouv\u00e9e sur peaux \u00e0 tendance acn\u00e9ique. ON ADORE : Sa texture huile-en-lait ultra-agr\u00e9able qui laisse la peau confortable et fraiche. Facile [&hellip;]<\/p>\n","protected":false},"featured_media":19591,"template":"","meta":[],"product_brand":[173,178],"product_cat":[15,137],"product_tag":[],"class_list":{"0":"post-19592","1":"product","2":"type-product","3":"status-publish","4":"has-post-thumbnail","6":"product_brand-uriage","7":"product_brand-vichy","8":"product_cat-tout","9":"product_cat-uriage","10":"ts_product_brand-uriage","12":"first","13":"instock","14":"sale","15":"shipping-taxable","16":"purchasable","17":"product-type-simple"},"_links":{"self":[{"href":"https:\/\/para-mirava.ma\/index.php?rest_route=\/wp\/v2\/product\/19592","targetHints":{"allow":["GET"]}}],"collection":[{"href":"https:\/\/para-mirava.ma\/index.php?rest_route=\/wp\/v2\/product"}],"about":[{"href":"https:\/\/para-mirava.ma\/index.php?rest_route=\/wp\/v2\/types\/product"}],"wp:featuredmedia":[{"embeddable":true,"href":"https:\/\/para-mirava.ma\/index.php?rest_route=\/wp\/v2\/media\/19591"}],"wp:attachment":[{"href":"https:\/\/para-mirava.ma\/index.php?rest_route=%2Fwp%2Fv2%2Fmedia&parent=19592"}],"wp:term":[{"taxonomy":"product_brand","embeddable":true,"href":"https:\/\/para-mirava.ma\/index.php?rest_route=%2Fwp%2Fv2%2Fproduct_brand&post=19592"},{"taxonomy":"product_cat","embeddable":true,"href":"https:\/\/para-mirava.ma\/index.php?rest_route=%2Fwp%2Fv2%2Fproduct_cat&post=19592"},{"taxonomy":"product_tag","embeddable":true,"href":"https:\/\/para-mirava.ma\/index.php?rest_route=%2Fwp%2Fv2%2Fproduct_tag&post=19592"}],"curies":[{"name":"wp","href":"https:\/\/api.w.org\/{rel}","templated":true}]}}