{"id":19594,"date":"2026-03-17T17:19:54","date_gmt":"2026-03-17T17:19:54","guid":{"rendered":"https:\/\/para-mirava.ma\/?product=uriage-hyseac-tonique-purifiant-250ml-new-3"},"modified":"2026-03-17T18:45:38","modified_gmt":"2026-03-17T18:45:38","slug":"uriage-hyseac-tonique-purifiant-250ml-new-3","status":"publish","type":"product","link":"https:\/\/para-mirava.ma\/?product=uriage-hyseac-tonique-purifiant-250ml-new-3","title":{"rendered":"URIAGE HYSEAC TONIQUE PURIFIANT 250ML NEW"},"content":{"rendered":"<p>Le geste frais pour une peau nette, visiblement lib\u00e9r\u00e9e de ses imperfections. Ce tonique purifiant resserre les pores, matifie et affine le grain de peau sans ass\u00e9cher la peau. Haute tol\u00e9rance. Efficacit\u00e9 prouv\u00e9e sur peaux \u00e0 tendance acn\u00e9ique.<\/p>\n<p>PURIFIE ET RESSERRE LES PORES<br \/>\nSa formule int\u00e8gre un Extrait V\u00e9g\u00e9tal Pore Refiner pour purifier la peau et resserrer visiblement les pores.<\/p>\n<p>AFFINE LE GRAIN DE PEAU<br \/>\nGr\u00e2ce \u00e0 un trio d&#8217;acides micro-exfoliants [Glycolique, Malique et Lactique] la peau est plus lisse et nette.<\/p>\n<p>ELIMINE LES BRILLANCES<br \/>\nSa texture eau tonifiante fraiche r\u00e9duit les brillances. La peau reste matifi\u00e9e toute la journ\u00e9e, le teint est net et frais.<\/p>\n<p>ON ADORE : Son application express ultra-fra\u00eeche combin\u00e9e \u00e0 son excellente tol\u00e9rance. Le tout dans un grand format !<\/p>\n<p>R\u00e9sultats<br \/>\n-30% \u00c9limine les brillances, -29% R\u00e9duit les imperfections* *Etude clinique sous contr\u00f4le dermatologique sur 22 sujets. Application 1 fois par jour pendant 1 mois.<\/p>\n<p>Actifs<br \/>\nComplexe d&#8217;AHA 2,9% (Lactique, Malique, Glycolique) &#8212; Extrait V\u00e9g\u00e9tal Pore Refiner &#8212; Eau Thermale d&#8217;Uriage<br \/>\nVisage &#8212; Non com\u00e9dog\u00e8ne<\/p>\n<p>Disponible dans votre parapharmacie en ligne www.cotepara.ma<\/p>\n<p>Conseils<br \/>\nS&#8217;utilise apr\u00e8s le nettoyage et avant l&#8217;application du soin quotidien : Appliquer la lotion sur un coton \u00e0 passer sur l&#8217;ensemble du visage, en insistant sur la zone T et le front. Eviter le contour des yeux. Sans rin\u00e7age. 1 fois par jour.<br \/>\nCe produit contient des AHA, utiliser un produit de protection solaire en cas d&#8217;exposition.<\/p>\n","protected":false},"excerpt":{"rendered":"<p>Le geste frais pour une peau nette, visiblement lib\u00e9r\u00e9e de ses imperfections. Ce tonique purifiant resserre les pores, matifie et affine le grain de peau sans ass\u00e9cher la peau. Haute tol\u00e9rance. Efficacit\u00e9 prouv\u00e9e sur peaux \u00e0 tendance acn\u00e9ique. PURIFIE ET RESSERRE LES PORES Sa formule int\u00e8gre un Extrait V\u00e9g\u00e9tal Pore Refiner pour purifier la peau [&hellip;]<\/p>\n","protected":false},"featured_media":19593,"template":"","meta":[],"product_brand":[173,178],"product_cat":[15,137],"product_tag":[],"class_list":{"0":"post-19594","1":"product","2":"type-product","3":"status-publish","4":"has-post-thumbnail","6":"product_brand-uriage","7":"product_brand-vichy","8":"product_cat-tout","9":"product_cat-uriage","10":"ts_product_brand-uriage","12":"first","13":"instock","14":"sale","15":"shipping-taxable","16":"purchasable","17":"product-type-simple"},"_links":{"self":[{"href":"https:\/\/para-mirava.ma\/index.php?rest_route=\/wp\/v2\/product\/19594","targetHints":{"allow":["GET"]}}],"collection":[{"href":"https:\/\/para-mirava.ma\/index.php?rest_route=\/wp\/v2\/product"}],"about":[{"href":"https:\/\/para-mirava.ma\/index.php?rest_route=\/wp\/v2\/types\/product"}],"wp:featuredmedia":[{"embeddable":true,"href":"https:\/\/para-mirava.ma\/index.php?rest_route=\/wp\/v2\/media\/19593"}],"wp:attachment":[{"href":"https:\/\/para-mirava.ma\/index.php?rest_route=%2Fwp%2Fv2%2Fmedia&parent=19594"}],"wp:term":[{"taxonomy":"product_brand","embeddable":true,"href":"https:\/\/para-mirava.ma\/index.php?rest_route=%2Fwp%2Fv2%2Fproduct_brand&post=19594"},{"taxonomy":"product_cat","embeddable":true,"href":"https:\/\/para-mirava.ma\/index.php?rest_route=%2Fwp%2Fv2%2Fproduct_cat&post=19594"},{"taxonomy":"product_tag","embeddable":true,"href":"https:\/\/para-mirava.ma\/index.php?rest_route=%2Fwp%2Fv2%2Fproduct_tag&post=19594"}],"curies":[{"name":"wp","href":"https:\/\/api.w.org\/{rel}","templated":true}]}}