{"id":19596,"date":"2026-03-17T17:19:55","date_gmt":"2026-03-17T17:19:55","guid":{"rendered":"https:\/\/para-mirava.ma\/?product=uriage-bariesun-lait-enfants-spf50-100ml-new-3"},"modified":"2026-03-17T18:45:38","modified_gmt":"2026-03-17T18:45:38","slug":"uriage-bariesun-lait-enfants-spf50-100ml-new-3","status":"publish","type":"product","link":"https:\/\/para-mirava.ma\/?product=uriage-bariesun-lait-enfants-spf50-100ml-new-3","title":{"rendered":"URIAGE BARIESUN LAIT ENFANTS SPF50+ 100ML NEW"},"content":{"rendered":"<p>Bari\u00e9sun combine un complexe filtrant tr\u00e8s performant et deux brevets dermatologiques pour prot\u00e9ger la peau et pr\u00e9venir les dommages cellulaires induits par les UVA, UVB et la lumi\u00e8re bleue.<\/p>\n<p>Ce lait tr\u00e8s haute protection \u00e0 la texture l\u00e9g\u00e8re et r\u00e9sistante \u00e0 l&#8217;eau garantit un fini invisible et un plaisir d&#8217;utilisation renouvel\u00e9 \u00e0 chaque application. Ce soin d\u00e9montre une haute s\u00e9curit\u00e9, une haute tol\u00e9rance et une absorption rapide.<\/p>\n<p>Assure une tr\u00e8s haute protection<br \/>\nLa technologie Skin Shield d\u00e9velopp\u00e9e par nos laboratoires et le brevet [TELOMERES PROTECT] pr\u00e9vient les dommages cellulaires et offre une large protection UVB-UVA- lumi\u00e8re bleue<\/p>\n<p>Optimise la photoprotection<br \/>\nLe brevet [BARIESUN] forme un film protecteur sur la peau aidant \u00e0 limiter la p\u00e9n\u00e9tration des filtres UV \u00e0 la surface de l&#8217;\u00e9piderme et optimisant ainsi la photoprotection<\/p>\n<p>Hydrate intens\u00e9ment<br \/>\nEnrichi en Eau Thermale d&#8217;Uriage et en Aquaspongines, ce lait prot\u00e8ge du dess\u00e8chement cutan\u00e9e et hydrate en profondeur la peau sensible de l&#8217;enfant<\/p>\n<p>D\u00c9MARCHE \u00c9CO-RESPONSABLE :<br \/>\n\u2022 Un engagement pour la plan\u00e8te :<br \/>\nDes \u00e9tudes in vivo in\u00e9dites directement sur la barri\u00e8re de corail, ainsi que des \u00e9tudes sur le plancton marin ont \u00e9t\u00e9 men\u00e9es en partenariat avec des Unit\u00e9s de Recherche en France et en Nouvelle Cal\u00e9donie afin de v\u00e9rifier l&#8217;innocuit\u00e9 des produits Bari\u00e9sun dans les oc\u00e9ans. Bari\u00e9sun respecte les coraux et les oc\u00e9ans.<\/p>\n<p>Les Laboratoires Dermatologiques D&#8217;Uriage sont \u00e9galement membre 1% pour la plan\u00e8te, un engagement \u00e9thique pour soutenir les ONG \u0153uvrant pour l&#8217;environnement en reversant 1% des b\u00e9n\u00e9fices Bari\u00e9sun dans le monde.<\/p>\n<p>\u2022 Packaging \u00e9co-con\u00e7u :<br \/>\n&#8212; Tube fabriqu\u00e9 \u00e0 partir de plastique recycl\u00e9 : -10% de plastique vierge<br \/>\n&#8212; Capsule affin\u00e9e : -9% de plastique<br \/>\n&#8212; Etui recyclable en carton issu de forets durables<\/p>\n<p>Disponible dans votre parapharmacie en ligne www.cotepara.ma<\/p>\n<p>R\u00e9sultats<br \/>\n100%*<br \/>\nPeau nourrie, souple et douce<br \/>\nAbsorption rapide : 100%*<br \/>\nFini invisible : 91%*<\/p>\n<p>*Etude clinique sous contr\u00f4le dermatologique, 21 jours, 22 sujets adultes. Auto-\u00e9valuation<\/p>\n<p>Actifs<\/p>\n","protected":false},"excerpt":{"rendered":"<p>Bari\u00e9sun combine un complexe filtrant tr\u00e8s performant et deux brevets dermatologiques pour prot\u00e9ger la peau et pr\u00e9venir les dommages cellulaires induits par les UVA, UVB et la lumi\u00e8re bleue. Ce lait tr\u00e8s haute protection \u00e0 la texture l\u00e9g\u00e8re et r\u00e9sistante \u00e0 l&#8217;eau garantit un fini invisible et un plaisir d&#8217;utilisation renouvel\u00e9 \u00e0 chaque application. Ce [&hellip;]<\/p>\n","protected":false},"featured_media":19595,"template":"","meta":[],"product_brand":[173,178],"product_cat":[15,137],"product_tag":[],"class_list":{"0":"post-19596","1":"product","2":"type-product","3":"status-publish","4":"has-post-thumbnail","6":"product_brand-uriage","7":"product_brand-vichy","8":"product_cat-tout","9":"product_cat-uriage","10":"ts_product_brand-uriage","12":"first","13":"instock","14":"sale","15":"shipping-taxable","16":"purchasable","17":"product-type-simple"},"_links":{"self":[{"href":"https:\/\/para-mirava.ma\/index.php?rest_route=\/wp\/v2\/product\/19596","targetHints":{"allow":["GET"]}}],"collection":[{"href":"https:\/\/para-mirava.ma\/index.php?rest_route=\/wp\/v2\/product"}],"about":[{"href":"https:\/\/para-mirava.ma\/index.php?rest_route=\/wp\/v2\/types\/product"}],"wp:featuredmedia":[{"embeddable":true,"href":"https:\/\/para-mirava.ma\/index.php?rest_route=\/wp\/v2\/media\/19595"}],"wp:attachment":[{"href":"https:\/\/para-mirava.ma\/index.php?rest_route=%2Fwp%2Fv2%2Fmedia&parent=19596"}],"wp:term":[{"taxonomy":"product_brand","embeddable":true,"href":"https:\/\/para-mirava.ma\/index.php?rest_route=%2Fwp%2Fv2%2Fproduct_brand&post=19596"},{"taxonomy":"product_cat","embeddable":true,"href":"https:\/\/para-mirava.ma\/index.php?rest_route=%2Fwp%2Fv2%2Fproduct_cat&post=19596"},{"taxonomy":"product_tag","embeddable":true,"href":"https:\/\/para-mirava.ma\/index.php?rest_route=%2Fwp%2Fv2%2Fproduct_tag&post=19596"}],"curies":[{"name":"wp","href":"https:\/\/api.w.org\/{rel}","templated":true}]}}