{"id":19600,"date":"2026-03-17T17:19:57","date_gmt":"2026-03-17T17:19:57","guid":{"rendered":"https:\/\/para-mirava.ma\/?product=uriage-bariesun-spray-spf-50-200ml-new-3"},"modified":"2026-03-17T18:45:37","modified_gmt":"2026-03-17T18:45:37","slug":"uriage-bariesun-spray-spf-50-200ml-new-3","status":"publish","type":"product","link":"https:\/\/para-mirava.ma\/?product=uriage-bariesun-spray-spf-50-200ml-new-3","title":{"rendered":"URIAGE BARIESUN SPRAY SPF 50+ 200ML NEW"},"content":{"rendered":"<p>Gr\u00e2ce \u00e0 un complexe filtrant tr\u00e8s performant, ce spray apporte une tr\u00e8s haute protection contre les UVA, les UVB et pr\u00e9vient du dess\u00e8chement cutan\u00e9. Sa texture l\u00e9g\u00e8re, non grasse et agr\u00e9ablement parfum\u00e9e garantit un plaisir d&#8217;utilisation renouvel\u00e9 \u00e0 chaque application. Ce soin garantit une haute s\u00e9curit\u00e9, une grande tol\u00e9rance et une p\u00e9n\u00e9tration rapide.<\/p>\n<p>Prot\u00e8ge contre les UV<br \/>\nSon complexe de filtres assure une tr\u00e8s haute protection contre les UV. Ce soin garantit une photostabilit\u00e9 prouv\u00e9e et une large couverture UVB-UVA.<\/p>\n<p>Pr\u00e9vient du dess\u00e8chement cutan\u00e9<br \/>\nEnrichi en Aquaspongines et en Eau Thermale d&#8217;Uriage, le spray assure une protection intense contre le dess\u00e8chement.<\/p>\n<p>R\u00e9sultats<br \/>\n100% texture plaisir !<\/p>\n<p>Disponible dans votre parapharmacie en ligne www.cotepara.ma<\/p>\n<p>Actifs<br \/>\nEau Thermale d&#8217;Uriage Complexe filtrant anti UVA-UVB Vitamines C et E Aquaspongines Parfum<\/p>\n<p>Test\u00e9 sous contr\u00f4le dermatologique Non com\u00e9dog\u00e8ne<\/p>\n<p>Conseils<br \/>\nAvant l&#8217;exposition, appliquer une dose g\u00e9n\u00e9reuse et homog\u00e8ne pour bien couvrir la zone expos\u00e9e au soleil. Renouveler l&#8217;application fr\u00e9quemment, surtout apr\u00e8s avoir transpir\u00e9, nag\u00e9 ou s&#8217;\u00eatre essuy\u00e9. M\u00eame bien prot\u00e9g\u00e9, r\u00e9duire au maximum l&#8217;exposition.<\/p>\n","protected":false},"excerpt":{"rendered":"<p>Gr\u00e2ce \u00e0 un complexe filtrant tr\u00e8s performant, ce spray apporte une tr\u00e8s haute protection contre les UVA, les UVB et pr\u00e9vient du dess\u00e8chement cutan\u00e9. Sa texture l\u00e9g\u00e8re, non grasse et agr\u00e9ablement parfum\u00e9e garantit un plaisir d&#8217;utilisation renouvel\u00e9 \u00e0 chaque application. Ce soin garantit une haute s\u00e9curit\u00e9, une grande tol\u00e9rance et une p\u00e9n\u00e9tration rapide. Prot\u00e8ge contre [&hellip;]<\/p>\n","protected":false},"featured_media":19599,"template":"","meta":[],"product_brand":[173,178],"product_cat":[15,137],"product_tag":[],"class_list":{"0":"post-19600","1":"product","2":"type-product","3":"status-publish","4":"has-post-thumbnail","6":"product_brand-uriage","7":"product_brand-vichy","8":"product_cat-tout","9":"product_cat-uriage","10":"ts_product_brand-uriage","12":"first","13":"instock","14":"sale","15":"shipping-taxable","16":"purchasable","17":"product-type-simple"},"_links":{"self":[{"href":"https:\/\/para-mirava.ma\/index.php?rest_route=\/wp\/v2\/product\/19600","targetHints":{"allow":["GET"]}}],"collection":[{"href":"https:\/\/para-mirava.ma\/index.php?rest_route=\/wp\/v2\/product"}],"about":[{"href":"https:\/\/para-mirava.ma\/index.php?rest_route=\/wp\/v2\/types\/product"}],"wp:featuredmedia":[{"embeddable":true,"href":"https:\/\/para-mirava.ma\/index.php?rest_route=\/wp\/v2\/media\/19599"}],"wp:attachment":[{"href":"https:\/\/para-mirava.ma\/index.php?rest_route=%2Fwp%2Fv2%2Fmedia&parent=19600"}],"wp:term":[{"taxonomy":"product_brand","embeddable":true,"href":"https:\/\/para-mirava.ma\/index.php?rest_route=%2Fwp%2Fv2%2Fproduct_brand&post=19600"},{"taxonomy":"product_cat","embeddable":true,"href":"https:\/\/para-mirava.ma\/index.php?rest_route=%2Fwp%2Fv2%2Fproduct_cat&post=19600"},{"taxonomy":"product_tag","embeddable":true,"href":"https:\/\/para-mirava.ma\/index.php?rest_route=%2Fwp%2Fv2%2Fproduct_tag&post=19600"}],"curies":[{"name":"wp","href":"https:\/\/api.w.org\/{rel}","templated":true}]}}