{"id":19602,"date":"2026-03-17T17:19:58","date_gmt":"2026-03-17T17:19:58","guid":{"rendered":"https:\/\/para-mirava.ma\/?product=uriage-tolederm-control-soin-yeux-15ml-3"},"modified":"2026-03-17T18:45:37","modified_gmt":"2026-03-17T18:45:37","slug":"uriage-tolederm-control-soin-yeux-15ml-3","status":"publish","type":"product","link":"https:\/\/para-mirava.ma\/?product=uriage-tolederm-control-soin-yeux-15ml-3","title":{"rendered":"URIAGE TOLEDERM CONTROL SOIN YEUX 15ML"},"content":{"rendered":"<p>Dot\u00e9 d&#8217;une formule minimaliste et d&#8217;une texture fra\u00eeche et l\u00e9g\u00e8re, Tol\u00e9derm CONTROL SOIN YEUX FRAIS APAISANT apaise instantan\u00e9ment, hydrate, prot\u00e8ge et offre un confort durable aux contours des yeux sensibles des peaux intol\u00e9rantes, hyper-r\u00e9actives et allergiques.<\/p>\n<p>Gr\u00e2ce \u00e0 sa formule aux 3 ingr\u00e9dients actifs d&#8217;origine naturelle [Eau Thermale d&#8217;Uriage + Squalane V\u00e9g\u00e9tal + Polyuronides d&#8217;Algues], ce soin renforce la barri\u00e8re de la peau et augmente son seuil de tol\u00e9rance pour aider \u00e0 contr\u00f4ler les sensations d&#8217;irritations, de picotements, d&#8217;\u00e9chauffements et\/ou de tiraillements.<\/p>\n<p>CONTR\u00d4LE LA R\u00c9ACTIVIT\u00c9 DE LA PEAU<br \/>\nLe trio d&#8217;actifs d&#8217;origine naturelle limite en surface la p\u00e9n\u00e9tration de stimuli aggravants la sensibilit\u00e9 cutan\u00e9e. L&#8217;Eau Thermale d&#8217;Uriage contr\u00f4le 3 neuro-r\u00e9cepteurs impliqu\u00e9s dans les m\u00e9canismes de sensibilit\u00e9 cutan\u00e9e pour augmenter le seuil de tol\u00e9rance.*<\/p>\n<p>*<< stinging test >> sous contr\u00f4le dermatologique chez 15 volontaires adultes \u00e0 peau sensible hyper-r\u00e9active ayant utilis\u00e9 Tol\u00e9derm Control Soin Apaisant Riche : diminution du seuil d&#8217;irritabilit\u00e9 cutan\u00e9e<\/p>\n<p>Disponible dans votre parapharmacie en ligne www.cotepara.ma<\/p>\n<p>CALME IMM\u00c9DIATEMENT LES SENSATIONS D&#8217;INCONFORT<br \/>\nLes Polyuronides d&#8217;Algues anti-irritants associ\u00e9s \u00e0 l&#8217;Eau thermale d&#8217;Uriage naturellement apaisante, calment imm\u00e9diatement et durablement les sensations d&#8217;inconfort.<\/p>\n<p>ACTION POCHES ET CERNES<br \/>\nSa formule fra\u00eeche enrichie en nacres correctrices estompe les cernes et diminue les poches sous les yeux.<\/p>\n","protected":false},"excerpt":{"rendered":"<p>Dot\u00e9 d&#8217;une formule minimaliste et d&#8217;une texture fra\u00eeche et l\u00e9g\u00e8re, Tol\u00e9derm CONTROL SOIN YEUX FRAIS APAISANT apaise instantan\u00e9ment, hydrate, prot\u00e8ge et offre un confort durable aux contours des yeux sensibles des peaux intol\u00e9rantes, hyper-r\u00e9actives et allergiques. Gr\u00e2ce \u00e0 sa formule aux 3 ingr\u00e9dients actifs d&#8217;origine naturelle [Eau Thermale d&#8217;Uriage + Squalane V\u00e9g\u00e9tal + Polyuronides d&#8217;Algues], [&hellip;]<\/p>\n","protected":false},"featured_media":19601,"template":"","meta":[],"product_brand":[173,178],"product_cat":[15,137],"product_tag":[],"class_list":{"0":"post-19602","1":"product","2":"type-product","3":"status-publish","4":"has-post-thumbnail","6":"product_brand-uriage","7":"product_brand-vichy","8":"product_cat-tout","9":"product_cat-uriage","10":"ts_product_brand-uriage","12":"first","13":"instock","14":"sale","15":"shipping-taxable","16":"purchasable","17":"product-type-simple"},"_links":{"self":[{"href":"https:\/\/para-mirava.ma\/index.php?rest_route=\/wp\/v2\/product\/19602","targetHints":{"allow":["GET"]}}],"collection":[{"href":"https:\/\/para-mirava.ma\/index.php?rest_route=\/wp\/v2\/product"}],"about":[{"href":"https:\/\/para-mirava.ma\/index.php?rest_route=\/wp\/v2\/types\/product"}],"wp:featuredmedia":[{"embeddable":true,"href":"https:\/\/para-mirava.ma\/index.php?rest_route=\/wp\/v2\/media\/19601"}],"wp:attachment":[{"href":"https:\/\/para-mirava.ma\/index.php?rest_route=%2Fwp%2Fv2%2Fmedia&parent=19602"}],"wp:term":[{"taxonomy":"product_brand","embeddable":true,"href":"https:\/\/para-mirava.ma\/index.php?rest_route=%2Fwp%2Fv2%2Fproduct_brand&post=19602"},{"taxonomy":"product_cat","embeddable":true,"href":"https:\/\/para-mirava.ma\/index.php?rest_route=%2Fwp%2Fv2%2Fproduct_cat&post=19602"},{"taxonomy":"product_tag","embeddable":true,"href":"https:\/\/para-mirava.ma\/index.php?rest_route=%2Fwp%2Fv2%2Fproduct_tag&post=19602"}],"curies":[{"name":"wp","href":"https:\/\/api.w.org\/{rel}","templated":true}]}}