{"id":19604,"date":"2026-03-17T17:19:59","date_gmt":"2026-03-17T17:19:59","guid":{"rendered":"https:\/\/para-mirava.ma\/?product=uriage-roseliane-cc-creme-spf50-teinte-claire-40ml-3"},"modified":"2026-03-17T18:45:37","modified_gmt":"2026-03-17T18:45:37","slug":"uriage-roseliane-cc-creme-spf50-teinte-claire-40ml-3","status":"publish","type":"product","link":"https:\/\/para-mirava.ma\/?product=uriage-roseliane-cc-creme-spf50-teinte-claire-40ml-3","title":{"rendered":"URIAGE ROSELIANE CC CREME SPF50+ TEINTE CLAIRE 40ML"},"content":{"rendered":"<p>Sp\u00e9cialement con\u00e7ue pour les peaux sensibles \u00e0 rougeurs, Ros\u00e9liane CC CREAM SPF50+ est la 1\u00e8re cr\u00e8me qui allie la tr\u00e8s haute protection d&#8217;un soin et la couvrance d&#8217;un maquillage. Elle camoufle les rougeurs, unifie le teint et l&#8217;illumine tout en apportant une tr\u00e8s haute protection solaire contre les UVA et UVB. Dot\u00e9e d&#8217;une association exclusive d&#8217;actifs brevet\u00e9s, elle hydrate, apaise durablement les sensations d&#8217;\u00e9chauffement et restaure la barri\u00e8re cutan\u00e9e pour mieux prot\u00e9ger la peau des agressions ext\u00e9rieures.<\/p>\n<p>APAISE, RESTAURE ET HYDRATE DURABLEMENT<br \/>\nRiche en Eau Thermale d&#8217;Uriage aux propri\u00e9t\u00e9s hydratantes et apaisantes associ\u00e9e \u00e0 notre complexe brevet\u00e9 C\u00e9rast\u00e9rol-2F compos\u00e9 de C\u00e9ramides, cette cr\u00e8me renforce la barri\u00e8re cutan\u00e9e, r\u00e9gule la barri\u00e8re immune et apporte un confort imm\u00e9diat et durable \u00e0 la peau.<\/p>\n<p>PROT\u00c8GE DES UVA\/UVB<br \/>\nSon complexe de filtres assure une large couverture UVB-UVA et aide \u00e0 pr\u00e9venir les rougeurs.<\/p>\n<p>CAMOUFLE LES ROUGEURS ET UNIFIE LE TEINT<br \/>\nLe complexe brevet\u00e9 TLR2-Regul agit en synergie avec les extraits de ginseng et d&#8217;algues rouges pour apaiser et att\u00e9nuer les rougeurs. Ses pigments clairs couvrants riches en min\u00e9raux corrigent instantan\u00e9ment rougeurs, teints ternes ou irr\u00e9guliers.<\/p>\n<p>R\u00e9sultats<br \/>\n94% DE SATISFACTION*<br \/>\nMASQUE LES ROUGEURS IMM\u00c9DIATEMENT<br \/>\nREDUCTION DES ROUGEURS : 93% DE SATISFACTION*<br \/>\nDIVISE PAR 2 LES SENSATIONS D&#8217;INCONFORT IMM\u00c9DIATEMENT : -55%**<\/p>\n<p>*Test d&#8217;usage sous contr\u00f4le dermatologique sur peaux sensibles \u00e0 rougeurs &#8212; 1 application par jour pendant 28 jours &#8212; 30 sujets<\/p>\n<p>**Test d&#8217;usage sous contr\u00f4le dermatologique sur peaux sensibles \u00e0 rougeurs &#8212; 1 application par jour pendant 28 jours &#8212; 30 sujets &#8212; autoscorage par le sujet<\/p>\n<p>Actifs<br \/>\nEau Thermale d&#8217;Uriage &#8212; Cerasterol 2F &#8212; Complexe TLR2-REGUL &#8212; Extrait de ginseng et d&#8217;algues rouges &#8212; Pigments couvrants &#8212; Filtres UV<\/p>\n<p>Disponible dans votre parapharmacie en ligne www.cotepara.ma<\/p>\n<p>Non com\u00e9dog\u00e8ne &#8212; Test\u00e9 sous contr\u00f4le dermatologique &#8212; Texture fondante non grasse &#8212; Teinte claire &#8212; Application rapide.<\/p>\n<p>Conseils<br \/>\nAppliquer le matin sur le visage. Le soir, appliquer la CR\u00c8ME ANTI-ROUGEURS Ros\u00e9liane. \u00c9viter le contact avec les yeux.<\/p>\n","protected":false},"excerpt":{"rendered":"<p>Sp\u00e9cialement con\u00e7ue pour les peaux sensibles \u00e0 rougeurs, Ros\u00e9liane CC CREAM SPF50+ est la 1\u00e8re cr\u00e8me qui allie la tr\u00e8s haute protection d&#8217;un soin et la couvrance d&#8217;un maquillage. Elle camoufle les rougeurs, unifie le teint et l&#8217;illumine tout en apportant une tr\u00e8s haute protection solaire contre les UVA et UVB. Dot\u00e9e d&#8217;une association exclusive [&hellip;]<\/p>\n","protected":false},"featured_media":19603,"template":"","meta":[],"product_brand":[173,178],"product_cat":[15,137],"product_tag":[],"class_list":{"0":"post-19604","1":"product","2":"type-product","3":"status-publish","4":"has-post-thumbnail","6":"product_brand-uriage","7":"product_brand-vichy","8":"product_cat-tout","9":"product_cat-uriage","10":"ts_product_brand-uriage","12":"first","13":"instock","14":"sale","15":"shipping-taxable","16":"purchasable","17":"product-type-simple"},"_links":{"self":[{"href":"https:\/\/para-mirava.ma\/index.php?rest_route=\/wp\/v2\/product\/19604","targetHints":{"allow":["GET"]}}],"collection":[{"href":"https:\/\/para-mirava.ma\/index.php?rest_route=\/wp\/v2\/product"}],"about":[{"href":"https:\/\/para-mirava.ma\/index.php?rest_route=\/wp\/v2\/types\/product"}],"wp:featuredmedia":[{"embeddable":true,"href":"https:\/\/para-mirava.ma\/index.php?rest_route=\/wp\/v2\/media\/19603"}],"wp:attachment":[{"href":"https:\/\/para-mirava.ma\/index.php?rest_route=%2Fwp%2Fv2%2Fmedia&parent=19604"}],"wp:term":[{"taxonomy":"product_brand","embeddable":true,"href":"https:\/\/para-mirava.ma\/index.php?rest_route=%2Fwp%2Fv2%2Fproduct_brand&post=19604"},{"taxonomy":"product_cat","embeddable":true,"href":"https:\/\/para-mirava.ma\/index.php?rest_route=%2Fwp%2Fv2%2Fproduct_cat&post=19604"},{"taxonomy":"product_tag","embeddable":true,"href":"https:\/\/para-mirava.ma\/index.php?rest_route=%2Fwp%2Fv2%2Fproduct_tag&post=19604"}],"curies":[{"name":"wp","href":"https:\/\/api.w.org\/{rel}","templated":true}]}}