{"id":19606,"date":"2026-03-17T17:20:00","date_gmt":"2026-03-17T17:20:00","guid":{"rendered":"https:\/\/para-mirava.ma\/?product=uriage-creme-lavante-1l-3"},"modified":"2026-03-17T18:45:37","modified_gmt":"2026-03-17T18:45:37","slug":"uriage-creme-lavante-1l-3","status":"publish","type":"product","link":"https:\/\/para-mirava.ma\/?product=uriage-creme-lavante-1l-3","title":{"rendered":"URIAGE CREME LAVANTE 1L"},"content":{"rendered":"<p>Tr\u00e8s agr\u00e9ablement parfum\u00e9, ce soin 2 en 1 nettoyant et nourrissant laisse la peau parfaitement propre, douce et hydrat\u00e9e.<\/p>\n<p>ON ADORE : sa texture ultra-onctueuse et enrobante et son nouveau parfum encore plus cocooning !<\/p>\n<p>NETTOIE<br \/>\nAvec sa base lavante sans savon \u00e0 pH physiologique, elle \u00e9limine toutes les impuret\u00e9s en douceur.<\/p>\n<p>NOURRIT<br \/>\nGr\u00e2ce \u00e0 un complexe ol\u00e9o-nutritif [Beurre de karit\u00e9 + Huile de Meadowfoam + Huile de Tournesol] elle pr\u00e9serve le film hydrolipidique de la peau et laisse la peau hydrat\u00e9e, douce et souple.<\/p>\n<p>PROTEGE<br \/>\nA l&#8217;Eau Thermale d&#8217;Uriage aux propri\u00e9t\u00e9s hydratantes et protectrices, elle pr\u00e9serve le film hydrolipidique de la peau.<\/p>\n<p>R\u00e9sultats<br \/>\n94% D&#8217;HYDRATATION IMMEDIATE<br \/>\n* Test d&#8217;usage sous contr\u00f4le dermatologique sur peaux sensibles &#8212; 1 application\/jour pendant 21 jours &#8212; 17 sujets &#8212; pourcentage de satisfaction &#8212; panel adultes<\/p>\n<p>Caract\u00e9ristiques<br \/>\nFORMULE D&#8217;ORIGINE NATURELLE<br \/>\n92% d&#8217;ingr\u00e9dients d&#8217;origine naturelle<br \/>\nFormule biod\u00e9gradable : OCDE301F\/OECD301F<br \/>\nEau Thermale d&#8217;Uriage<br \/>\nComplexe ol\u00e9o-nutritif [Beurre de karit\u00e9, Huile de Meadowfoam, Huile de Tournesol]<br \/>\nPas de savon<br \/>\nTest\u00e9 dermatologiquement et ophtalmologiquement.<\/p>\n<p>FORMULE SENSORIELLE<br \/>\nTexture ultra-onctueuse<br \/>\nNouveau parfum cocooning<br \/>\nDisponible dans votre parapharmacie en ligne www.cotepara.ma<\/p>\n<p>FORMULE EFFICACE :<br \/>\nFini peau douce, laisse la peau hydrat\u00e9e<\/p>\n<p>Conseils d&#8217;utilisation<br \/>\nSur peau mouill\u00e9e, appliquer et bien faire mousser puis rincer.<br \/>\nUsage quotidien.<\/p>\n","protected":false},"excerpt":{"rendered":"<p>Tr\u00e8s agr\u00e9ablement parfum\u00e9, ce soin 2 en 1 nettoyant et nourrissant laisse la peau parfaitement propre, douce et hydrat\u00e9e. ON ADORE : sa texture ultra-onctueuse et enrobante et son nouveau parfum encore plus cocooning ! NETTOIE Avec sa base lavante sans savon \u00e0 pH physiologique, elle \u00e9limine toutes les impuret\u00e9s en douceur. NOURRIT Gr\u00e2ce \u00e0 [&hellip;]<\/p>\n","protected":false},"featured_media":19605,"template":"","meta":[],"product_brand":[173,178],"product_cat":[15,137],"product_tag":[],"class_list":{"0":"post-19606","1":"product","2":"type-product","3":"status-publish","4":"has-post-thumbnail","6":"product_brand-uriage","7":"product_brand-vichy","8":"product_cat-tout","9":"product_cat-uriage","10":"ts_product_brand-uriage","12":"first","13":"instock","14":"sale","15":"shipping-taxable","16":"purchasable","17":"product-type-simple"},"_links":{"self":[{"href":"https:\/\/para-mirava.ma\/index.php?rest_route=\/wp\/v2\/product\/19606","targetHints":{"allow":["GET"]}}],"collection":[{"href":"https:\/\/para-mirava.ma\/index.php?rest_route=\/wp\/v2\/product"}],"about":[{"href":"https:\/\/para-mirava.ma\/index.php?rest_route=\/wp\/v2\/types\/product"}],"wp:featuredmedia":[{"embeddable":true,"href":"https:\/\/para-mirava.ma\/index.php?rest_route=\/wp\/v2\/media\/19605"}],"wp:attachment":[{"href":"https:\/\/para-mirava.ma\/index.php?rest_route=%2Fwp%2Fv2%2Fmedia&parent=19606"}],"wp:term":[{"taxonomy":"product_brand","embeddable":true,"href":"https:\/\/para-mirava.ma\/index.php?rest_route=%2Fwp%2Fv2%2Fproduct_brand&post=19606"},{"taxonomy":"product_cat","embeddable":true,"href":"https:\/\/para-mirava.ma\/index.php?rest_route=%2Fwp%2Fv2%2Fproduct_cat&post=19606"},{"taxonomy":"product_tag","embeddable":true,"href":"https:\/\/para-mirava.ma\/index.php?rest_route=%2Fwp%2Fv2%2Fproduct_tag&post=19606"}],"curies":[{"name":"wp","href":"https:\/\/api.w.org\/{rel}","templated":true}]}}