{"id":19614,"date":"2026-03-17T17:20:04","date_gmt":"2026-03-17T17:20:04","guid":{"rendered":"https:\/\/para-mirava.ma\/?product=uriage-bariesun-creme-claire-spf50-50ml-3"},"modified":"2026-03-17T18:45:37","modified_gmt":"2026-03-17T18:45:37","slug":"uriage-bariesun-creme-claire-spf50-50ml-3","status":"publish","type":"product","link":"https:\/\/para-mirava.ma\/?product=uriage-bariesun-creme-claire-spf50-50ml-3","title":{"rendered":"URIAGE BARIESUN CREME CLAIRE SPF50+ 50ML"},"content":{"rendered":"<p>Bari\u00e9sun combine un complexe filtrant tr\u00e8s performant et deux brevets dermatologiques pour prot\u00e9ger la peau, pr\u00e9venir les dommages cellulaires et le photo-vieillissement induits par les UVA, UVB et la lumi\u00e8re bleue.<\/p>\n<p>Sa formule tr\u00e8s haute protection, fondante et non-grasse unifie naturellement le teint et apporte un effet bonne mine imm\u00e9diat. Texture toucher sec nouvelle g\u00e9n\u00e9ration : absorption imm\u00e9diate et effet anti-brillance assur\u00e9s !<\/p>\n<p>Pr\u00e9vient les dommages cellulaires et le photo-vieillissement<br \/>\nLa technologie Skin Shield d\u00e9velopp\u00e9e par nos laboratoires combine l&#8217;Eau Thermale d&#8217;Uriage, actif unique qui aide \u00e0 prot\u00e9ger l&#8217;ADN et le brevet TELOMERES PROTECT qui pr\u00e9vient les dommages cellulaires et le photo-vieillissement dus aux UV et \u00e0 la lumi\u00e8re bleue.<\/p>\n<p>Optimise la photoprotection<br \/>\nLe brevet BARIESUN forme un film protecteur sur la peau aidant \u00e0 limiter la p\u00e9n\u00e9tration des filtres UV \u00e0 la surface de l&#8217;\u00e9piderme et optimisant ainsi la photoprotection.<\/p>\n<p>Embellit le teint<br \/>\nSes pigments teint\u00e9s unifient naturellement le teint, tout en apportant une couvrance optimale.<\/p>\n<p>La cr\u00e8me assure une protection intense contre le dess\u00e8chement et poss\u00e8de une action antioxydante.<\/p>\n<p>D\u00c9MARCHE \u00c9CO-RESPONSABLE :<br \/>\n\u2022 Un engagement pour la plan\u00e8te :<br \/>\nDes \u00e9tudes in vivo in\u00e9dites directement sur la barri\u00e8re de corail, ainsi que des \u00e9tudes sur le plancton marin ont \u00e9t\u00e9 men\u00e9es en partenariat avec des Unit\u00e9s de Recherche en France et en Nouvelle Cal\u00e9donie afin de v\u00e9rifier l&#8217;innocuit\u00e9 des produits Bari\u00e9sun dans les oc\u00e9ans. Bari\u00e9sun respecte les coraux et les oc\u00e9ans.<br \/>\nLes Laboratoires Dermatologiques D&#8217;Uriage sont \u00e9galement membre 1% pour la plan\u00e8te, un engagement \u00e9thique pour soutenir les ONG \u0153uvrant pour l&#8217;environnement en reversant 1% des b\u00e9n\u00e9fices Bari\u00e9sun dans le monde.<\/p>\n<p>\u2022 Packaging \u00e9co-con\u00e7u :<br \/>\n&#8212; Tube fabriqu\u00e9 \u00e0 partir de plastique recycl\u00e9 : -10% de plastique vierge<br \/>\n&#8212; Capsule affin\u00e9e : -9% de plastique<br \/>\n&#8212; Etui recyclable en carton issu de forets durables<\/p>\n<p>R\u00e9sultats<br \/>\n+52% d&#8217;hydratation en 30min *<br \/>\nTeint lumineux : 91% **<br \/>\nTeint unifi\u00e9 : 100% **<\/p>\n<p>*Mesure instrumentale 30 minutes apr\u00e8s application unique sur 10 volontaires<br \/>\n** Etude clinique sous contr\u00f4le dermatologique, 21 jours, 22 sujets adultes. Auto-\u00e9valuation<\/p>\n<p>Actifs<br \/>\nComplexe filtrant anti UVA-UVB-lumi\u00e8re bleue &#8212; BREVET BARIESUN &#8212; BREVET TELOMERES PROTECT &#8212; Eau Thermale d&#8217;Uriage &#8212; Vitamine E &#8212; Aquaspongines<\/p>\n<p>Haute couvrance &#8212; Non com\u00e9dog\u00e8ne &#8212; Test\u00e9 sous contr\u00f4le dermatologique<\/p>\n<p>Disponible dans votre parapharmacie en ligne www.cotepara.ma<\/p>\n<p>Conseils<br \/>\n\u2022 Appliquer une dose suffisante de produit avant l&#8217;exposition, par exemple l&#8217;\u00e9quivalent d&#8217;une cuill\u00e8re \u00e0 caf\u00e9 pour le visage et le cou. La r\u00e9duction de cette quantit\u00e9 diminue le niveau de protection.<br \/>\n\u2022 Renouveler fr\u00e9quemment l&#8217;application, surtout apr\u00e8s avoir transpir\u00e9, nag\u00e9 ou s&#8217;\u00eatre essuy\u00e9.<br \/>\n\u2022 M\u00eame bien prot\u00e9g\u00e9, r\u00e9duire au maximum l&#8217;exposition.<br \/>\n\u2022 Ne pas exposer les b\u00e9b\u00e9s et les jeunes enfants directement au soleil.<\/p>\n","protected":false},"excerpt":{"rendered":"<p>Bari\u00e9sun combine un complexe filtrant tr\u00e8s performant et deux brevets dermatologiques pour prot\u00e9ger la peau, pr\u00e9venir les dommages cellulaires et le photo-vieillissement induits par les UVA, UVB et la lumi\u00e8re bleue. Sa formule tr\u00e8s haute protection, fondante et non-grasse unifie naturellement le teint et apporte un effet bonne mine imm\u00e9diat. Texture toucher sec nouvelle g\u00e9n\u00e9ration [&hellip;]<\/p>\n","protected":false},"featured_media":19613,"template":"","meta":[],"product_brand":[173,178],"product_cat":[15,137],"product_tag":[],"class_list":{"0":"post-19614","1":"product","2":"type-product","3":"status-publish","4":"has-post-thumbnail","6":"product_brand-uriage","7":"product_brand-vichy","8":"product_cat-tout","9":"product_cat-uriage","10":"ts_product_brand-uriage","12":"first","13":"instock","14":"sale","15":"shipping-taxable","16":"purchasable","17":"product-type-simple"},"_links":{"self":[{"href":"https:\/\/para-mirava.ma\/index.php?rest_route=\/wp\/v2\/product\/19614","targetHints":{"allow":["GET"]}}],"collection":[{"href":"https:\/\/para-mirava.ma\/index.php?rest_route=\/wp\/v2\/product"}],"about":[{"href":"https:\/\/para-mirava.ma\/index.php?rest_route=\/wp\/v2\/types\/product"}],"wp:featuredmedia":[{"embeddable":true,"href":"https:\/\/para-mirava.ma\/index.php?rest_route=\/wp\/v2\/media\/19613"}],"wp:attachment":[{"href":"https:\/\/para-mirava.ma\/index.php?rest_route=%2Fwp%2Fv2%2Fmedia&parent=19614"}],"wp:term":[{"taxonomy":"product_brand","embeddable":true,"href":"https:\/\/para-mirava.ma\/index.php?rest_route=%2Fwp%2Fv2%2Fproduct_brand&post=19614"},{"taxonomy":"product_cat","embeddable":true,"href":"https:\/\/para-mirava.ma\/index.php?rest_route=%2Fwp%2Fv2%2Fproduct_cat&post=19614"},{"taxonomy":"product_tag","embeddable":true,"href":"https:\/\/para-mirava.ma\/index.php?rest_route=%2Fwp%2Fv2%2Fproduct_tag&post=19614"}],"curies":[{"name":"wp","href":"https:\/\/api.w.org\/{rel}","templated":true}]}}