{"id":19618,"date":"2026-03-17T17:20:06","date_gmt":"2026-03-17T17:20:06","guid":{"rendered":"https:\/\/para-mirava.ma\/?product=uriage-bariesun-fluide-anti-taches-spf50-40ml-3"},"modified":"2026-03-17T18:45:37","modified_gmt":"2026-03-17T18:45:37","slug":"uriage-bariesun-fluide-anti-taches-spf50-40ml-3","status":"publish","type":"product","link":"https:\/\/para-mirava.ma\/?product=uriage-bariesun-fluide-anti-taches-spf50-40ml-3","title":{"rendered":"URIAGE BARIESUN FLUIDE ANTI TACHES SPF50+ 40ML"},"content":{"rendered":"<p>Bari\u00e9sun combine un complexe filtrant tr\u00e8s performant et deux brevets dermatologiques pour prot\u00e9ger la peau, pr\u00e9venir les dommages cellulaires et le photo-vieillissement induits par les UVA, UVB et la lumi\u00e8re bleue.<\/p>\n<p>Ce soin tr\u00e8s haute protection aide \u00e0 pr\u00e9venir l&#8217;apparition des taches et prot\u00e8ge les zones trait\u00e9es par acte dermatologique (laser, peelings superficiels, etc.). Son action correctrice att\u00e9nue les d\u00e9fauts de pigmentation.<\/p>\n<p>Pr\u00e9vient les dommages cellulaires et le photo-vieillissement<br \/>\nLa technologie Skin Shield d\u00e9velopp\u00e9e par nos laboratoires combine l&#8217;Eau Thermale d&#8217;Uriage, actif unique qui aide \u00e0 prot\u00e9ger l&#8217;ADN et le brevet [TELOMERES PROTECT] qui pr\u00e9vient les dommages cellulaires et le photo-vieillissement dus aux UV et \u00e0 la lumi\u00e8re bleue.<\/p>\n<p>Optimise la photoprotection<br \/>\nLe brevet [BARIESUN] forme un film protecteur sur la peau aidant \u00e0 limiter la p\u00e9n\u00e9tration des filtres UV \u00e0 la surface de l&#8217;\u00e9piderme et optimisant ainsi la photoprotection<\/p>\n<p>Correction et pr\u00e9vention des t\u00e2ches<br \/>\nSa formule associant des actifs anti-t\u00e2ches, anti-oxydants et apaisants, homog\u00e9n\u00e9ise le teint et att\u00e9nue les d\u00e9fauts de pigmentation.<\/p>\n<p>D\u00c9MARCHE \u00c9CO-RESPONSABLE :<br \/>\n\u2022 Un engagement pour la plan\u00e8te :<br \/>\nDes \u00e9tudes in vivo in\u00e9dites directement sur la barri\u00e8re de corail, ainsi que des \u00e9tudes sur le plancton marin ont \u00e9t\u00e9 men\u00e9es en partenariat avec des Unit\u00e9s de Recherche en France et en Nouvelle Cal\u00e9donie afin de v\u00e9rifier l&#8217;innocuit\u00e9 des produits Bari\u00e9sun dans les oc\u00e9ans. Bari\u00e9sun respecte les coraux et les oc\u00e9ans.<br \/>\nLes Laboratoires Dermatologiques D&#8217;Uriage sont \u00e9galement membre 1% pour la plan\u00e8te, un engagement \u00e9thique pour soutenir les ONG \u0153uvrant pour l&#8217;environnement en reversant 1% des b\u00e9n\u00e9fices Bari\u00e9sun dans le monde.<\/p>\n<p>\u2022 Packaging \u00e9co-con\u00e7u :<br \/>\n&#8212; Tube fabriqu\u00e9 \u00e0 partir de plastique recycl\u00e9 : -10% de plastique vierge<br \/>\n&#8212; Etui recyclable en carton issu de forets durables<\/p>\n<p>Disponible dans votre parapharmacie en ligne www.cotepara.ma<\/p>\n<p>R\u00e9sultats<br \/>\n-91%*<br \/>\nFavorise la disparition des t\u00e2ches<br \/>\nTeint clarifi\u00e9 et unifi\u00e9 : 86%*<br \/>\nFini non gras\/ non collant: 100%*<br \/>\n*Etude clinique sous contr\u00f4le dermatologique, 21 jours, 22 sujets adultes. Auto-\u00e9valuation<\/p>\n","protected":false},"excerpt":{"rendered":"<p>Bari\u00e9sun combine un complexe filtrant tr\u00e8s performant et deux brevets dermatologiques pour prot\u00e9ger la peau, pr\u00e9venir les dommages cellulaires et le photo-vieillissement induits par les UVA, UVB et la lumi\u00e8re bleue. Ce soin tr\u00e8s haute protection aide \u00e0 pr\u00e9venir l&#8217;apparition des taches et prot\u00e8ge les zones trait\u00e9es par acte dermatologique (laser, peelings superficiels, etc.). Son [&hellip;]<\/p>\n","protected":false},"featured_media":19617,"template":"","meta":[],"product_brand":[173,178],"product_cat":[15,137],"product_tag":[],"class_list":{"0":"post-19618","1":"product","2":"type-product","3":"status-publish","4":"has-post-thumbnail","6":"product_brand-uriage","7":"product_brand-vichy","8":"product_cat-tout","9":"product_cat-uriage","10":"ts_product_brand-uriage","12":"first","13":"instock","14":"sale","15":"shipping-taxable","16":"purchasable","17":"product-type-simple"},"_links":{"self":[{"href":"https:\/\/para-mirava.ma\/index.php?rest_route=\/wp\/v2\/product\/19618","targetHints":{"allow":["GET"]}}],"collection":[{"href":"https:\/\/para-mirava.ma\/index.php?rest_route=\/wp\/v2\/product"}],"about":[{"href":"https:\/\/para-mirava.ma\/index.php?rest_route=\/wp\/v2\/types\/product"}],"wp:featuredmedia":[{"embeddable":true,"href":"https:\/\/para-mirava.ma\/index.php?rest_route=\/wp\/v2\/media\/19617"}],"wp:attachment":[{"href":"https:\/\/para-mirava.ma\/index.php?rest_route=%2Fwp%2Fv2%2Fmedia&parent=19618"}],"wp:term":[{"taxonomy":"product_brand","embeddable":true,"href":"https:\/\/para-mirava.ma\/index.php?rest_route=%2Fwp%2Fv2%2Fproduct_brand&post=19618"},{"taxonomy":"product_cat","embeddable":true,"href":"https:\/\/para-mirava.ma\/index.php?rest_route=%2Fwp%2Fv2%2Fproduct_cat&post=19618"},{"taxonomy":"product_tag","embeddable":true,"href":"https:\/\/para-mirava.ma\/index.php?rest_route=%2Fwp%2Fv2%2Fproduct_tag&post=19618"}],"curies":[{"name":"wp","href":"https:\/\/api.w.org\/{rel}","templated":true}]}}