{"id":19620,"date":"2026-03-17T17:20:07","date_gmt":"2026-03-17T17:20:07","guid":{"rendered":"https:\/\/para-mirava.ma\/?product=uriage-bariederm-cica-gel-nettoyant-200ml-new-3"},"modified":"2026-03-17T18:45:36","modified_gmt":"2026-03-17T18:45:36","slug":"uriage-bariederm-cica-gel-nettoyant-200ml-new-3","status":"publish","type":"product","link":"https:\/\/para-mirava.ma\/?product=uriage-bariederm-cica-gel-nettoyant-200ml-new-3","title":{"rendered":"URIAGE BARIEDERM CICA GEL NETTOYANT 200ML NEW"},"content":{"rendered":"<p>Le gel nettoyant surgras, apaisant et assainissant d\u00e9veloppe une mousse onctueuse et a \u00e9t\u00e9 sp\u00e9cialement formul\u00e9 pour l&#8217;hygi\u00e8ne des peaux irrit\u00e9es.<\/p>\n<p>Apaise<br \/>\nLa technologie brevet\u00e9e TLR2-Regul et l&#8217;Eau Thermale d&#8217;Uriage apaisent les sensations d&#8217;inconfort d\u00e9clench\u00e9es par les micro-organismes.<\/p>\n<p>Assainit<br \/>\nLe Gluconate de cuivre et de zinc r\u00e9gulent la flore bact\u00e9rienne.<\/p>\n<p>Nettoie en douceur<br \/>\nSa base lavante extra-douce et non-dess\u00e9chante respecte le film hydrolipidique de la peau.<\/p>\n<p>R\u00e9sultats<br \/>\n30% d&#8217;Eau Thermale d&#8217;Uriage aux propri\u00e9t\u00e9s apaisantes.<\/p>\n<p>Disponible dans votre parapharmacie en ligne www.cotepara.ma<\/p>\n<p>Actifs<br \/>\nEau Thermale d&#8217;Uriage Complexe brevet\u00e9 TLR2-Regul Gluconates de Cuivre et de Zinc Base lavante douce sans savon<\/p>\n<p>Test\u00e9 sous contr\u00f4le dermatologique Non parfum\u00e9<\/p>\n<p>Conseils<br \/>\nFaire mousser sur peau humide puis rincer. Eviter le contact avec les yeux.<\/p>\n","protected":false},"excerpt":{"rendered":"<p>Le gel nettoyant surgras, apaisant et assainissant d\u00e9veloppe une mousse onctueuse et a \u00e9t\u00e9 sp\u00e9cialement formul\u00e9 pour l&#8217;hygi\u00e8ne des peaux irrit\u00e9es. Apaise La technologie brevet\u00e9e TLR2-Regul et l&#8217;Eau Thermale d&#8217;Uriage apaisent les sensations d&#8217;inconfort d\u00e9clench\u00e9es par les micro-organismes. Assainit Le Gluconate de cuivre et de zinc r\u00e9gulent la flore bact\u00e9rienne. Nettoie en douceur Sa base [&hellip;]<\/p>\n","protected":false},"featured_media":19619,"template":"","meta":[],"product_brand":[173,178],"product_cat":[15,137],"product_tag":[],"class_list":{"0":"post-19620","1":"product","2":"type-product","3":"status-publish","4":"has-post-thumbnail","6":"product_brand-uriage","7":"product_brand-vichy","8":"product_cat-tout","9":"product_cat-uriage","10":"ts_product_brand-uriage","12":"first","13":"instock","14":"sale","15":"shipping-taxable","16":"purchasable","17":"product-type-simple"},"_links":{"self":[{"href":"https:\/\/para-mirava.ma\/index.php?rest_route=\/wp\/v2\/product\/19620","targetHints":{"allow":["GET"]}}],"collection":[{"href":"https:\/\/para-mirava.ma\/index.php?rest_route=\/wp\/v2\/product"}],"about":[{"href":"https:\/\/para-mirava.ma\/index.php?rest_route=\/wp\/v2\/types\/product"}],"wp:featuredmedia":[{"embeddable":true,"href":"https:\/\/para-mirava.ma\/index.php?rest_route=\/wp\/v2\/media\/19619"}],"wp:attachment":[{"href":"https:\/\/para-mirava.ma\/index.php?rest_route=%2Fwp%2Fv2%2Fmedia&parent=19620"}],"wp:term":[{"taxonomy":"product_brand","embeddable":true,"href":"https:\/\/para-mirava.ma\/index.php?rest_route=%2Fwp%2Fv2%2Fproduct_brand&post=19620"},{"taxonomy":"product_cat","embeddable":true,"href":"https:\/\/para-mirava.ma\/index.php?rest_route=%2Fwp%2Fv2%2Fproduct_cat&post=19620"},{"taxonomy":"product_tag","embeddable":true,"href":"https:\/\/para-mirava.ma\/index.php?rest_route=%2Fwp%2Fv2%2Fproduct_tag&post=19620"}],"curies":[{"name":"wp","href":"https:\/\/api.w.org\/{rel}","templated":true}]}}