{"id":19622,"date":"2026-03-17T17:20:08","date_gmt":"2026-03-17T17:20:08","guid":{"rendered":"https:\/\/para-mirava.ma\/?product=uriage-age-absolu-creme-rose-redensifiante-50ml-3"},"modified":"2026-03-17T18:45:36","modified_gmt":"2026-03-17T18:45:36","slug":"uriage-age-absolu-creme-rose-redensifiante-50ml-3","status":"publish","type":"product","link":"https:\/\/para-mirava.ma\/?product=uriage-age-absolu-creme-rose-redensifiante-50ml-3","title":{"rendered":"URIAGE AGE ABSOLU CREME ROSE REDENSIFIANTE 50ML"},"content":{"rendered":"<p>Innovation AGE ABSOLU, notre cr\u00e8me anti-\u00e2ge global qui stimule la synth\u00e8se de procollag\u00e8ne X6* pour redensifier et repulper toutes les peaux matures, m\u00eame sensibles. Cette cr\u00e8me anti-\u00e2ge rose redensifiante agit sur tous les signes visibles de l&#8217;\u00e2ge : rides &#8212; rel\u00e2chement &#8212; perte de volume &#8212; perte d&#8217;\u00e9clat &#8212; perte de nutrition. La peau est redensifi\u00e9e, plus rebondie, et para\u00eet plus jeune. Les contours du visage sont mieux d\u00e9finis et l&#8217;\u00e9clat naturel ros\u00e9 est raviv\u00e9.<\/p>\n<p>Actifs anti-\u00e2ge reconnus : [PEPTIDE PROCOLLAG\u00c8NE + R\u00c9TINOL** + ACIDE HYALURONIQUE + VITAMINES C&#038;E + COMPLEXE V\u00c9G\u00c9TAL RELIPIDANT]<\/p>\n<p>CORRECTION ANTI-\u00c2GE GLOBAL<br \/>\nSa haute concentration en actifs anti-\u00e2ge permet de diminuer l&#8217;apparence des ridules et des rides, de lutter contre le rel\u00e2chement cutan\u00e9 et la perte de densit\u00e9.<\/p>\n<p>\u2022 Peptide procollag\u00e8ne : booste la synth\u00e8se de collag\u00e8ne* pour redensifier et repulper la peau<br \/>\n\u2022 R\u00e9tinol** et Acide Hyaluronique : pour lisser et raffermir la peau<br \/>\n\u2022 Vitamines C &#038; E : action anti-oxydante pour illuminer la peau<\/p>\n<p>PROTECTION ANTI-\u00c2GE INTENSIVE<br \/>\nCette cr\u00e8me anti-\u00e2ge \u00e0 l&#8217;acide hyaluronique rose agit sur tous les signes de l&#8217;\u00e2ge en pr\u00e9vention : disponible dans votre parapharmacie en ligne : www.cotepara.ma<\/p>\n<p>\u2022 Complexe brevet\u00e9 [T\u00c9LOM\u00c8RES PROTECT] qui r\u00e9duit les dommages cellulaires et aide \u00e0 pr\u00e9venir le photo-vieillissement dus aux UV et \u00e0 la lumi\u00e8re bleue.<br \/>\n\u2022 Technologie Barri\u00e8re Lumi\u00e8re Bleue*** qui prot\u00e8ge la peau des effets n\u00e9fastes de la lumi\u00e8re bleue.<\/p>\n<p>BOOSTER D&#8217;\u00c9CLAT<br \/>\nR\u00e9v\u00e8le l&#8217;\u00e9clat naturel ros\u00e9 de la peau gr\u00e2ce \u00e0 la combinaison de [nacres d&#8217;origine naturelle + vitamines]. La peau est plus lumineuse et plus uniforme.<\/p>\n<p>CONFORT ET NUTRITION<br \/>\nLa peau est intens\u00e9ment nourrie, plus souple et plus douce gr\u00e2ce au complexe v\u00e9g\u00e9tal relipidant 100% d&#8217;origine naturelle [beurre de Karit\u00e9 + beurre d&#8217;Illip\u00e9 + huile de Jojoba].<\/p>\n<p>SENSORIALIT\u00c9<br \/>\nUne texture rose riche et velout\u00e9e pour un confort imm\u00e9diat et tout au long de la journ\u00e9e. D\u00e9licatement parfum\u00e9e, non grasse et non collante. Excellente base de maquillage.<\/p>\n<p>HAUTE TOL\u00c9RANCE<br \/>\nL&#8217;eau Thermale d&#8217;Uriage adoucit et apaise toutes les peaux, m\u00eame sensibles.<\/p>\n<p>Toutes peaux matures, m\u00eame sensibles.<\/p>\n<p>DEMARCHE ECO-RESPONSABLE :<br \/>\n\u2022 FORMULE D&#8217;ORIGINE NATURELLE<br \/>\n91% d&#8217;ingr\u00e9dients d&#8217;origine naturelle (PICTO YUKA)<br \/>\n\u2022 EMBALLAGE<br \/>\nPot en verre 100% recyclable \u00e0 l&#8217;infini !<\/p>\n<p>* Niveau de la prot\u00e9ine pro-collag\u00e8ne-1 : \u00e9tudes in vitro sur des fibroblastes<br \/>\n**Retinyl palmitate<br \/>\n***Test in vitro sur ingr\u00e9dient<\/p>\n","protected":false},"excerpt":{"rendered":"<p>Innovation AGE ABSOLU, notre cr\u00e8me anti-\u00e2ge global qui stimule la synth\u00e8se de procollag\u00e8ne X6* pour redensifier et repulper toutes les peaux matures, m\u00eame sensibles. Cette cr\u00e8me anti-\u00e2ge rose redensifiante agit sur tous les signes visibles de l&#8217;\u00e2ge : rides &#8212; rel\u00e2chement &#8212; perte de volume &#8212; perte d&#8217;\u00e9clat &#8212; perte de nutrition. La peau est [&hellip;]<\/p>\n","protected":false},"featured_media":19621,"template":"","meta":[],"product_brand":[173,178],"product_cat":[15,137],"product_tag":[],"class_list":{"0":"post-19622","1":"product","2":"type-product","3":"status-publish","4":"has-post-thumbnail","6":"product_brand-uriage","7":"product_brand-vichy","8":"product_cat-tout","9":"product_cat-uriage","10":"ts_product_brand-uriage","12":"first","13":"instock","14":"sale","15":"shipping-taxable","16":"purchasable","17":"product-type-simple"},"_links":{"self":[{"href":"https:\/\/para-mirava.ma\/index.php?rest_route=\/wp\/v2\/product\/19622","targetHints":{"allow":["GET"]}}],"collection":[{"href":"https:\/\/para-mirava.ma\/index.php?rest_route=\/wp\/v2\/product"}],"about":[{"href":"https:\/\/para-mirava.ma\/index.php?rest_route=\/wp\/v2\/types\/product"}],"wp:featuredmedia":[{"embeddable":true,"href":"https:\/\/para-mirava.ma\/index.php?rest_route=\/wp\/v2\/media\/19621"}],"wp:attachment":[{"href":"https:\/\/para-mirava.ma\/index.php?rest_route=%2Fwp%2Fv2%2Fmedia&parent=19622"}],"wp:term":[{"taxonomy":"product_brand","embeddable":true,"href":"https:\/\/para-mirava.ma\/index.php?rest_route=%2Fwp%2Fv2%2Fproduct_brand&post=19622"},{"taxonomy":"product_cat","embeddable":true,"href":"https:\/\/para-mirava.ma\/index.php?rest_route=%2Fwp%2Fv2%2Fproduct_cat&post=19622"},{"taxonomy":"product_tag","embeddable":true,"href":"https:\/\/para-mirava.ma\/index.php?rest_route=%2Fwp%2Fv2%2Fproduct_tag&post=19622"}],"curies":[{"name":"wp","href":"https:\/\/api.w.org\/{rel}","templated":true}]}}