{"id":19632,"date":"2026-03-17T17:20:12","date_gmt":"2026-03-17T17:20:12","guid":{"rendered":"https:\/\/para-mirava.ma\/?product=uriage-age-lift-creme-de-jour-lissante-spf30-40ml-3"},"modified":"2026-03-17T18:45:36","modified_gmt":"2026-03-17T18:45:36","slug":"uriage-age-lift-creme-de-jour-lissante-spf30-40ml-3","status":"publish","type":"product","link":"https:\/\/para-mirava.ma\/?product=uriage-age-lift-creme-de-jour-lissante-spf30-40ml-3","title":{"rendered":"URIAGE AGE LIFT CREME DE JOUR LISSANTE SPF30 40ML"},"content":{"rendered":"<p>Innovation AGE LIFT, la gamme dermatologique de soins liftants qui lisse et raffermit toutes les peaux, m\u00eame sensibles [3X moins de rides, 3X plus de fermet\u00e9] *. Cette cr\u00e8me lissante fermet\u00e9 protectrice onctueuse agit simultan\u00e9ment sur les rides, la fermet\u00e9 et sur les agressions quotidiennes que subit la peau : lumi\u00e8re bleue, UV, pollution, stress, fatigue. La peau est plus lisse, plus ferme, les traits sont comme d\u00e9froiss\u00e9s. Les contours du visage sont mieux d\u00e9finis. La peau est mieux prot\u00e9g\u00e9e du vieillissement pr\u00e9matur\u00e9 et des taches pigmentaires.<\/p>\n<p>Actifs anti-\u00e2ge : [RETINOL** + ACIDE HYALURONIQUE + FILTRES UVA\/UVB SPF 30]<\/p>\n<p>CORRECTION RIDES + FERMET\u00c9<br \/>\nSa formule riche en actifs anti-\u00e2ge [r\u00e9tinol** + acide hyaluronique] diminue l&#8217;apparence des ridules et des rides, lutte contre la perte de tonicit\u00e9 et le manque de fermet\u00e9.<\/p>\n<p>PROTECTION ANTI-\u00c2GE<br \/>\nLa peau est prot\u00e9g\u00e9e des m\u00e9faits de la pollution et des m\u00e9faits de la lumi\u00e8re bleue et ceux du soleil gr\u00e2ce \u00e0 la technologie Barri\u00e8re Lumi\u00e8re Bleue*** et aux filtres UV pour une protection SPF30.<\/p>\n<p>HYDRATATION<br \/>\nFormule enrichie en Glyc\u00e9rine pour une peau souple et durablement hydrat\u00e9e.<\/p>\n<p>HAUTE TOLERANCE<br \/>\nL&#8217;Eau Thermale d&#8217;Uriage adoucit et apaise toutes les peaux, m\u00eame sensibles.<\/p>\n<p>Tous types de peaux, m\u00eame sensibles.<\/p>\n<p>DEMARCHE ECO-RESPONSABLE :<br \/>\n\u2022 EMBALLAGE<br \/>\no Suppression des notices d&#8217;utilisation dans les \u00e9tuis<br \/>\no R\u00e9duction de la taille des \u00e9tuis<br \/>\n= 4 tonnes de papiers\/cartons sauvegard\u00e9es par an.****<\/p>\n<p>Disponible dans votre parapharmacie en ligne www.cotepara.ma<\/p>\n<p>*Etude clinique sous contr\u00f4le dermatologique, sur 24 sujets femmes. Application 1 fois par jour de la Cr\u00e8me jour AGE LIFT pendant 2 mois. Auto\u00e9valuation sur \u00e9chelle.<\/p>\n<p>**Retinyl palmitate<\/p>\n<p>***Test in vitro sur ingr\u00e9dient<\/p>\n","protected":false},"excerpt":{"rendered":"<p>Innovation AGE LIFT, la gamme dermatologique de soins liftants qui lisse et raffermit toutes les peaux, m\u00eame sensibles [3X moins de rides, 3X plus de fermet\u00e9] *. Cette cr\u00e8me lissante fermet\u00e9 protectrice onctueuse agit simultan\u00e9ment sur les rides, la fermet\u00e9 et sur les agressions quotidiennes que subit la peau : lumi\u00e8re bleue, UV, pollution, stress, [&hellip;]<\/p>\n","protected":false},"featured_media":19631,"template":"","meta":[],"product_brand":[173,178],"product_cat":[15,137],"product_tag":[],"class_list":{"0":"post-19632","1":"product","2":"type-product","3":"status-publish","4":"has-post-thumbnail","6":"product_brand-uriage","7":"product_brand-vichy","8":"product_cat-tout","9":"product_cat-uriage","10":"ts_product_brand-uriage","12":"first","13":"instock","14":"sale","15":"shipping-taxable","16":"purchasable","17":"product-type-simple"},"_links":{"self":[{"href":"https:\/\/para-mirava.ma\/index.php?rest_route=\/wp\/v2\/product\/19632","targetHints":{"allow":["GET"]}}],"collection":[{"href":"https:\/\/para-mirava.ma\/index.php?rest_route=\/wp\/v2\/product"}],"about":[{"href":"https:\/\/para-mirava.ma\/index.php?rest_route=\/wp\/v2\/types\/product"}],"wp:featuredmedia":[{"embeddable":true,"href":"https:\/\/para-mirava.ma\/index.php?rest_route=\/wp\/v2\/media\/19631"}],"wp:attachment":[{"href":"https:\/\/para-mirava.ma\/index.php?rest_route=%2Fwp%2Fv2%2Fmedia&parent=19632"}],"wp:term":[{"taxonomy":"product_brand","embeddable":true,"href":"https:\/\/para-mirava.ma\/index.php?rest_route=%2Fwp%2Fv2%2Fproduct_brand&post=19632"},{"taxonomy":"product_cat","embeddable":true,"href":"https:\/\/para-mirava.ma\/index.php?rest_route=%2Fwp%2Fv2%2Fproduct_cat&post=19632"},{"taxonomy":"product_tag","embeddable":true,"href":"https:\/\/para-mirava.ma\/index.php?rest_route=%2Fwp%2Fv2%2Fproduct_tag&post=19632"}],"curies":[{"name":"wp","href":"https:\/\/api.w.org\/{rel}","templated":true}]}}