{"id":19787,"date":"2026-03-17T17:37:02","date_gmt":"2026-03-17T17:37:02","guid":{"rendered":"https:\/\/para-mirava.ma\/?product=svr-topialyse-palpebral-creme-2"},"modified":"2026-03-17T17:40:18","modified_gmt":"2026-03-17T17:40:18","slug":"svr-topialyse-palpebral-creme-2","status":"publish","type":"product","link":"https:\/\/para-mirava.ma\/?product=svr-topialyse-palpebral-creme-2","title":{"rendered":"SVR TOPIALYSE PALPEBRAL CREME"},"content":{"rendered":"<p>Pour les paupi\u00e8res et contours des yeux sensibles, secs, irrit\u00e9s et \u00e0 tendance atopique. D\u00e8s 3 ans.<\/p>\n<p>PALPEBRAL, LE N\u00b01 DES SOINS CONTOURS DES YEUX HYPERSENSIBLES PRESCRITS PAR LES DERMATOLOGUES(1)<\/p>\n<p>Tol\u00e9rance, efficacit\u00e9 et plaisir, tous r\u00e9unis pour apaiser le regard.<\/p>\n<p>Disponible dans votre parapharmacie en ligne www.cotepara.ma<\/p>\n<p>4 actions en 1 seul geste :<\/p>\n<p>\u2022 Apaise les irritations et les sensations de grattage<br \/>\n\u2022 R\u00e9duit les rougeurs et limite l&#8217;apparition des irritations<br \/>\n\u2022 Hydrate et relipide pour restaurer la barri\u00e8re cutan\u00e9e<br \/>\n\u2022 Prot\u00e8ge des agressions ext\u00e9rieures<\/p>\n","protected":false},"excerpt":{"rendered":"<p>Pour les paupi\u00e8res et contours des yeux sensibles, secs, irrit\u00e9s et \u00e0 tendance atopique. D\u00e8s 3 ans. PALPEBRAL, LE N\u00b01 DES SOINS CONTOURS DES YEUX HYPERSENSIBLES PRESCRITS PAR LES DERMATOLOGUES(1) Tol\u00e9rance, efficacit\u00e9 et plaisir, tous r\u00e9unis pour apaiser le regard. Disponible dans votre parapharmacie en ligne www.cotepara.ma 4 actions en 1 seul geste : \u2022 [&hellip;]<\/p>\n","protected":false},"featured_media":19786,"template":"","meta":[],"product_brand":[],"product_cat":[15,138],"product_tag":[],"class_list":{"0":"post-19787","1":"product","2":"type-product","3":"status-publish","4":"has-post-thumbnail","6":"product_cat-tout","7":"product_cat-svr","9":"first","10":"instock","11":"sale","12":"shipping-taxable","13":"purchasable","14":"product-type-simple"},"_links":{"self":[{"href":"https:\/\/para-mirava.ma\/index.php?rest_route=\/wp\/v2\/product\/19787","targetHints":{"allow":["GET"]}}],"collection":[{"href":"https:\/\/para-mirava.ma\/index.php?rest_route=\/wp\/v2\/product"}],"about":[{"href":"https:\/\/para-mirava.ma\/index.php?rest_route=\/wp\/v2\/types\/product"}],"wp:featuredmedia":[{"embeddable":true,"href":"https:\/\/para-mirava.ma\/index.php?rest_route=\/wp\/v2\/media\/19786"}],"wp:attachment":[{"href":"https:\/\/para-mirava.ma\/index.php?rest_route=%2Fwp%2Fv2%2Fmedia&parent=19787"}],"wp:term":[{"taxonomy":"product_brand","embeddable":true,"href":"https:\/\/para-mirava.ma\/index.php?rest_route=%2Fwp%2Fv2%2Fproduct_brand&post=19787"},{"taxonomy":"product_cat","embeddable":true,"href":"https:\/\/para-mirava.ma\/index.php?rest_route=%2Fwp%2Fv2%2Fproduct_cat&post=19787"},{"taxonomy":"product_tag","embeddable":true,"href":"https:\/\/para-mirava.ma\/index.php?rest_route=%2Fwp%2Fv2%2Fproduct_tag&post=19787"}],"curies":[{"name":"wp","href":"https:\/\/api.w.org\/{rel}","templated":true}]}}