{"id":19797,"date":"2026-03-17T17:37:06","date_gmt":"2026-03-17T17:37:06","guid":{"rendered":"https:\/\/para-mirava.ma\/?product=svr-topialyse-baume-lavant-200ml-2"},"modified":"2026-03-17T17:40:18","modified_gmt":"2026-03-17T17:40:18","slug":"svr-topialyse-baume-lavant-200ml-2","status":"publish","type":"product","link":"https:\/\/para-mirava.ma\/?product=svr-topialyse-baume-lavant-200ml-2","title":{"rendered":"SVR TOPIALYSE BAUME LAVANT 200ML"},"content":{"rendered":"<p>Pour les peaux tr\u00e8s s\u00e8ches \u00e0 tendance atopique. D\u00e8s la naissance. Corps, visage, cheveux, hygi\u00e8ne intime. Ne pique pas les yeux.<\/p>\n<p>TOPIALYSE BAUME LAVANT est un soin lavant sans parfum sans sulfate pour les peaux tr\u00e8s s\u00e8ches \u00e0 tendance atopique.<\/p>\n<p>Disponible dans votre parapharmacie en ligne www.cotepara.ma<\/p>\n<p>Il apaise les sensations de grattage et relipide la peau pour restaurer la barri\u00e8re cutan\u00e9e. Sa texture baume est cr\u00e9meuse, onctueuse pour un vrai moment de douceur pour ces peaux fragiles. D\u00e8s la sortie du bain\/douche, la peau est plus confortable.<\/p>\n","protected":false},"excerpt":{"rendered":"<p>Pour les peaux tr\u00e8s s\u00e8ches \u00e0 tendance atopique. D\u00e8s la naissance. Corps, visage, cheveux, hygi\u00e8ne intime. Ne pique pas les yeux. TOPIALYSE BAUME LAVANT est un soin lavant sans parfum sans sulfate pour les peaux tr\u00e8s s\u00e8ches \u00e0 tendance atopique. Disponible dans votre parapharmacie en ligne www.cotepara.ma Il apaise les sensations de grattage et relipide [&hellip;]<\/p>\n","protected":false},"featured_media":19796,"template":"","meta":[],"product_brand":[],"product_cat":[15,138],"product_tag":[],"class_list":{"0":"post-19797","1":"product","2":"type-product","3":"status-publish","4":"has-post-thumbnail","6":"product_cat-tout","7":"product_cat-svr","9":"first","10":"instock","11":"sale","12":"shipping-taxable","13":"purchasable","14":"product-type-simple"},"_links":{"self":[{"href":"https:\/\/para-mirava.ma\/index.php?rest_route=\/wp\/v2\/product\/19797","targetHints":{"allow":["GET"]}}],"collection":[{"href":"https:\/\/para-mirava.ma\/index.php?rest_route=\/wp\/v2\/product"}],"about":[{"href":"https:\/\/para-mirava.ma\/index.php?rest_route=\/wp\/v2\/types\/product"}],"wp:featuredmedia":[{"embeddable":true,"href":"https:\/\/para-mirava.ma\/index.php?rest_route=\/wp\/v2\/media\/19796"}],"wp:attachment":[{"href":"https:\/\/para-mirava.ma\/index.php?rest_route=%2Fwp%2Fv2%2Fmedia&parent=19797"}],"wp:term":[{"taxonomy":"product_brand","embeddable":true,"href":"https:\/\/para-mirava.ma\/index.php?rest_route=%2Fwp%2Fv2%2Fproduct_brand&post=19797"},{"taxonomy":"product_cat","embeddable":true,"href":"https:\/\/para-mirava.ma\/index.php?rest_route=%2Fwp%2Fv2%2Fproduct_cat&post=19797"},{"taxonomy":"product_tag","embeddable":true,"href":"https:\/\/para-mirava.ma\/index.php?rest_route=%2Fwp%2Fv2%2Fproduct_tag&post=19797"}],"curies":[{"name":"wp","href":"https:\/\/api.w.org\/{rel}","templated":true}]}}