{"id":19799,"date":"2026-03-17T17:37:07","date_gmt":"2026-03-17T17:37:07","guid":{"rendered":"https:\/\/para-mirava.ma\/?product=svr-densitium-bi-serum-2-x-15ml-2"},"modified":"2026-03-17T17:40:18","modified_gmt":"2026-03-17T17:40:18","slug":"svr-densitium-bi-serum-2-x-15ml-2","status":"publish","type":"product","link":"https:\/\/para-mirava.ma\/?product=svr-densitium-bi-serum-2-x-15ml-2","title":{"rendered":"SVR DENSITIUM BI SERUM 2 X 15ML"},"content":{"rendered":"<p>DENSITIUM BI-SERUM d\u00e9fie les lois de la gravit\u00e9 ! 2 formules pour une concentration record (45%) en actifs dermatologiques anti-\u00e2ge pour lutter contre les 3 probl\u00e9matiques majeures des peaux matures : rel\u00e2chement cutan\u00e9, rides et s\u00e9cheresse avanc\u00e9e. Son efficacit\u00e9 r\u00e9volutionnaire est visible en \u00e0 peine un mois d&#8217;utilisation m\u00eame sur double menton(1). Sa texture ultra-sensorielle au parfum addictif donne envie d&#8217;avoir 50 ans ! Disponible dans votre parapharmacie en ligne www.cotepara.ma<\/p>\n","protected":false},"excerpt":{"rendered":"<p>DENSITIUM BI-SERUM d\u00e9fie les lois de la gravit\u00e9 ! 2 formules pour une concentration record (45%) en actifs dermatologiques anti-\u00e2ge pour lutter contre les 3 probl\u00e9matiques majeures des peaux matures : rel\u00e2chement cutan\u00e9, rides et s\u00e9cheresse avanc\u00e9e. Son efficacit\u00e9 r\u00e9volutionnaire est visible en \u00e0 peine un mois d&#8217;utilisation m\u00eame sur double menton(1). Sa texture ultra-sensorielle [&hellip;]<\/p>\n","protected":false},"featured_media":19798,"template":"","meta":[],"product_brand":[],"product_cat":[15,138],"product_tag":[],"class_list":{"0":"post-19799","1":"product","2":"type-product","3":"status-publish","4":"has-post-thumbnail","6":"product_cat-tout","7":"product_cat-svr","9":"first","10":"instock","11":"sale","12":"shipping-taxable","13":"purchasable","14":"product-type-simple"},"_links":{"self":[{"href":"https:\/\/para-mirava.ma\/index.php?rest_route=\/wp\/v2\/product\/19799","targetHints":{"allow":["GET"]}}],"collection":[{"href":"https:\/\/para-mirava.ma\/index.php?rest_route=\/wp\/v2\/product"}],"about":[{"href":"https:\/\/para-mirava.ma\/index.php?rest_route=\/wp\/v2\/types\/product"}],"wp:featuredmedia":[{"embeddable":true,"href":"https:\/\/para-mirava.ma\/index.php?rest_route=\/wp\/v2\/media\/19798"}],"wp:attachment":[{"href":"https:\/\/para-mirava.ma\/index.php?rest_route=%2Fwp%2Fv2%2Fmedia&parent=19799"}],"wp:term":[{"taxonomy":"product_brand","embeddable":true,"href":"https:\/\/para-mirava.ma\/index.php?rest_route=%2Fwp%2Fv2%2Fproduct_brand&post=19799"},{"taxonomy":"product_cat","embeddable":true,"href":"https:\/\/para-mirava.ma\/index.php?rest_route=%2Fwp%2Fv2%2Fproduct_cat&post=19799"},{"taxonomy":"product_tag","embeddable":true,"href":"https:\/\/para-mirava.ma\/index.php?rest_route=%2Fwp%2Fv2%2Fproduct_tag&post=19799"}],"curies":[{"name":"wp","href":"https:\/\/api.w.org\/{rel}","templated":true}]}}