{"id":19803,"date":"2026-03-17T17:37:10","date_gmt":"2026-03-17T17:37:10","guid":{"rendered":"https:\/\/para-mirava.ma\/?product=svr-spirial-extreme-20ml-2"},"modified":"2026-03-17T17:40:18","modified_gmt":"2026-03-17T17:40:18","slug":"svr-spirial-extreme-20ml-2","status":"publish","type":"product","link":"https:\/\/para-mirava.ma\/?product=svr-spirial-extreme-20ml-2","title":{"rendered":"SVR SPIRIAL EXTREME 20ML"},"content":{"rendered":"<p>Toutes les peaux m\u00eame les plus sensibles. Transpiration excessive ou extr\u00eame. Adolescent \u00e0 partir de 12 ans (sur avis m\u00e9dical), adulte. Aisselles.<\/p>\n<p>Disponible dans votre parapharmacie en ligne www.cotepara.ma<\/p>\n<p>Innovation SVR : Spirial Extreme, le meilleur de l&#8217;efficacit\u00e9 d\u00e9transpirante dans la plus haute tol\u00e9rance pour les transpirations extr\u00eames (stress, humidit\u00e9, sport, prise de m\u00e9dicaments&#8230;). Il r\u00e9gule la transpiration d\u00e8s la 1\u00e8re application(1) gr\u00e2ce \u00e0 sa formule hautement concentr\u00e9e en agents sudo-r\u00e9gulateurs pour r\u00e9guler la transpiration, absorber l&#8217;humidit\u00e9 et lutter contre les mauvaises odeurs.<\/p>\n","protected":false},"excerpt":{"rendered":"<p>Toutes les peaux m\u00eame les plus sensibles. Transpiration excessive ou extr\u00eame. Adolescent \u00e0 partir de 12 ans (sur avis m\u00e9dical), adulte. Aisselles. Disponible dans votre parapharmacie en ligne www.cotepara.ma Innovation SVR : Spirial Extreme, le meilleur de l&#8217;efficacit\u00e9 d\u00e9transpirante dans la plus haute tol\u00e9rance pour les transpirations extr\u00eames (stress, humidit\u00e9, sport, prise de m\u00e9dicaments&#8230;). Il [&hellip;]<\/p>\n","protected":false},"featured_media":19802,"template":"","meta":[],"product_brand":[],"product_cat":[15,138],"product_tag":[],"class_list":{"0":"post-19803","1":"product","2":"type-product","3":"status-publish","4":"has-post-thumbnail","6":"product_cat-tout","7":"product_cat-svr","9":"first","10":"instock","11":"sale","12":"shipping-taxable","13":"purchasable","14":"product-type-simple"},"_links":{"self":[{"href":"https:\/\/para-mirava.ma\/index.php?rest_route=\/wp\/v2\/product\/19803","targetHints":{"allow":["GET"]}}],"collection":[{"href":"https:\/\/para-mirava.ma\/index.php?rest_route=\/wp\/v2\/product"}],"about":[{"href":"https:\/\/para-mirava.ma\/index.php?rest_route=\/wp\/v2\/types\/product"}],"wp:featuredmedia":[{"embeddable":true,"href":"https:\/\/para-mirava.ma\/index.php?rest_route=\/wp\/v2\/media\/19802"}],"wp:attachment":[{"href":"https:\/\/para-mirava.ma\/index.php?rest_route=%2Fwp%2Fv2%2Fmedia&parent=19803"}],"wp:term":[{"taxonomy":"product_brand","embeddable":true,"href":"https:\/\/para-mirava.ma\/index.php?rest_route=%2Fwp%2Fv2%2Fproduct_brand&post=19803"},{"taxonomy":"product_cat","embeddable":true,"href":"https:\/\/para-mirava.ma\/index.php?rest_route=%2Fwp%2Fv2%2Fproduct_cat&post=19803"},{"taxonomy":"product_tag","embeddable":true,"href":"https:\/\/para-mirava.ma\/index.php?rest_route=%2Fwp%2Fv2%2Fproduct_tag&post=19803"}],"curies":[{"name":"wp","href":"https:\/\/api.w.org\/{rel}","templated":true}]}}