{"id":19805,"date":"2026-03-17T17:37:11","date_gmt":"2026-03-17T17:37:11","guid":{"rendered":"https:\/\/para-mirava.ma\/?product=svr-spirial-spray-anti-transpirant-75ml-2"},"modified":"2026-03-17T18:45:14","modified_gmt":"2026-03-17T18:45:14","slug":"svr-spirial-spray-anti-transpirant-75ml-2","status":"publish","type":"product","link":"https:\/\/para-mirava.ma\/?product=svr-spirial-spray-anti-transpirant-75ml-2","title":{"rendered":"SVR SPIRIAL SPRAY ANTI TRANSPIRANT 75ML"},"content":{"rendered":"<p>Toutes les peaux m\u00eame les plus sensibles. Transpiration normale \u00e0 excessive. Adolescent, adulte. Aisselles, mains ou pieds.<\/p>\n<p>D\u00e9odorant, format compress\u00e9, \u00e0 l&#8217;efficacit\u00e9 anti-transpirante intense 48h(1) m\u00eame en situations extr\u00eames (sport, stress&#8230;). Formul\u00e9 avec une haute concentration en agents sudo-r\u00e9gulateurs, il r\u00e9gule la transpiration, absorbe l&#8217;humidit\u00e9 et lutte contre les mauvaises odeurs dans la plus haute tol\u00e9rance. Son fini sec imm\u00e9diat laisse place \u00e0 une peau douce et confortable sans laisser de traces blanches.<\/p>\n<p>Son plus : un format nomade compress\u00e9 avec 2 fois moins de gaz pour autant d&#8217;utilisation qu&#8217;un grand format, un geste pour l&#8217;environnement en plus.<\/p>\n","protected":false},"excerpt":{"rendered":"<p>Toutes les peaux m\u00eame les plus sensibles. Transpiration normale \u00e0 excessive. Adolescent, adulte. Aisselles, mains ou pieds. D\u00e9odorant, format compress\u00e9, \u00e0 l&#8217;efficacit\u00e9 anti-transpirante intense 48h(1) m\u00eame en situations extr\u00eames (sport, stress&#8230;). Formul\u00e9 avec une haute concentration en agents sudo-r\u00e9gulateurs, il r\u00e9gule la transpiration, absorbe l&#8217;humidit\u00e9 et lutte contre les mauvaises odeurs dans la plus haute [&hellip;]<\/p>\n","protected":false},"featured_media":19804,"template":"","meta":[],"product_brand":[175],"product_cat":[15,138],"product_tag":[],"class_list":{"0":"post-19805","1":"product","2":"type-product","3":"status-publish","4":"has-post-thumbnail","6":"product_brand-svr","7":"product_cat-tout","8":"product_cat-svr","9":"ts_product_brand-svr","11":"first","12":"instock","13":"sale","14":"shipping-taxable","15":"purchasable","16":"product-type-simple"},"_links":{"self":[{"href":"https:\/\/para-mirava.ma\/index.php?rest_route=\/wp\/v2\/product\/19805","targetHints":{"allow":["GET"]}}],"collection":[{"href":"https:\/\/para-mirava.ma\/index.php?rest_route=\/wp\/v2\/product"}],"about":[{"href":"https:\/\/para-mirava.ma\/index.php?rest_route=\/wp\/v2\/types\/product"}],"wp:featuredmedia":[{"embeddable":true,"href":"https:\/\/para-mirava.ma\/index.php?rest_route=\/wp\/v2\/media\/19804"}],"wp:attachment":[{"href":"https:\/\/para-mirava.ma\/index.php?rest_route=%2Fwp%2Fv2%2Fmedia&parent=19805"}],"wp:term":[{"taxonomy":"product_brand","embeddable":true,"href":"https:\/\/para-mirava.ma\/index.php?rest_route=%2Fwp%2Fv2%2Fproduct_brand&post=19805"},{"taxonomy":"product_cat","embeddable":true,"href":"https:\/\/para-mirava.ma\/index.php?rest_route=%2Fwp%2Fv2%2Fproduct_cat&post=19805"},{"taxonomy":"product_tag","embeddable":true,"href":"https:\/\/para-mirava.ma\/index.php?rest_route=%2Fwp%2Fv2%2Fproduct_tag&post=19805"}],"curies":[{"name":"wp","href":"https:\/\/api.w.org\/{rel}","templated":true}]}}