{"id":19809,"date":"2026-03-17T17:37:12","date_gmt":"2026-03-17T17:37:12","guid":{"rendered":"https:\/\/para-mirava.ma\/?product=svr-clairial-cc-creme-medium-spf-50-40ml-2"},"modified":"2026-03-17T18:45:14","modified_gmt":"2026-03-17T18:45:14","slug":"svr-clairial-cc-creme-medium-spf-50-40ml-2","status":"publish","type":"product","link":"https:\/\/para-mirava.ma\/?product=svr-clairial-cc-creme-medium-spf-50-40ml-2","title":{"rendered":"SVR CLAIRIAL CC CREME MEDIUM SPF 50+ 40ML"},"content":{"rendered":"<p>CLAIRIAL CC Cr\u00e8me poss\u00e8de une double action anti-taches en prot\u00e9geant la peau contre les UVA, UVB &#038; lumi\u00e8re visible + unifie instantan\u00e9ment le teint, masque &#038; corrige taches et d\u00e9faut cutan\u00e9s et pr\u00e9vient leur apparition Disponible dans votre parapharmacie en ligne www.cotepara.ma<\/p>\n","protected":false},"excerpt":{"rendered":"<p>CLAIRIAL CC Cr\u00e8me poss\u00e8de une double action anti-taches en prot\u00e9geant la peau contre les UVA, UVB &#038; lumi\u00e8re visible + unifie instantan\u00e9ment le teint, masque &#038; corrige taches et d\u00e9faut cutan\u00e9s et pr\u00e9vient leur apparition Disponible dans votre parapharmacie en ligne www.cotepara.ma<\/p>\n","protected":false},"featured_media":19808,"template":"","meta":[],"product_brand":[175],"product_cat":[15,138],"product_tag":[],"class_list":{"0":"post-19809","1":"product","2":"type-product","3":"status-publish","4":"has-post-thumbnail","6":"product_brand-svr","7":"product_cat-tout","8":"product_cat-svr","9":"ts_product_brand-svr","11":"first","12":"instock","13":"sale","14":"shipping-taxable","15":"purchasable","16":"product-type-simple"},"_links":{"self":[{"href":"https:\/\/para-mirava.ma\/index.php?rest_route=\/wp\/v2\/product\/19809","targetHints":{"allow":["GET"]}}],"collection":[{"href":"https:\/\/para-mirava.ma\/index.php?rest_route=\/wp\/v2\/product"}],"about":[{"href":"https:\/\/para-mirava.ma\/index.php?rest_route=\/wp\/v2\/types\/product"}],"wp:featuredmedia":[{"embeddable":true,"href":"https:\/\/para-mirava.ma\/index.php?rest_route=\/wp\/v2\/media\/19808"}],"wp:attachment":[{"href":"https:\/\/para-mirava.ma\/index.php?rest_route=%2Fwp%2Fv2%2Fmedia&parent=19809"}],"wp:term":[{"taxonomy":"product_brand","embeddable":true,"href":"https:\/\/para-mirava.ma\/index.php?rest_route=%2Fwp%2Fv2%2Fproduct_brand&post=19809"},{"taxonomy":"product_cat","embeddable":true,"href":"https:\/\/para-mirava.ma\/index.php?rest_route=%2Fwp%2Fv2%2Fproduct_cat&post=19809"},{"taxonomy":"product_tag","embeddable":true,"href":"https:\/\/para-mirava.ma\/index.php?rest_route=%2Fwp%2Fv2%2Fproduct_tag&post=19809"}],"curies":[{"name":"wp","href":"https:\/\/api.w.org\/{rel}","templated":true}]}}