{"id":19823,"date":"2026-03-17T17:37:19","date_gmt":"2026-03-17T17:37:19","guid":{"rendered":"https:\/\/para-mirava.ma\/?product=svr-xerial-40-ongles-abimes-2"},"modified":"2026-03-17T18:45:13","modified_gmt":"2026-03-17T18:45:13","slug":"svr-xerial-40-ongles-abimes-2","status":"publish","type":"product","link":"https:\/\/para-mirava.ma\/?product=svr-xerial-40-ongles-abimes-2","title":{"rendered":"SVR XERIAL 40 ONGLES ABIMES"},"content":{"rendered":"<p>Pour ongles ab\u00eem\u00e9s et \u00e9paissis. D\u00e8s 3 ans.<\/p>\n<p>XERIAL 40 Ongles est un gel qui lisse et diminue l&#8217;\u00e9paississement de l&#8217;ongle ab\u00eem\u00e9, d\u00e9doubl\u00e9, stri\u00e9 et le prot\u00e8ge des agressions ext\u00e9rieures, gr\u00e2ce \u00e0 son brevet Technologie Ur\u00e9e Pure(1).<\/p>\n<p>Disponible dans votre parapharmacie en ligne www.cotepara.ma<\/p>\n<p>(1) Brevet d\u00e9pos\u00e9 N\u00b0FR-09 56 266<\/p>\n","protected":false},"excerpt":{"rendered":"<p>Pour ongles ab\u00eem\u00e9s et \u00e9paissis. D\u00e8s 3 ans. XERIAL 40 Ongles est un gel qui lisse et diminue l&#8217;\u00e9paississement de l&#8217;ongle ab\u00eem\u00e9, d\u00e9doubl\u00e9, stri\u00e9 et le prot\u00e8ge des agressions ext\u00e9rieures, gr\u00e2ce \u00e0 son brevet Technologie Ur\u00e9e Pure(1). Disponible dans votre parapharmacie en ligne www.cotepara.ma (1) Brevet d\u00e9pos\u00e9 N\u00b0FR-09 56 266<\/p>\n","protected":false},"featured_media":19822,"template":"","meta":[],"product_brand":[175],"product_cat":[15,138],"product_tag":[],"class_list":{"0":"post-19823","1":"product","2":"type-product","3":"status-publish","4":"has-post-thumbnail","6":"product_brand-svr","7":"product_cat-tout","8":"product_cat-svr","9":"ts_product_brand-svr","11":"first","12":"instock","13":"sale","14":"shipping-taxable","15":"purchasable","16":"product-type-simple"},"_links":{"self":[{"href":"https:\/\/para-mirava.ma\/index.php?rest_route=\/wp\/v2\/product\/19823","targetHints":{"allow":["GET"]}}],"collection":[{"href":"https:\/\/para-mirava.ma\/index.php?rest_route=\/wp\/v2\/product"}],"about":[{"href":"https:\/\/para-mirava.ma\/index.php?rest_route=\/wp\/v2\/types\/product"}],"wp:featuredmedia":[{"embeddable":true,"href":"https:\/\/para-mirava.ma\/index.php?rest_route=\/wp\/v2\/media\/19822"}],"wp:attachment":[{"href":"https:\/\/para-mirava.ma\/index.php?rest_route=%2Fwp%2Fv2%2Fmedia&parent=19823"}],"wp:term":[{"taxonomy":"product_brand","embeddable":true,"href":"https:\/\/para-mirava.ma\/index.php?rest_route=%2Fwp%2Fv2%2Fproduct_brand&post=19823"},{"taxonomy":"product_cat","embeddable":true,"href":"https:\/\/para-mirava.ma\/index.php?rest_route=%2Fwp%2Fv2%2Fproduct_cat&post=19823"},{"taxonomy":"product_tag","embeddable":true,"href":"https:\/\/para-mirava.ma\/index.php?rest_route=%2Fwp%2Fv2%2Fproduct_tag&post=19823"}],"curies":[{"name":"wp","href":"https:\/\/api.w.org\/{rel}","templated":true}]}}