{"id":19829,"date":"2026-03-17T17:37:21","date_gmt":"2026-03-17T17:37:21","guid":{"rendered":"https:\/\/para-mirava.ma\/?product=svr-ak-secure-dm-protect-fluide-solaire-50ml-2"},"modified":"2026-03-17T18:45:13","modified_gmt":"2026-03-17T18:45:13","slug":"svr-ak-secure-dm-protect-fluide-solaire-50ml-2","status":"publish","type":"product","link":"https:\/\/para-mirava.ma\/?product=svr-ak-secure-dm-protect-fluide-solaire-50ml-2","title":{"rendered":"SVR AK SECURE DM PROTECT FLUIDE SOLAIRE 50ML"},"content":{"rendered":"<p>AK SECURE DM Protect est un dispositif m\u00e9dical d\u00e9velopp\u00e9 pour les peaux hypersensibles au soleil ou \u00e0 risques : phototypes clairs I et II ou immunosupprim\u00e9s. Dans une texture hydratante non grasse, non collante, il offre une tr\u00e8s haute protection solaire pour pr\u00e9venir chaque jour les dommages caus\u00e9s par le soleil. Disponible dans votre parapharmacie en ligne www.cotepara.ma<\/p>\n","protected":false},"excerpt":{"rendered":"<p>AK SECURE DM Protect est un dispositif m\u00e9dical d\u00e9velopp\u00e9 pour les peaux hypersensibles au soleil ou \u00e0 risques : phototypes clairs I et II ou immunosupprim\u00e9s. Dans une texture hydratante non grasse, non collante, il offre une tr\u00e8s haute protection solaire pour pr\u00e9venir chaque jour les dommages caus\u00e9s par le soleil. Disponible dans votre parapharmacie [&hellip;]<\/p>\n","protected":false},"featured_media":19828,"template":"","meta":[],"product_brand":[175],"product_cat":[15,138],"product_tag":[],"class_list":{"0":"post-19829","1":"product","2":"type-product","3":"status-publish","4":"has-post-thumbnail","6":"product_brand-svr","7":"product_cat-tout","8":"product_cat-svr","9":"ts_product_brand-svr","11":"first","12":"instock","13":"sale","14":"shipping-taxable","15":"purchasable","16":"product-type-simple"},"_links":{"self":[{"href":"https:\/\/para-mirava.ma\/index.php?rest_route=\/wp\/v2\/product\/19829","targetHints":{"allow":["GET"]}}],"collection":[{"href":"https:\/\/para-mirava.ma\/index.php?rest_route=\/wp\/v2\/product"}],"about":[{"href":"https:\/\/para-mirava.ma\/index.php?rest_route=\/wp\/v2\/types\/product"}],"wp:featuredmedia":[{"embeddable":true,"href":"https:\/\/para-mirava.ma\/index.php?rest_route=\/wp\/v2\/media\/19828"}],"wp:attachment":[{"href":"https:\/\/para-mirava.ma\/index.php?rest_route=%2Fwp%2Fv2%2Fmedia&parent=19829"}],"wp:term":[{"taxonomy":"product_brand","embeddable":true,"href":"https:\/\/para-mirava.ma\/index.php?rest_route=%2Fwp%2Fv2%2Fproduct_brand&post=19829"},{"taxonomy":"product_cat","embeddable":true,"href":"https:\/\/para-mirava.ma\/index.php?rest_route=%2Fwp%2Fv2%2Fproduct_cat&post=19829"},{"taxonomy":"product_tag","embeddable":true,"href":"https:\/\/para-mirava.ma\/index.php?rest_route=%2Fwp%2Fv2%2Fproduct_tag&post=19829"}],"curies":[{"name":"wp","href":"https:\/\/api.w.org\/{rel}","templated":true}]}}