{"id":19843,"date":"2026-03-17T17:37:29","date_gmt":"2026-03-17T17:37:29","guid":{"rendered":"https:\/\/para-mirava.ma\/?product=svr-clairial-night-peel-50ml-xxxx-2"},"modified":"2026-03-17T18:45:13","modified_gmt":"2026-03-17T18:45:13","slug":"svr-clairial-night-peel-50ml-xxxx-2","status":"publish","type":"product","link":"https:\/\/para-mirava.ma\/?product=svr-clairial-night-peel-50ml-xxxx-2","title":{"rendered":"SVR CLAIRIAL NIGHT PEEL 50ML xxxx"},"content":{"rendered":"<p>Clairial Night Peel est un peeling \u00e0 domicile agissant sur les taches. Il associe le c\u0153ur de formule du produit star Clairial S\u00e9rum \u00e0 une enzyme de papaye, qui, gr\u00e2ce \u00e0 son action k\u00e9ratolytique de surface, estompe les taches. D\u00e8s la premi\u00e8re nuit, la peau est plus claire et plus lumineuse. Nuit apr\u00e8s nuit, les taches sont moins visibles, la peau est plus homog\u00e8ne et \u00e9clatante. Disponible dans votre parapharmacie en ligne www.cotepara.ma.<\/p>\n","protected":false},"excerpt":{"rendered":"<p>Clairial Night Peel est un peeling \u00e0 domicile agissant sur les taches. Il associe le c\u0153ur de formule du produit star Clairial S\u00e9rum \u00e0 une enzyme de papaye, qui, gr\u00e2ce \u00e0 son action k\u00e9ratolytique de surface, estompe les taches. D\u00e8s la premi\u00e8re nuit, la peau est plus claire et plus lumineuse. Nuit apr\u00e8s nuit, les [&hellip;]<\/p>\n","protected":false},"featured_media":19842,"template":"","meta":[],"product_brand":[175],"product_cat":[15,138],"product_tag":[],"class_list":{"0":"post-19843","1":"product","2":"type-product","3":"status-publish","4":"has-post-thumbnail","6":"product_brand-svr","7":"product_cat-tout","8":"product_cat-svr","9":"ts_product_brand-svr","11":"first","12":"instock","13":"sale","14":"shipping-taxable","15":"purchasable","16":"product-type-simple"},"_links":{"self":[{"href":"https:\/\/para-mirava.ma\/index.php?rest_route=\/wp\/v2\/product\/19843","targetHints":{"allow":["GET"]}}],"collection":[{"href":"https:\/\/para-mirava.ma\/index.php?rest_route=\/wp\/v2\/product"}],"about":[{"href":"https:\/\/para-mirava.ma\/index.php?rest_route=\/wp\/v2\/types\/product"}],"wp:featuredmedia":[{"embeddable":true,"href":"https:\/\/para-mirava.ma\/index.php?rest_route=\/wp\/v2\/media\/19842"}],"wp:attachment":[{"href":"https:\/\/para-mirava.ma\/index.php?rest_route=%2Fwp%2Fv2%2Fmedia&parent=19843"}],"wp:term":[{"taxonomy":"product_brand","embeddable":true,"href":"https:\/\/para-mirava.ma\/index.php?rest_route=%2Fwp%2Fv2%2Fproduct_brand&post=19843"},{"taxonomy":"product_cat","embeddable":true,"href":"https:\/\/para-mirava.ma\/index.php?rest_route=%2Fwp%2Fv2%2Fproduct_cat&post=19843"},{"taxonomy":"product_tag","embeddable":true,"href":"https:\/\/para-mirava.ma\/index.php?rest_route=%2Fwp%2Fv2%2Fproduct_tag&post=19843"}],"curies":[{"name":"wp","href":"https:\/\/api.w.org\/{rel}","templated":true}]}}