{"id":19845,"date":"2026-03-17T17:37:30","date_gmt":"2026-03-17T17:37:30","guid":{"rendered":"https:\/\/para-mirava.ma\/?product=svr-cicavit-creme-spf50-40ml-2"},"modified":"2026-03-17T18:45:12","modified_gmt":"2026-03-17T18:45:12","slug":"svr-cicavit-creme-spf50-40ml-2","status":"publish","type":"product","link":"https:\/\/para-mirava.ma\/?product=svr-cicavit-creme-spf50-40ml-2","title":{"rendered":"SVR CICAVIT+ CREME SPF50+ 40ML"},"content":{"rendered":"<p>Cicavit+ Cr\u00e8me SPF50+ garantit un \u00e9t\u00e9 sans marques ! Sa texture invisible fusionne avec la peau pour apaiser intens\u00e9ment et acc\u00e9l\u00e9rer la r\u00e9paration cutan\u00e9e X7(1) des peaux abim\u00e9es et irrit\u00e9es de toute la famille. Formul\u00e9e avec une technologie filtrante anti-UVA\/UVB et un complexe anti-oxydant anti-lumi\u00e8re visible et infrarouges, la cr\u00e8me cible tous les types de rayons(2) pour limiter les risques de marques rouges et brunes. Disponible dans votre parapharmacie en ligne www.cotepara.ma<\/p>\n","protected":false},"excerpt":{"rendered":"<p>Cicavit+ Cr\u00e8me SPF50+ garantit un \u00e9t\u00e9 sans marques ! Sa texture invisible fusionne avec la peau pour apaiser intens\u00e9ment et acc\u00e9l\u00e9rer la r\u00e9paration cutan\u00e9e X7(1) des peaux abim\u00e9es et irrit\u00e9es de toute la famille. Formul\u00e9e avec une technologie filtrante anti-UVA\/UVB et un complexe anti-oxydant anti-lumi\u00e8re visible et infrarouges, la cr\u00e8me cible tous les types de [&hellip;]<\/p>\n","protected":false},"featured_media":19844,"template":"","meta":[],"product_brand":[175],"product_cat":[15,138],"product_tag":[],"class_list":{"0":"post-19845","1":"product","2":"type-product","3":"status-publish","4":"has-post-thumbnail","6":"product_brand-svr","7":"product_cat-tout","8":"product_cat-svr","9":"ts_product_brand-svr","11":"first","12":"instock","13":"sale","14":"shipping-taxable","15":"purchasable","16":"product-type-simple"},"_links":{"self":[{"href":"https:\/\/para-mirava.ma\/index.php?rest_route=\/wp\/v2\/product\/19845","targetHints":{"allow":["GET"]}}],"collection":[{"href":"https:\/\/para-mirava.ma\/index.php?rest_route=\/wp\/v2\/product"}],"about":[{"href":"https:\/\/para-mirava.ma\/index.php?rest_route=\/wp\/v2\/types\/product"}],"wp:featuredmedia":[{"embeddable":true,"href":"https:\/\/para-mirava.ma\/index.php?rest_route=\/wp\/v2\/media\/19844"}],"wp:attachment":[{"href":"https:\/\/para-mirava.ma\/index.php?rest_route=%2Fwp%2Fv2%2Fmedia&parent=19845"}],"wp:term":[{"taxonomy":"product_brand","embeddable":true,"href":"https:\/\/para-mirava.ma\/index.php?rest_route=%2Fwp%2Fv2%2Fproduct_brand&post=19845"},{"taxonomy":"product_cat","embeddable":true,"href":"https:\/\/para-mirava.ma\/index.php?rest_route=%2Fwp%2Fv2%2Fproduct_cat&post=19845"},{"taxonomy":"product_tag","embeddable":true,"href":"https:\/\/para-mirava.ma\/index.php?rest_route=%2Fwp%2Fv2%2Fproduct_tag&post=19845"}],"curies":[{"name":"wp","href":"https:\/\/api.w.org\/{rel}","templated":true}]}}