{"id":19851,"date":"2026-03-17T17:37:33","date_gmt":"2026-03-17T17:37:33","guid":{"rendered":"https:\/\/para-mirava.ma\/?product=svr-ecran-sun-secure-eau-solaire-spf50-200ml-2"},"modified":"2026-03-17T18:45:12","modified_gmt":"2026-03-17T18:45:12","slug":"svr-ecran-sun-secure-eau-solaire-spf50-200ml-2","status":"publish","type":"product","link":"https:\/\/para-mirava.ma\/?product=svr-ecran-sun-secure-eau-solaire-spf50-200ml-2","title":{"rendered":"SVR ECRAN SUN SECURE EAU SOLAIRE SPF50+ 200ML"},"content":{"rendered":"<p>Brevet(1) Sun Secure : 4 ann\u00e9es de recherche pour inventer l&#8217;association filtrante id\u00e9ale qui d\u00e9livre \u00e0 la fois une tr\u00e8s haute protection solaire tout en respectant l&#8217;environnement marin.<\/p>\n<p>Disponible dans votre parapharmacie en ligne www.cotepara.ma<\/p>\n<p>SUN SECURE Eau solaire SPF50+ offre une tr\u00e8s haute protection dermatologique int\u00e9grant cette nouvelle association de filtre brevet\u00e9e(1) respectueuse de l&#8217;environnement marin.<\/p>\n<p>Plus d&#8217;excuse pour ne pas s&#8217;appliquer de protection solaire : sa texture bi-phase est compos\u00e9e \u00e0 40% de phase aqueuse qui all\u00e8gent les 60% de phase huileuse contenant les filtres, pour cr\u00e9er l&#8217;alliance parfaite d&#8217;une texture fraiche, l\u00e9g\u00e8re et invisible ! Une texture addictive qu&#8217;on adorera s&#8217;appliquer et se r\u00e9appliquer sans cesse !<\/p>\n<p>Tr\u00e8s r\u00e9sistante \u00e0 l&#8217;eau. R\u00e9siste aux frottements.<\/p>\n","protected":false},"excerpt":{"rendered":"<p>Brevet(1) Sun Secure : 4 ann\u00e9es de recherche pour inventer l&#8217;association filtrante id\u00e9ale qui d\u00e9livre \u00e0 la fois une tr\u00e8s haute protection solaire tout en respectant l&#8217;environnement marin. Disponible dans votre parapharmacie en ligne www.cotepara.ma SUN SECURE Eau solaire SPF50+ offre une tr\u00e8s haute protection dermatologique int\u00e9grant cette nouvelle association de filtre brevet\u00e9e(1) respectueuse de [&hellip;]<\/p>\n","protected":false},"featured_media":19850,"template":"","meta":[],"product_brand":[175],"product_cat":[15,138],"product_tag":[],"class_list":{"0":"post-19851","1":"product","2":"type-product","3":"status-publish","4":"has-post-thumbnail","6":"product_brand-svr","7":"product_cat-tout","8":"product_cat-svr","9":"ts_product_brand-svr","11":"first","12":"instock","13":"sale","14":"shipping-taxable","15":"purchasable","16":"product-type-simple"},"_links":{"self":[{"href":"https:\/\/para-mirava.ma\/index.php?rest_route=\/wp\/v2\/product\/19851","targetHints":{"allow":["GET"]}}],"collection":[{"href":"https:\/\/para-mirava.ma\/index.php?rest_route=\/wp\/v2\/product"}],"about":[{"href":"https:\/\/para-mirava.ma\/index.php?rest_route=\/wp\/v2\/types\/product"}],"wp:featuredmedia":[{"embeddable":true,"href":"https:\/\/para-mirava.ma\/index.php?rest_route=\/wp\/v2\/media\/19850"}],"wp:attachment":[{"href":"https:\/\/para-mirava.ma\/index.php?rest_route=%2Fwp%2Fv2%2Fmedia&parent=19851"}],"wp:term":[{"taxonomy":"product_brand","embeddable":true,"href":"https:\/\/para-mirava.ma\/index.php?rest_route=%2Fwp%2Fv2%2Fproduct_brand&post=19851"},{"taxonomy":"product_cat","embeddable":true,"href":"https:\/\/para-mirava.ma\/index.php?rest_route=%2Fwp%2Fv2%2Fproduct_cat&post=19851"},{"taxonomy":"product_tag","embeddable":true,"href":"https:\/\/para-mirava.ma\/index.php?rest_route=%2Fwp%2Fv2%2Fproduct_tag&post=19851"}],"curies":[{"name":"wp","href":"https:\/\/api.w.org\/{rel}","templated":true}]}}