{"id":19853,"date":"2026-03-17T17:37:34","date_gmt":"2026-03-17T17:37:34","guid":{"rendered":"https:\/\/para-mirava.ma\/?product=svr-cicavit-gel-moussant-200ml-2"},"modified":"2026-03-17T18:45:12","modified_gmt":"2026-03-17T18:45:12","slug":"svr-cicavit-gel-moussant-200ml-2","status":"publish","type":"product","link":"https:\/\/para-mirava.ma\/?product=svr-cicavit-gel-moussant-200ml-2","title":{"rendered":"SVR CICAVIT+ GEL MOUSSANT 200ML"},"content":{"rendered":"<p>Utiliser un nettoyant expert des peaux fragilis\u00e9es apaise les irritations et favorise une r\u00e9paration plus rapide et plus belle. Le nouveau Gel Moussant CICAVIT+ Assainissant Apaisant Ultra-doux permet de nettoyer les zones cutan\u00e9es irrit\u00e9es tout en respectant l&#8217;\u00e9quilibre du microbiote cutan\u00e9 et le film hydrolipidique de la peau.<\/p>\n","protected":false},"excerpt":{"rendered":"<p>Utiliser un nettoyant expert des peaux fragilis\u00e9es apaise les irritations et favorise une r\u00e9paration plus rapide et plus belle. Le nouveau Gel Moussant CICAVIT+ Assainissant Apaisant Ultra-doux permet de nettoyer les zones cutan\u00e9es irrit\u00e9es tout en respectant l&#8217;\u00e9quilibre du microbiote cutan\u00e9 et le film hydrolipidique de la peau.<\/p>\n","protected":false},"featured_media":19852,"template":"","meta":[],"product_brand":[175],"product_cat":[15,138],"product_tag":[],"class_list":{"0":"post-19853","1":"product","2":"type-product","3":"status-publish","4":"has-post-thumbnail","6":"product_brand-svr","7":"product_cat-tout","8":"product_cat-svr","9":"ts_product_brand-svr","11":"first","12":"instock","13":"sale","14":"shipping-taxable","15":"purchasable","16":"product-type-simple"},"_links":{"self":[{"href":"https:\/\/para-mirava.ma\/index.php?rest_route=\/wp\/v2\/product\/19853","targetHints":{"allow":["GET"]}}],"collection":[{"href":"https:\/\/para-mirava.ma\/index.php?rest_route=\/wp\/v2\/product"}],"about":[{"href":"https:\/\/para-mirava.ma\/index.php?rest_route=\/wp\/v2\/types\/product"}],"wp:featuredmedia":[{"embeddable":true,"href":"https:\/\/para-mirava.ma\/index.php?rest_route=\/wp\/v2\/media\/19852"}],"wp:attachment":[{"href":"https:\/\/para-mirava.ma\/index.php?rest_route=%2Fwp%2Fv2%2Fmedia&parent=19853"}],"wp:term":[{"taxonomy":"product_brand","embeddable":true,"href":"https:\/\/para-mirava.ma\/index.php?rest_route=%2Fwp%2Fv2%2Fproduct_brand&post=19853"},{"taxonomy":"product_cat","embeddable":true,"href":"https:\/\/para-mirava.ma\/index.php?rest_route=%2Fwp%2Fv2%2Fproduct_cat&post=19853"},{"taxonomy":"product_tag","embeddable":true,"href":"https:\/\/para-mirava.ma\/index.php?rest_route=%2Fwp%2Fv2%2Fproduct_tag&post=19853"}],"curies":[{"name":"wp","href":"https:\/\/api.w.org\/{rel}","templated":true}]}}