{"id":19855,"date":"2026-03-17T17:37:35","date_gmt":"2026-03-17T17:37:35","guid":{"rendered":"https:\/\/para-mirava.ma\/?product=svr-sebiaclear-micro-peel-eau-renovatrice-150ml-2"},"modified":"2026-03-17T18:45:12","modified_gmt":"2026-03-17T18:45:12","slug":"svr-sebiaclear-micro-peel-eau-renovatrice-150ml-2","status":"publish","type":"product","link":"https:\/\/para-mirava.ma\/?product=svr-sebiaclear-micro-peel-eau-renovatrice-150ml-2","title":{"rendered":"SVR SEBIACLEAR MICRO PEEL EAU RENOVATRICE 150ML"},"content":{"rendered":"<p>Pour les peaux sensibles mixtes \u00e0 grasses, \u00e0 tendance acn\u00e9ique. Pores, boutons, points noirs. Visage, Adulte.<\/p>\n<p>Disponible dans votre parapharmacie en ligne www.cotepara.ma<\/p>\n<p>Plus de 40% des adultes se battent contre leurs boutons et imperfections, un vrai combat du quotidien. SEBIACLEAR Micro-Peel, la premi\u00e8re eau dermatologique haute concentration d\u00e9sincrustante lissante offre une nouvelle gestuelle de soin efficace et sensorielle. Aussi liquide que de l&#8217;eau, mais si riche en actifs, cette essence \u00e9vanescente infuse la peau tr\u00e8s rapidement pour un effet peau nette imm\u00e9diat. Elle puise sa force et son efficacit\u00e9 dans le choix de ses actifs, un duo d&#8217;acides k\u00e9ratolytiques compl\u00e9mentaires pour agir rapidement et durablement sur les pores, les boutons et les points noirs sans renoncer \u00e0 la tol\u00e9rance. Sa texture aqueuse d\u00e9licatement parfum\u00e9e, non grasse, non collante garantie un vrai coup de fraicheur pour une peau propre, purifi\u00e9e sans \u00eatre dess\u00e9ch\u00e9e, des pores resserr\u00e9s et un grain de peau liss\u00e9.<\/p>\n","protected":false},"excerpt":{"rendered":"<p>Pour les peaux sensibles mixtes \u00e0 grasses, \u00e0 tendance acn\u00e9ique. Pores, boutons, points noirs. Visage, Adulte. Disponible dans votre parapharmacie en ligne www.cotepara.ma Plus de 40% des adultes se battent contre leurs boutons et imperfections, un vrai combat du quotidien. SEBIACLEAR Micro-Peel, la premi\u00e8re eau dermatologique haute concentration d\u00e9sincrustante lissante offre une nouvelle gestuelle de [&hellip;]<\/p>\n","protected":false},"featured_media":19854,"template":"","meta":[],"product_brand":[175],"product_cat":[15,138],"product_tag":[],"class_list":{"0":"post-19855","1":"product","2":"type-product","3":"status-publish","4":"has-post-thumbnail","6":"product_brand-svr","7":"product_cat-tout","8":"product_cat-svr","9":"ts_product_brand-svr","11":"first","12":"instock","13":"sale","14":"shipping-taxable","15":"purchasable","16":"product-type-simple"},"_links":{"self":[{"href":"https:\/\/para-mirava.ma\/index.php?rest_route=\/wp\/v2\/product\/19855","targetHints":{"allow":["GET"]}}],"collection":[{"href":"https:\/\/para-mirava.ma\/index.php?rest_route=\/wp\/v2\/product"}],"about":[{"href":"https:\/\/para-mirava.ma\/index.php?rest_route=\/wp\/v2\/types\/product"}],"wp:featuredmedia":[{"embeddable":true,"href":"https:\/\/para-mirava.ma\/index.php?rest_route=\/wp\/v2\/media\/19854"}],"wp:attachment":[{"href":"https:\/\/para-mirava.ma\/index.php?rest_route=%2Fwp%2Fv2%2Fmedia&parent=19855"}],"wp:term":[{"taxonomy":"product_brand","embeddable":true,"href":"https:\/\/para-mirava.ma\/index.php?rest_route=%2Fwp%2Fv2%2Fproduct_brand&post=19855"},{"taxonomy":"product_cat","embeddable":true,"href":"https:\/\/para-mirava.ma\/index.php?rest_route=%2Fwp%2Fv2%2Fproduct_cat&post=19855"},{"taxonomy":"product_tag","embeddable":true,"href":"https:\/\/para-mirava.ma\/index.php?rest_route=%2Fwp%2Fv2%2Fproduct_tag&post=19855"}],"curies":[{"name":"wp","href":"https:\/\/api.w.org\/{rel}","templated":true}]}}