{"id":19859,"date":"2026-03-17T17:37:37","date_gmt":"2026-03-17T17:37:37","guid":{"rendered":"https:\/\/para-mirava.ma\/?product=svr-ecran-sun-secure-creme-biodegradable-spf50-50ml-2"},"modified":"2026-03-17T18:45:12","modified_gmt":"2026-03-17T18:45:12","slug":"svr-ecran-sun-secure-creme-biodegradable-spf50-50ml-2","status":"publish","type":"product","link":"https:\/\/para-mirava.ma\/?product=svr-ecran-sun-secure-creme-biodegradable-spf50-50ml-2","title":{"rendered":"SVR ECRAN SUN SECURE CREME BIODEGRADABLE SPF50+ 50ML"},"content":{"rendered":"<p>Une cr\u00e8me confort au toucher velours non collant. Particuli\u00e8rement adapt\u00e9e aux peaux normales \u00e0 s\u00e8ches, sa texture onctueuse fond sur la peau et l&#8217;hydrate g\u00e9n\u00e9reusement. Son d\u00e9licat parfum d&#8217;\u00e9t\u00e9 donne envie d&#8217;en r\u00e9appliquer encore et encore. Disponible dans votre parapharmacie en ligne www.cotepara.ma<\/p>\n","protected":false},"excerpt":{"rendered":"<p>Une cr\u00e8me confort au toucher velours non collant. Particuli\u00e8rement adapt\u00e9e aux peaux normales \u00e0 s\u00e8ches, sa texture onctueuse fond sur la peau et l&#8217;hydrate g\u00e9n\u00e9reusement. Son d\u00e9licat parfum d&#8217;\u00e9t\u00e9 donne envie d&#8217;en r\u00e9appliquer encore et encore. Disponible dans votre parapharmacie en ligne www.cotepara.ma<\/p>\n","protected":false},"featured_media":19858,"template":"","meta":[],"product_brand":[175],"product_cat":[15,138],"product_tag":[],"class_list":{"0":"post-19859","1":"product","2":"type-product","3":"status-publish","4":"has-post-thumbnail","6":"product_brand-svr","7":"product_cat-tout","8":"product_cat-svr","9":"ts_product_brand-svr","11":"first","12":"instock","13":"sale","14":"shipping-taxable","15":"purchasable","16":"product-type-simple"},"_links":{"self":[{"href":"https:\/\/para-mirava.ma\/index.php?rest_route=\/wp\/v2\/product\/19859","targetHints":{"allow":["GET"]}}],"collection":[{"href":"https:\/\/para-mirava.ma\/index.php?rest_route=\/wp\/v2\/product"}],"about":[{"href":"https:\/\/para-mirava.ma\/index.php?rest_route=\/wp\/v2\/types\/product"}],"wp:featuredmedia":[{"embeddable":true,"href":"https:\/\/para-mirava.ma\/index.php?rest_route=\/wp\/v2\/media\/19858"}],"wp:attachment":[{"href":"https:\/\/para-mirava.ma\/index.php?rest_route=%2Fwp%2Fv2%2Fmedia&parent=19859"}],"wp:term":[{"taxonomy":"product_brand","embeddable":true,"href":"https:\/\/para-mirava.ma\/index.php?rest_route=%2Fwp%2Fv2%2Fproduct_brand&post=19859"},{"taxonomy":"product_cat","embeddable":true,"href":"https:\/\/para-mirava.ma\/index.php?rest_route=%2Fwp%2Fv2%2Fproduct_cat&post=19859"},{"taxonomy":"product_tag","embeddable":true,"href":"https:\/\/para-mirava.ma\/index.php?rest_route=%2Fwp%2Fv2%2Fproduct_tag&post=19859"}],"curies":[{"name":"wp","href":"https:\/\/api.w.org\/{rel}","templated":true}]}}