{"id":19871,"date":"2026-03-17T17:37:42","date_gmt":"2026-03-17T17:37:42","guid":{"rendered":"https:\/\/para-mirava.ma\/?product=svr-sensifine-hydra-creme-40ml-2"},"modified":"2026-03-17T18:45:11","modified_gmt":"2026-03-17T18:45:11","slug":"svr-sensifine-hydra-creme-40ml-2","status":"publish","type":"product","link":"https:\/\/para-mirava.ma\/?product=svr-sensifine-hydra-creme-40ml-2","title":{"rendered":"SVR SENSIFINE HYDRA CREME 40ML"},"content":{"rendered":"<p>Associer tol\u00e9rance, efficacit\u00e9 et plaisir, challenge relev\u00e9 pour ce nouveau soin Sensifine. Cette cr\u00e8me minimaliste a \u00e9t\u00e9 formul\u00e9 avec uniquement 10 ingr\u00e9dients et 96% d&#8217;ingr\u00e9dients d&#8217;origine naturelle, tous s\u00e9lectionn\u00e9s et choisis minutieusement pour apaiser instantan\u00e9ment et hydrater intens\u00e9ment ces peaux fragiles ni trop grasses ni trop s\u00e8ches. Sa texture gel-cr\u00e8me onctueuse enrichie en huile d&#8217;avocat fusionne avec la peau pour apporter confort et hydratation 24h durant sans une trace de fini gras ou collant.<\/p>\n<p>Disponible dans votre parapharmacie en ligne www.cotepara.ma<\/p>\n<p>Un soin qui r\u00e9conforte les peaux hypersensibles, mais qui prend aussi soin de la plan\u00e8te avec un packaging all\u00e9g\u00e9 en plastique.<\/p>\n","protected":false},"excerpt":{"rendered":"<p>Associer tol\u00e9rance, efficacit\u00e9 et plaisir, challenge relev\u00e9 pour ce nouveau soin Sensifine. Cette cr\u00e8me minimaliste a \u00e9t\u00e9 formul\u00e9 avec uniquement 10 ingr\u00e9dients et 96% d&#8217;ingr\u00e9dients d&#8217;origine naturelle, tous s\u00e9lectionn\u00e9s et choisis minutieusement pour apaiser instantan\u00e9ment et hydrater intens\u00e9ment ces peaux fragiles ni trop grasses ni trop s\u00e8ches. Sa texture gel-cr\u00e8me onctueuse enrichie en huile d&#8217;avocat [&hellip;]<\/p>\n","protected":false},"featured_media":19870,"template":"","meta":[],"product_brand":[175],"product_cat":[15,138],"product_tag":[],"class_list":{"0":"post-19871","1":"product","2":"type-product","3":"status-publish","4":"has-post-thumbnail","6":"product_brand-svr","7":"product_cat-tout","8":"product_cat-svr","9":"ts_product_brand-svr","11":"first","12":"instock","13":"sale","14":"shipping-taxable","15":"purchasable","16":"product-type-simple"},"_links":{"self":[{"href":"https:\/\/para-mirava.ma\/index.php?rest_route=\/wp\/v2\/product\/19871","targetHints":{"allow":["GET"]}}],"collection":[{"href":"https:\/\/para-mirava.ma\/index.php?rest_route=\/wp\/v2\/product"}],"about":[{"href":"https:\/\/para-mirava.ma\/index.php?rest_route=\/wp\/v2\/types\/product"}],"wp:featuredmedia":[{"embeddable":true,"href":"https:\/\/para-mirava.ma\/index.php?rest_route=\/wp\/v2\/media\/19870"}],"wp:attachment":[{"href":"https:\/\/para-mirava.ma\/index.php?rest_route=%2Fwp%2Fv2%2Fmedia&parent=19871"}],"wp:term":[{"taxonomy":"product_brand","embeddable":true,"href":"https:\/\/para-mirava.ma\/index.php?rest_route=%2Fwp%2Fv2%2Fproduct_brand&post=19871"},{"taxonomy":"product_cat","embeddable":true,"href":"https:\/\/para-mirava.ma\/index.php?rest_route=%2Fwp%2Fv2%2Fproduct_cat&post=19871"},{"taxonomy":"product_tag","embeddable":true,"href":"https:\/\/para-mirava.ma\/index.php?rest_route=%2Fwp%2Fv2%2Fproduct_tag&post=19871"}],"curies":[{"name":"wp","href":"https:\/\/api.w.org\/{rel}","templated":true}]}}