{"id":19873,"date":"2026-03-17T17:37:44","date_gmt":"2026-03-17T17:37:44","guid":{"rendered":"https:\/\/para-mirava.ma\/?product=svr-topialyse-gel-lavant-1l-2"},"modified":"2026-03-17T18:45:11","modified_gmt":"2026-03-17T18:45:11","slug":"svr-topialyse-gel-lavant-1l-2","status":"publish","type":"product","link":"https:\/\/para-mirava.ma\/?product=svr-topialyse-gel-lavant-1l-2","title":{"rendered":"SVR TOPIALYSE GEL LAVANT 1L"},"content":{"rendered":"<p>TOPIALYSE GEL LAVANT nettoie en douceur et prot\u00e8ge la peau des facteurs dess\u00e9chants. Sa formule apaisante et hydratante 24h r\u00e9duit les sensations de grattages et adoucie la peau pour un confort imm\u00e9diat et longue dur\u00e9e.<\/p>\n<p>Disponible dans votre parapharmacie en ligne www.cotepara.ma<\/p>\n<p>Respectueux pour votre peau et pour la plan\u00e8te, TOPIALYSE GEL LAVANT a une formule biod\u00e9gradable compos\u00e9e \u00e0 89% d&#8217;ingr\u00e9dients d&#8217;origine naturelle, protectrice de votre film hydrolipidique.<\/p>\n","protected":false},"excerpt":{"rendered":"<p>TOPIALYSE GEL LAVANT nettoie en douceur et prot\u00e8ge la peau des facteurs dess\u00e9chants. Sa formule apaisante et hydratante 24h r\u00e9duit les sensations de grattages et adoucie la peau pour un confort imm\u00e9diat et longue dur\u00e9e. Disponible dans votre parapharmacie en ligne www.cotepara.ma Respectueux pour votre peau et pour la plan\u00e8te, TOPIALYSE GEL LAVANT a une [&hellip;]<\/p>\n","protected":false},"featured_media":19872,"template":"","meta":[],"product_brand":[175],"product_cat":[15,138],"product_tag":[],"class_list":{"0":"post-19873","1":"product","2":"type-product","3":"status-publish","4":"has-post-thumbnail","6":"product_brand-svr","7":"product_cat-tout","8":"product_cat-svr","9":"ts_product_brand-svr","11":"first","12":"instock","13":"sale","14":"shipping-taxable","15":"purchasable","16":"product-type-simple"},"_links":{"self":[{"href":"https:\/\/para-mirava.ma\/index.php?rest_route=\/wp\/v2\/product\/19873","targetHints":{"allow":["GET"]}}],"collection":[{"href":"https:\/\/para-mirava.ma\/index.php?rest_route=\/wp\/v2\/product"}],"about":[{"href":"https:\/\/para-mirava.ma\/index.php?rest_route=\/wp\/v2\/types\/product"}],"wp:featuredmedia":[{"embeddable":true,"href":"https:\/\/para-mirava.ma\/index.php?rest_route=\/wp\/v2\/media\/19872"}],"wp:attachment":[{"href":"https:\/\/para-mirava.ma\/index.php?rest_route=%2Fwp%2Fv2%2Fmedia&parent=19873"}],"wp:term":[{"taxonomy":"product_brand","embeddable":true,"href":"https:\/\/para-mirava.ma\/index.php?rest_route=%2Fwp%2Fv2%2Fproduct_brand&post=19873"},{"taxonomy":"product_cat","embeddable":true,"href":"https:\/\/para-mirava.ma\/index.php?rest_route=%2Fwp%2Fv2%2Fproduct_cat&post=19873"},{"taxonomy":"product_tag","embeddable":true,"href":"https:\/\/para-mirava.ma\/index.php?rest_route=%2Fwp%2Fv2%2Fproduct_tag&post=19873"}],"curies":[{"name":"wp","href":"https:\/\/api.w.org\/{rel}","templated":true}]}}