{"id":19881,"date":"2026-03-17T17:37:48","date_gmt":"2026-03-17T17:37:48","guid":{"rendered":"https:\/\/para-mirava.ma\/?product=svr-topialyse-baume-protect-200ml-2"},"modified":"2026-03-17T18:45:11","modified_gmt":"2026-03-17T18:45:11","slug":"svr-topialyse-baume-protect-200ml-2","status":"publish","type":"product","link":"https:\/\/para-mirava.ma\/?product=svr-topialyse-baume-protect-200ml-2","title":{"rendered":"SVR TOPIALYSE BAUME PROTECT+ 200ML"},"content":{"rendered":"<p>R\u00e9parer et apaiser imm\u00e9diatement et durablement les sensations de d\u00e9mangeaisons, c&#8217;est bien. Prot\u00e9ger sa peau des agressions ext\u00e9rieures (acariens, pollution&#8230;) accentuant irritations et grattage, c&#8217;est mieux ! Et le faire tout en douceur sans picotements, qui dit mieux ?<\/p>\n<p>TOPIALYSE BAUME PROTECT+, c&#8217;est le premier soin enrichi en C\u00e9ramides AD(1) brevet\u00e9s qui apporte une protection face aux agressions ext\u00e9rieures (acariens, pollution&#8230;) qui peuvent aggraver les irritations et les crises de grattages. Ce baume apaise imm\u00e9diatement et durablement les sensations de d\u00e9mangeaisons pour une peau apais\u00e9e, prot\u00e9g\u00e9e et r\u00e9par\u00e9e durablement. Sa texture nourrissante relipidante fond et laisse un film protecteur \u00e0 la surface de la peau avec un effet anti-adh\u00e9sion des microparticules de pollution (PM 2.5)(2) . Non gras et non collant, l&#8217;habillage se fait directement apr\u00e8s l&#8217;application !<\/p>\n<p>Disponible dans votre parapharmacie en ligne www.cotepara.ma<\/p>\n<p>Le Baume Protect+ est compos\u00e9 de seulement 20 ingr\u00e9dients \u00e0 98% d&#8217;origine naturelle. Sans parfum mais avec une odeur d\u00e9licate.<\/p>\n","protected":false},"excerpt":{"rendered":"<p>R\u00e9parer et apaiser imm\u00e9diatement et durablement les sensations de d\u00e9mangeaisons, c&#8217;est bien. Prot\u00e9ger sa peau des agressions ext\u00e9rieures (acariens, pollution&#8230;) accentuant irritations et grattage, c&#8217;est mieux ! Et le faire tout en douceur sans picotements, qui dit mieux ? TOPIALYSE BAUME PROTECT+, c&#8217;est le premier soin enrichi en C\u00e9ramides AD(1) brevet\u00e9s qui apporte une protection [&hellip;]<\/p>\n","protected":false},"featured_media":19880,"template":"","meta":[],"product_brand":[175],"product_cat":[15,138],"product_tag":[],"class_list":{"0":"post-19881","1":"product","2":"type-product","3":"status-publish","4":"has-post-thumbnail","6":"product_brand-svr","7":"product_cat-tout","8":"product_cat-svr","9":"ts_product_brand-svr","11":"first","12":"instock","13":"sale","14":"shipping-taxable","15":"purchasable","16":"product-type-simple"},"_links":{"self":[{"href":"https:\/\/para-mirava.ma\/index.php?rest_route=\/wp\/v2\/product\/19881","targetHints":{"allow":["GET"]}}],"collection":[{"href":"https:\/\/para-mirava.ma\/index.php?rest_route=\/wp\/v2\/product"}],"about":[{"href":"https:\/\/para-mirava.ma\/index.php?rest_route=\/wp\/v2\/types\/product"}],"wp:featuredmedia":[{"embeddable":true,"href":"https:\/\/para-mirava.ma\/index.php?rest_route=\/wp\/v2\/media\/19880"}],"wp:attachment":[{"href":"https:\/\/para-mirava.ma\/index.php?rest_route=%2Fwp%2Fv2%2Fmedia&parent=19881"}],"wp:term":[{"taxonomy":"product_brand","embeddable":true,"href":"https:\/\/para-mirava.ma\/index.php?rest_route=%2Fwp%2Fv2%2Fproduct_brand&post=19881"},{"taxonomy":"product_cat","embeddable":true,"href":"https:\/\/para-mirava.ma\/index.php?rest_route=%2Fwp%2Fv2%2Fproduct_cat&post=19881"},{"taxonomy":"product_tag","embeddable":true,"href":"https:\/\/para-mirava.ma\/index.php?rest_route=%2Fwp%2Fv2%2Fproduct_tag&post=19881"}],"curies":[{"name":"wp","href":"https:\/\/api.w.org\/{rel}","templated":true}]}}