{"id":19887,"date":"2026-03-17T17:37:50","date_gmt":"2026-03-17T17:37:50","guid":{"rendered":"https:\/\/para-mirava.ma\/?product=svr-densitium-creme-pot-50ml-2"},"modified":"2026-03-17T18:45:11","modified_gmt":"2026-03-17T18:45:11","slug":"svr-densitium-creme-pot-50ml-2","status":"publish","type":"product","link":"https:\/\/para-mirava.ma\/?product=svr-densitium-creme-pot-50ml-2","title":{"rendered":"SVR DENSITIUM CREME POT 50ML"},"content":{"rendered":"<p>Innovation DENSITIUM, la correction globale dermatologique pour une efficacit\u00e9 renforc\u00e9e sur l&#8217;ensemble des signes de l&#8217;\u00e2ge : s\u00e9cheresse, rides, rel\u00e2chement cutan\u00e9, perte d&#8217;\u00e9clat et d&#8217;uniformit\u00e9.<\/p>\n<p>Disponible dans votre parapharmacie en ligne www.cotepara.ma<\/p>\n<p>DENSITIUM CREME a \u00e9t\u00e9 sp\u00e9cialement formul\u00e9e pour accompagner la peau dans les bouleversements dus \u00e0 la m\u00e9nopause et r\u00e9pondre aux besoins des peaux matures.<\/p>\n","protected":false},"excerpt":{"rendered":"<p>Innovation DENSITIUM, la correction globale dermatologique pour une efficacit\u00e9 renforc\u00e9e sur l&#8217;ensemble des signes de l&#8217;\u00e2ge : s\u00e9cheresse, rides, rel\u00e2chement cutan\u00e9, perte d&#8217;\u00e9clat et d&#8217;uniformit\u00e9. Disponible dans votre parapharmacie en ligne www.cotepara.ma DENSITIUM CREME a \u00e9t\u00e9 sp\u00e9cialement formul\u00e9e pour accompagner la peau dans les bouleversements dus \u00e0 la m\u00e9nopause et r\u00e9pondre aux besoins des peaux [&hellip;]<\/p>\n","protected":false},"featured_media":19886,"template":"","meta":[],"product_brand":[175],"product_cat":[15,138],"product_tag":[],"class_list":{"0":"post-19887","1":"product","2":"type-product","3":"status-publish","4":"has-post-thumbnail","6":"product_brand-svr","7":"product_cat-tout","8":"product_cat-svr","9":"ts_product_brand-svr","11":"first","12":"instock","13":"sale","14":"shipping-taxable","15":"purchasable","16":"product-type-simple"},"_links":{"self":[{"href":"https:\/\/para-mirava.ma\/index.php?rest_route=\/wp\/v2\/product\/19887","targetHints":{"allow":["GET"]}}],"collection":[{"href":"https:\/\/para-mirava.ma\/index.php?rest_route=\/wp\/v2\/product"}],"about":[{"href":"https:\/\/para-mirava.ma\/index.php?rest_route=\/wp\/v2\/types\/product"}],"wp:featuredmedia":[{"embeddable":true,"href":"https:\/\/para-mirava.ma\/index.php?rest_route=\/wp\/v2\/media\/19886"}],"wp:attachment":[{"href":"https:\/\/para-mirava.ma\/index.php?rest_route=%2Fwp%2Fv2%2Fmedia&parent=19887"}],"wp:term":[{"taxonomy":"product_brand","embeddable":true,"href":"https:\/\/para-mirava.ma\/index.php?rest_route=%2Fwp%2Fv2%2Fproduct_brand&post=19887"},{"taxonomy":"product_cat","embeddable":true,"href":"https:\/\/para-mirava.ma\/index.php?rest_route=%2Fwp%2Fv2%2Fproduct_cat&post=19887"},{"taxonomy":"product_tag","embeddable":true,"href":"https:\/\/para-mirava.ma\/index.php?rest_route=%2Fwp%2Fv2%2Fproduct_tag&post=19887"}],"curies":[{"name":"wp","href":"https:\/\/api.w.org\/{rel}","templated":true}]}}