{"id":19893,"date":"2026-03-17T17:37:53","date_gmt":"2026-03-17T17:37:53","guid":{"rendered":"https:\/\/para-mirava.ma\/?product=svr-topialyse-huile-lavante-400ml-2"},"modified":"2026-03-17T18:45:10","modified_gmt":"2026-03-17T18:45:10","slug":"svr-topialyse-huile-lavante-400ml-2","status":"publish","type":"product","link":"https:\/\/para-mirava.ma\/?product=svr-topialyse-huile-lavante-400ml-2","title":{"rendered":"SVR TOPIALYSE HUILE LAVANTE 400ML"},"content":{"rendered":"<p>Pour toute la famille d\u00e8s la naissance. Peaux sensibles s\u00e8ches \u00e0 tr\u00e8s s\u00e8ches \u00e0 tendance atopique.<\/p>\n<p>Disponible dans votre parapharmacie en ligne www.cotepara.ma<\/p>\n<p>Le soin lavant qui remplace tous les autres : gel douche, bain moussant, shampoing, hygi\u00e8ne intime, nettoyant visage et mains, d\u00e9maquillant sous la douche. Ne pique pas les yeux.<\/p>\n<p>TOPIALYSE HUILE LAVANTE est un v\u00e9ritable soin lavant ; le premier geste de votre routine apaisante, anti-irritation, anti-grattage. Cette huile sensorielle riche en actifs relipidants et hydratants nourrit intens\u00e9ment la peau, pr\u00e9serve le film hydrolipidique et prot\u00e8ge des agressions ext\u00e9rieures (froid, frottements) et des effets dess\u00e9chants de l&#8217;eau calcaire. Sa texture huile soyeuse et enveloppante pr\u00e9serve l&#8217;hydratation pendant 24h pour un confort imm\u00e9diat et longue dur\u00e9e. La peau est douce, le parfum d\u00e9licat, c&#8217;est le produit chouchou de toute la famille !<\/p>\n","protected":false},"excerpt":{"rendered":"<p>Pour toute la famille d\u00e8s la naissance. Peaux sensibles s\u00e8ches \u00e0 tr\u00e8s s\u00e8ches \u00e0 tendance atopique. Disponible dans votre parapharmacie en ligne www.cotepara.ma Le soin lavant qui remplace tous les autres : gel douche, bain moussant, shampoing, hygi\u00e8ne intime, nettoyant visage et mains, d\u00e9maquillant sous la douche. Ne pique pas les yeux. TOPIALYSE HUILE LAVANTE [&hellip;]<\/p>\n","protected":false},"featured_media":19892,"template":"","meta":[],"product_brand":[175],"product_cat":[15,138],"product_tag":[],"class_list":{"0":"post-19893","1":"product","2":"type-product","3":"status-publish","4":"has-post-thumbnail","6":"product_brand-svr","7":"product_cat-tout","8":"product_cat-svr","9":"ts_product_brand-svr","11":"first","12":"instock","13":"sale","14":"shipping-taxable","15":"purchasable","16":"product-type-simple"},"_links":{"self":[{"href":"https:\/\/para-mirava.ma\/index.php?rest_route=\/wp\/v2\/product\/19893","targetHints":{"allow":["GET"]}}],"collection":[{"href":"https:\/\/para-mirava.ma\/index.php?rest_route=\/wp\/v2\/product"}],"about":[{"href":"https:\/\/para-mirava.ma\/index.php?rest_route=\/wp\/v2\/types\/product"}],"wp:featuredmedia":[{"embeddable":true,"href":"https:\/\/para-mirava.ma\/index.php?rest_route=\/wp\/v2\/media\/19892"}],"wp:attachment":[{"href":"https:\/\/para-mirava.ma\/index.php?rest_route=%2Fwp%2Fv2%2Fmedia&parent=19893"}],"wp:term":[{"taxonomy":"product_brand","embeddable":true,"href":"https:\/\/para-mirava.ma\/index.php?rest_route=%2Fwp%2Fv2%2Fproduct_brand&post=19893"},{"taxonomy":"product_cat","embeddable":true,"href":"https:\/\/para-mirava.ma\/index.php?rest_route=%2Fwp%2Fv2%2Fproduct_cat&post=19893"},{"taxonomy":"product_tag","embeddable":true,"href":"https:\/\/para-mirava.ma\/index.php?rest_route=%2Fwp%2Fv2%2Fproduct_tag&post=19893"}],"curies":[{"name":"wp","href":"https:\/\/api.w.org\/{rel}","templated":true}]}}