{"id":19895,"date":"2026-03-17T17:37:54","date_gmt":"2026-03-17T17:37:54","guid":{"rendered":"https:\/\/para-mirava.ma\/?product=svr-sebiaclear-creme-spf-50-40ml-new-2"},"modified":"2026-03-17T18:45:10","modified_gmt":"2026-03-17T18:45:10","slug":"svr-sebiaclear-creme-spf-50-40ml-new-2","status":"publish","type":"product","link":"https:\/\/para-mirava.ma\/?product=svr-sebiaclear-creme-spf-50-40ml-new-2","title":{"rendered":"SVR SEBIACLEAR CREME SPF 50 40ML NEW"},"content":{"rendered":"<p>Expos\u00e9e au soleil, la peau s&#8217;\u00e9paissie, les pores s&#8217;obstruent, microkystes et com\u00e9dons se forment.<\/p>\n<p>R\u00e9sultats apr\u00e8s l&#8217;exposition, boutons et marques font surface.<\/p>\n<p>Sebiaclear Cr\u00e8me SPF50+ nouvelle formule, 2 en 1, protection solaire et soin : r\u00e9duit imperfections et points noirs, matifie et pr\u00e9vient les marques brunes ou rouges et l&#8217;effet rebond li\u00e9s aux UV.<\/p>\n<p>Disponible dans votre parapharmacie en ligne www.cotepara.ma<\/p>\n<p>Sa nouvelle texture hydratante 8h p\u00e9n\u00e8tre tr\u00e8s facilement et elle matifie votre peau pour une utilisation id\u00e9ale en soin de jour.<\/p>\n","protected":false},"excerpt":{"rendered":"<p>Expos\u00e9e au soleil, la peau s&#8217;\u00e9paissie, les pores s&#8217;obstruent, microkystes et com\u00e9dons se forment. R\u00e9sultats apr\u00e8s l&#8217;exposition, boutons et marques font surface. Sebiaclear Cr\u00e8me SPF50+ nouvelle formule, 2 en 1, protection solaire et soin : r\u00e9duit imperfections et points noirs, matifie et pr\u00e9vient les marques brunes ou rouges et l&#8217;effet rebond li\u00e9s aux UV. Disponible [&hellip;]<\/p>\n","protected":false},"featured_media":19894,"template":"","meta":[],"product_brand":[175],"product_cat":[15,138],"product_tag":[],"class_list":{"0":"post-19895","1":"product","2":"type-product","3":"status-publish","4":"has-post-thumbnail","6":"product_brand-svr","7":"product_cat-tout","8":"product_cat-svr","9":"ts_product_brand-svr","11":"first","12":"instock","13":"sale","14":"shipping-taxable","15":"purchasable","16":"product-type-simple"},"_links":{"self":[{"href":"https:\/\/para-mirava.ma\/index.php?rest_route=\/wp\/v2\/product\/19895","targetHints":{"allow":["GET"]}}],"collection":[{"href":"https:\/\/para-mirava.ma\/index.php?rest_route=\/wp\/v2\/product"}],"about":[{"href":"https:\/\/para-mirava.ma\/index.php?rest_route=\/wp\/v2\/types\/product"}],"wp:featuredmedia":[{"embeddable":true,"href":"https:\/\/para-mirava.ma\/index.php?rest_route=\/wp\/v2\/media\/19894"}],"wp:attachment":[{"href":"https:\/\/para-mirava.ma\/index.php?rest_route=%2Fwp%2Fv2%2Fmedia&parent=19895"}],"wp:term":[{"taxonomy":"product_brand","embeddable":true,"href":"https:\/\/para-mirava.ma\/index.php?rest_route=%2Fwp%2Fv2%2Fproduct_brand&post=19895"},{"taxonomy":"product_cat","embeddable":true,"href":"https:\/\/para-mirava.ma\/index.php?rest_route=%2Fwp%2Fv2%2Fproduct_cat&post=19895"},{"taxonomy":"product_tag","embeddable":true,"href":"https:\/\/para-mirava.ma\/index.php?rest_route=%2Fwp%2Fv2%2Fproduct_tag&post=19895"}],"curies":[{"name":"wp","href":"https:\/\/api.w.org\/{rel}","templated":true}]}}