{"id":19897,"date":"2026-03-17T17:37:55","date_gmt":"2026-03-17T17:37:55","guid":{"rendered":"https:\/\/para-mirava.ma\/?product=svr-topialyse-creme-nourissante-200ml-2"},"modified":"2026-03-17T18:45:10","modified_gmt":"2026-03-17T18:45:10","slug":"svr-topialyse-creme-nourissante-200ml-2","status":"publish","type":"product","link":"https:\/\/para-mirava.ma\/?product=svr-topialyse-creme-nourissante-200ml-2","title":{"rendered":"SVR TOPIALYSE CREME NOURISSANTE 200ML"},"content":{"rendered":"<p>Peaux s\u00e8ches, sensibles, inconfortables. B\u00e9b\u00e9 (hors pr\u00e9matur\u00e9), enfant, adulte. Visage et corps.<\/p>\n<p>Disponible dans votre parapharmacie en ligne www.cotepara.ma<\/p>\n<p>Convient aussi bien \u00e0 l&#8217;\u00e9piderme fragile des enfants qu&#8217;aux futures mamans. TOPIALYSE Cr\u00e8me est LE soin des peaux s\u00e8ches et sensibles de toute la famille. Une formule apaisante et nourrissante pour dire bye-bye aux sensations de tiraillement pour un confort imm\u00e9diat et durable.<\/p>\n","protected":false},"excerpt":{"rendered":"<p>Peaux s\u00e8ches, sensibles, inconfortables. B\u00e9b\u00e9 (hors pr\u00e9matur\u00e9), enfant, adulte. Visage et corps. Disponible dans votre parapharmacie en ligne www.cotepara.ma Convient aussi bien \u00e0 l&#8217;\u00e9piderme fragile des enfants qu&#8217;aux futures mamans. TOPIALYSE Cr\u00e8me est LE soin des peaux s\u00e8ches et sensibles de toute la famille. Une formule apaisante et nourrissante pour dire bye-bye aux sensations de [&hellip;]<\/p>\n","protected":false},"featured_media":19896,"template":"","meta":[],"product_brand":[175],"product_cat":[15,138],"product_tag":[],"class_list":{"0":"post-19897","1":"product","2":"type-product","3":"status-publish","4":"has-post-thumbnail","6":"product_brand-svr","7":"product_cat-tout","8":"product_cat-svr","9":"ts_product_brand-svr","11":"first","12":"instock","13":"sale","14":"shipping-taxable","15":"purchasable","16":"product-type-simple"},"_links":{"self":[{"href":"https:\/\/para-mirava.ma\/index.php?rest_route=\/wp\/v2\/product\/19897","targetHints":{"allow":["GET"]}}],"collection":[{"href":"https:\/\/para-mirava.ma\/index.php?rest_route=\/wp\/v2\/product"}],"about":[{"href":"https:\/\/para-mirava.ma\/index.php?rest_route=\/wp\/v2\/types\/product"}],"wp:featuredmedia":[{"embeddable":true,"href":"https:\/\/para-mirava.ma\/index.php?rest_route=\/wp\/v2\/media\/19896"}],"wp:attachment":[{"href":"https:\/\/para-mirava.ma\/index.php?rest_route=%2Fwp%2Fv2%2Fmedia&parent=19897"}],"wp:term":[{"taxonomy":"product_brand","embeddable":true,"href":"https:\/\/para-mirava.ma\/index.php?rest_route=%2Fwp%2Fv2%2Fproduct_brand&post=19897"},{"taxonomy":"product_cat","embeddable":true,"href":"https:\/\/para-mirava.ma\/index.php?rest_route=%2Fwp%2Fv2%2Fproduct_cat&post=19897"},{"taxonomy":"product_tag","embeddable":true,"href":"https:\/\/para-mirava.ma\/index.php?rest_route=%2Fwp%2Fv2%2Fproduct_tag&post=19897"}],"curies":[{"name":"wp","href":"https:\/\/api.w.org\/{rel}","templated":true}]}}