{"id":19903,"date":"2026-03-17T17:37:57","date_gmt":"2026-03-17T17:37:57","guid":{"rendered":"https:\/\/para-mirava.ma\/?product=svr-sun-secure-lait-apres-soleil-200ml-2"},"modified":"2026-03-17T18:45:10","modified_gmt":"2026-03-17T18:45:10","slug":"svr-sun-secure-lait-apres-soleil-200ml-2","status":"publish","type":"product","link":"https:\/\/para-mirava.ma\/?product=svr-sun-secure-lait-apres-soleil-200ml-2","title":{"rendered":"SVR SUN SECURE LAIT APRES SOLEIL 200ML"},"content":{"rendered":"<p>Pour toutes les peaux sensibles. D\u00e8s la naissance (hors pr\u00e9matur\u00e9s). Visage et corps.<\/p>\n<p>Disponible dans votre parapharmacie en ligne www.cotepara.ma<\/p>\n<p>SUN SECURE Apr\u00e8s-soleil est un soin apaisant, hydratant et r\u00e9parateur qui convient aux peaux \u00e9chauff\u00e9es de toute la famille! Sa texture in\u00e9dite, onctueuse et micro-a\u00e9r\u00e9e, fond sur la peau et procure une sensation de fra\u00eecheur imm\u00e9diate. Gr\u00e2ce \u00e0 ses nacres ultra-fines et son parfum addictif d&#8217;\u00e9t\u00e9, il laisse la peau satin\u00e9e et le bronzage sublim\u00e9 pour les longues soir\u00e9es d&#8217;\u00e9t\u00e9. Vous ne pourrez plus vous en passer !<\/p>\n<p>\u2022 100% Fra\u00eecheur instantan\u00e9e et durable(1)<\/p>\n<p>\u2022 95% Peau apais\u00e9e durablement(2)<\/p>\n<p>\u2022 90% Bronzage sublim\u00e9(2)<\/p>\n<p>\u2022 100% volontaires convaincus(1)<\/p>\n","protected":false},"excerpt":{"rendered":"<p>Pour toutes les peaux sensibles. D\u00e8s la naissance (hors pr\u00e9matur\u00e9s). Visage et corps. Disponible dans votre parapharmacie en ligne www.cotepara.ma SUN SECURE Apr\u00e8s-soleil est un soin apaisant, hydratant et r\u00e9parateur qui convient aux peaux \u00e9chauff\u00e9es de toute la famille! Sa texture in\u00e9dite, onctueuse et micro-a\u00e9r\u00e9e, fond sur la peau et procure une sensation de fra\u00eecheur [&hellip;]<\/p>\n","protected":false},"featured_media":19902,"template":"","meta":[],"product_brand":[175],"product_cat":[15,138],"product_tag":[],"class_list":{"0":"post-19903","1":"product","2":"type-product","3":"status-publish","4":"has-post-thumbnail","6":"product_brand-svr","7":"product_cat-tout","8":"product_cat-svr","9":"ts_product_brand-svr","11":"first","12":"instock","13":"sale","14":"shipping-taxable","15":"purchasable","16":"product-type-simple"},"_links":{"self":[{"href":"https:\/\/para-mirava.ma\/index.php?rest_route=\/wp\/v2\/product\/19903","targetHints":{"allow":["GET"]}}],"collection":[{"href":"https:\/\/para-mirava.ma\/index.php?rest_route=\/wp\/v2\/product"}],"about":[{"href":"https:\/\/para-mirava.ma\/index.php?rest_route=\/wp\/v2\/types\/product"}],"wp:featuredmedia":[{"embeddable":true,"href":"https:\/\/para-mirava.ma\/index.php?rest_route=\/wp\/v2\/media\/19902"}],"wp:attachment":[{"href":"https:\/\/para-mirava.ma\/index.php?rest_route=%2Fwp%2Fv2%2Fmedia&parent=19903"}],"wp:term":[{"taxonomy":"product_brand","embeddable":true,"href":"https:\/\/para-mirava.ma\/index.php?rest_route=%2Fwp%2Fv2%2Fproduct_brand&post=19903"},{"taxonomy":"product_cat","embeddable":true,"href":"https:\/\/para-mirava.ma\/index.php?rest_route=%2Fwp%2Fv2%2Fproduct_cat&post=19903"},{"taxonomy":"product_tag","embeddable":true,"href":"https:\/\/para-mirava.ma\/index.php?rest_route=%2Fwp%2Fv2%2Fproduct_tag&post=19903"}],"curies":[{"name":"wp","href":"https:\/\/api.w.org\/{rel}","templated":true}]}}