{"id":19907,"date":"2026-03-17T17:37:59","date_gmt":"2026-03-17T17:37:59","guid":{"rendered":"https:\/\/para-mirava.ma\/?product=svr-xerial-30-gel-creme-75ml-2"},"modified":"2026-03-17T18:45:10","modified_gmt":"2026-03-17T18:45:10","slug":"svr-xerial-30-gel-creme-75ml-2","status":"publish","type":"product","link":"https:\/\/para-mirava.ma\/?product=svr-xerial-30-gel-creme-75ml-2","title":{"rendered":"SVR XERIAL 30 GEL CREME 75ML"},"content":{"rendered":"<p>XERIAL 30 Gel-Cr\u00e8me \u00e9limine les rugosit\u00e9s et plaques squameuses \u00e9paisses localis\u00e9es tout en hydratant intens\u00e9ment la peau pendant 48h gr\u00e2ce \u00e0 sa technologie Ur\u00e9e Pure brevet\u00e9e. Jour apr\u00e8s jour, l&#8217;aspect irr\u00e9gulier, granuleux et les poils incarn\u00e9s sont r\u00e9duits. La peau est plus douce au toucher et visuellement plus lisse. Sa texture fondante glisse sur la peau et p\u00e9n\u00e8tre rapidement pour permettre un habillage imm\u00e9diat. Disponible dans votre parapharmacie en ligne www.cotepara.ma<\/p>\n","protected":false},"excerpt":{"rendered":"<p>XERIAL 30 Gel-Cr\u00e8me \u00e9limine les rugosit\u00e9s et plaques squameuses \u00e9paisses localis\u00e9es tout en hydratant intens\u00e9ment la peau pendant 48h gr\u00e2ce \u00e0 sa technologie Ur\u00e9e Pure brevet\u00e9e. Jour apr\u00e8s jour, l&#8217;aspect irr\u00e9gulier, granuleux et les poils incarn\u00e9s sont r\u00e9duits. La peau est plus douce au toucher et visuellement plus lisse. Sa texture fondante glisse sur la [&hellip;]<\/p>\n","protected":false},"featured_media":19906,"template":"","meta":[],"product_brand":[175],"product_cat":[15,138],"product_tag":[],"class_list":{"0":"post-19907","1":"product","2":"type-product","3":"status-publish","4":"has-post-thumbnail","6":"product_brand-svr","7":"product_cat-tout","8":"product_cat-svr","9":"ts_product_brand-svr","11":"first","12":"instock","13":"sale","14":"shipping-taxable","15":"purchasable","16":"product-type-simple"},"_links":{"self":[{"href":"https:\/\/para-mirava.ma\/index.php?rest_route=\/wp\/v2\/product\/19907","targetHints":{"allow":["GET"]}}],"collection":[{"href":"https:\/\/para-mirava.ma\/index.php?rest_route=\/wp\/v2\/product"}],"about":[{"href":"https:\/\/para-mirava.ma\/index.php?rest_route=\/wp\/v2\/types\/product"}],"wp:featuredmedia":[{"embeddable":true,"href":"https:\/\/para-mirava.ma\/index.php?rest_route=\/wp\/v2\/media\/19906"}],"wp:attachment":[{"href":"https:\/\/para-mirava.ma\/index.php?rest_route=%2Fwp%2Fv2%2Fmedia&parent=19907"}],"wp:term":[{"taxonomy":"product_brand","embeddable":true,"href":"https:\/\/para-mirava.ma\/index.php?rest_route=%2Fwp%2Fv2%2Fproduct_brand&post=19907"},{"taxonomy":"product_cat","embeddable":true,"href":"https:\/\/para-mirava.ma\/index.php?rest_route=%2Fwp%2Fv2%2Fproduct_cat&post=19907"},{"taxonomy":"product_tag","embeddable":true,"href":"https:\/\/para-mirava.ma\/index.php?rest_route=%2Fwp%2Fv2%2Fproduct_tag&post=19907"}],"curies":[{"name":"wp","href":"https:\/\/api.w.org\/{rel}","templated":true}]}}