{"id":19909,"date":"2026-03-17T17:38:00","date_gmt":"2026-03-17T17:38:00","guid":{"rendered":"https:\/\/para-mirava.ma\/?product=svr-spirial-gel-douche-deodorant-400ml-2"},"modified":"2026-03-17T18:45:09","modified_gmt":"2026-03-17T18:45:09","slug":"svr-spirial-gel-douche-deodorant-400ml-2","status":"publish","type":"product","link":"https:\/\/para-mirava.ma\/?product=svr-spirial-gel-douche-deodorant-400ml-2","title":{"rendered":"SVR SPIRIAL GEL DOUCHE DEODORANT 400ML"},"content":{"rendered":"<p>Toutes les peaux m\u00eame les plus sensibles. Adolescent, adulte. Visage, corps, hygi\u00e8ne intime, cheveux.<\/p>\n<p>Le gel douche 2 en 1 : nettoyant et d\u00e9odorant multi-zones \u00e0 l&#8217;efficacit\u00e9 24H(1). Formul\u00e9 avec un complexe probiotique, le gel douche lutte contre les odeurs corporelles tout en maintenant l&#8217;\u00e9quilibre de la flore cutan\u00e9e. La peau est fra\u00eeche et douce d\u00e8s la sortie de la douche et les mauvaises odeurs contr\u00f4l\u00e9es tout au long de la journ\u00e9e.<\/p>\n","protected":false},"excerpt":{"rendered":"<p>Toutes les peaux m\u00eame les plus sensibles. Adolescent, adulte. Visage, corps, hygi\u00e8ne intime, cheveux. Le gel douche 2 en 1 : nettoyant et d\u00e9odorant multi-zones \u00e0 l&#8217;efficacit\u00e9 24H(1). Formul\u00e9 avec un complexe probiotique, le gel douche lutte contre les odeurs corporelles tout en maintenant l&#8217;\u00e9quilibre de la flore cutan\u00e9e. La peau est fra\u00eeche et douce [&hellip;]<\/p>\n","protected":false},"featured_media":19908,"template":"","meta":[],"product_brand":[175],"product_cat":[15,138],"product_tag":[],"class_list":{"0":"post-19909","1":"product","2":"type-product","3":"status-publish","4":"has-post-thumbnail","6":"product_brand-svr","7":"product_cat-tout","8":"product_cat-svr","9":"ts_product_brand-svr","11":"first","12":"instock","13":"sale","14":"shipping-taxable","15":"purchasable","16":"product-type-simple"},"_links":{"self":[{"href":"https:\/\/para-mirava.ma\/index.php?rest_route=\/wp\/v2\/product\/19909","targetHints":{"allow":["GET"]}}],"collection":[{"href":"https:\/\/para-mirava.ma\/index.php?rest_route=\/wp\/v2\/product"}],"about":[{"href":"https:\/\/para-mirava.ma\/index.php?rest_route=\/wp\/v2\/types\/product"}],"wp:featuredmedia":[{"embeddable":true,"href":"https:\/\/para-mirava.ma\/index.php?rest_route=\/wp\/v2\/media\/19908"}],"wp:attachment":[{"href":"https:\/\/para-mirava.ma\/index.php?rest_route=%2Fwp%2Fv2%2Fmedia&parent=19909"}],"wp:term":[{"taxonomy":"product_brand","embeddable":true,"href":"https:\/\/para-mirava.ma\/index.php?rest_route=%2Fwp%2Fv2%2Fproduct_brand&post=19909"},{"taxonomy":"product_cat","embeddable":true,"href":"https:\/\/para-mirava.ma\/index.php?rest_route=%2Fwp%2Fv2%2Fproduct_cat&post=19909"},{"taxonomy":"product_tag","embeddable":true,"href":"https:\/\/para-mirava.ma\/index.php?rest_route=%2Fwp%2Fv2%2Fproduct_tag&post=19909"}],"curies":[{"name":"wp","href":"https:\/\/api.w.org\/{rel}","templated":true}]}}