{"id":19911,"date":"2026-03-17T17:38:01","date_gmt":"2026-03-17T17:38:01","guid":{"rendered":"https:\/\/para-mirava.ma\/?product=svr-sebiaclear-cr-matpores-40ml-2"},"modified":"2026-03-17T18:45:09","modified_gmt":"2026-03-17T18:45:09","slug":"svr-sebiaclear-cr-matpores-40ml-2","status":"publish","type":"product","link":"https:\/\/para-mirava.ma\/?product=svr-sebiaclear-cr-matpores-40ml-2","title":{"rendered":"SVR SEBIACLEAR CR MAT+PORES 40ML"},"content":{"rendered":"<p>Pour les peaux mixtes \u00e0 grasses, m\u00eame sensibles. Boutons, pores, brillance. Visage.<\/p>\n<p>Disponible dans votre parapharmacie en ligne www.cotepara.ma<\/p>\n<p>Effacez pores et brillances avec Sebiaclear MAT + PORES. Il resserre les pores, maintient l&#8217;hydratation, et matifie la peau. Sa nouvelle formule absorbe l&#8217;exc\u00e8s de s\u00e9bum et affine le grain de peau. Sa texture fluide oil-free maintient l&#8217;hydratation de la peau et p\u00e9n\u00e8tre rapidement pour un fini mat et velout\u00e9.<\/p>\n","protected":false},"excerpt":{"rendered":"<p>Pour les peaux mixtes \u00e0 grasses, m\u00eame sensibles. Boutons, pores, brillance. Visage. Disponible dans votre parapharmacie en ligne www.cotepara.ma Effacez pores et brillances avec Sebiaclear MAT + PORES. Il resserre les pores, maintient l&#8217;hydratation, et matifie la peau. Sa nouvelle formule absorbe l&#8217;exc\u00e8s de s\u00e9bum et affine le grain de peau. Sa texture fluide oil-free [&hellip;]<\/p>\n","protected":false},"featured_media":19910,"template":"","meta":[],"product_brand":[175],"product_cat":[15,138],"product_tag":[],"class_list":{"0":"post-19911","1":"product","2":"type-product","3":"status-publish","4":"has-post-thumbnail","6":"product_brand-svr","7":"product_cat-tout","8":"product_cat-svr","9":"ts_product_brand-svr","11":"first","12":"instock","13":"sale","14":"shipping-taxable","15":"purchasable","16":"product-type-simple"},"_links":{"self":[{"href":"https:\/\/para-mirava.ma\/index.php?rest_route=\/wp\/v2\/product\/19911","targetHints":{"allow":["GET"]}}],"collection":[{"href":"https:\/\/para-mirava.ma\/index.php?rest_route=\/wp\/v2\/product"}],"about":[{"href":"https:\/\/para-mirava.ma\/index.php?rest_route=\/wp\/v2\/types\/product"}],"wp:featuredmedia":[{"embeddable":true,"href":"https:\/\/para-mirava.ma\/index.php?rest_route=\/wp\/v2\/media\/19910"}],"wp:attachment":[{"href":"https:\/\/para-mirava.ma\/index.php?rest_route=%2Fwp%2Fv2%2Fmedia&parent=19911"}],"wp:term":[{"taxonomy":"product_brand","embeddable":true,"href":"https:\/\/para-mirava.ma\/index.php?rest_route=%2Fwp%2Fv2%2Fproduct_brand&post=19911"},{"taxonomy":"product_cat","embeddable":true,"href":"https:\/\/para-mirava.ma\/index.php?rest_route=%2Fwp%2Fv2%2Fproduct_cat&post=19911"},{"taxonomy":"product_tag","embeddable":true,"href":"https:\/\/para-mirava.ma\/index.php?rest_route=%2Fwp%2Fv2%2Fproduct_tag&post=19911"}],"curies":[{"name":"wp","href":"https:\/\/api.w.org\/{rel}","templated":true}]}}