{"id":19917,"date":"2026-03-17T17:38:04","date_gmt":"2026-03-17T17:38:04","guid":{"rendered":"https:\/\/para-mirava.ma\/?product=svr-sebiaclear-gel-moussant-200ml-2"},"modified":"2026-03-17T18:45:09","modified_gmt":"2026-03-17T18:45:09","slug":"svr-sebiaclear-gel-moussant-200ml-2","status":"publish","type":"product","link":"https:\/\/para-mirava.ma\/?product=svr-sebiaclear-gel-moussant-200ml-2","title":{"rendered":"SVR SEBIACLEAR GEL MOUSSANT 200ML"},"content":{"rendered":"<p>Pour les peaux mixtes \u00e0 grasses, sensibles, \u00e0 tendance acn\u00e9ique. Visage et corps.<\/p>\n<p>Une belle peau passe avant tout par une bonne hygi\u00e8ne du visage pour se d\u00e9brasser des impuret\u00e9s, de l&#8217;exc\u00e8s de s\u00e9bum, du maquillage, des r\u00e9sidus de pollution&#8230; Si vous l&#8217;oubliez, bonjour pores obstru\u00e9s, com\u00e9dons, boutons &#8230;<\/p>\n<p>Le GEL MOUSSANT SEBIACLEAR, un nettoyant sans savon qui purifie et d\u00e9sincruste la peau tout en douceur. Sa mousse onctueuse aide \u00e0 \u00e9liminer les impuret\u00e9s et \u00e0 se d\u00e9barrasser de l&#8217;exc\u00e8s de s\u00e9bum tout en respectant l&#8217;\u00e9quilibre de la peau. Facile \u00e0 rincer, il laisse la peau parfaitement nette, fra\u00eeche et matifi\u00e9e.<\/p>\n","protected":false},"excerpt":{"rendered":"<p>Pour les peaux mixtes \u00e0 grasses, sensibles, \u00e0 tendance acn\u00e9ique. Visage et corps. Une belle peau passe avant tout par une bonne hygi\u00e8ne du visage pour se d\u00e9brasser des impuret\u00e9s, de l&#8217;exc\u00e8s de s\u00e9bum, du maquillage, des r\u00e9sidus de pollution&#8230; Si vous l&#8217;oubliez, bonjour pores obstru\u00e9s, com\u00e9dons, boutons &#8230; Le GEL MOUSSANT SEBIACLEAR, un nettoyant [&hellip;]<\/p>\n","protected":false},"featured_media":19916,"template":"","meta":[],"product_brand":[175],"product_cat":[15,138],"product_tag":[],"class_list":{"0":"post-19917","1":"product","2":"type-product","3":"status-publish","4":"has-post-thumbnail","6":"product_brand-svr","7":"product_cat-tout","8":"product_cat-svr","9":"ts_product_brand-svr","11":"first","12":"instock","13":"sale","14":"shipping-taxable","15":"purchasable","16":"product-type-simple"},"_links":{"self":[{"href":"https:\/\/para-mirava.ma\/index.php?rest_route=\/wp\/v2\/product\/19917","targetHints":{"allow":["GET"]}}],"collection":[{"href":"https:\/\/para-mirava.ma\/index.php?rest_route=\/wp\/v2\/product"}],"about":[{"href":"https:\/\/para-mirava.ma\/index.php?rest_route=\/wp\/v2\/types\/product"}],"wp:featuredmedia":[{"embeddable":true,"href":"https:\/\/para-mirava.ma\/index.php?rest_route=\/wp\/v2\/media\/19916"}],"wp:attachment":[{"href":"https:\/\/para-mirava.ma\/index.php?rest_route=%2Fwp%2Fv2%2Fmedia&parent=19917"}],"wp:term":[{"taxonomy":"product_brand","embeddable":true,"href":"https:\/\/para-mirava.ma\/index.php?rest_route=%2Fwp%2Fv2%2Fproduct_brand&post=19917"},{"taxonomy":"product_cat","embeddable":true,"href":"https:\/\/para-mirava.ma\/index.php?rest_route=%2Fwp%2Fv2%2Fproduct_cat&post=19917"},{"taxonomy":"product_tag","embeddable":true,"href":"https:\/\/para-mirava.ma\/index.php?rest_route=%2Fwp%2Fv2%2Fproduct_tag&post=19917"}],"curies":[{"name":"wp","href":"https:\/\/api.w.org\/{rel}","templated":true}]}}