{"id":19921,"date":"2026-03-17T17:38:06","date_gmt":"2026-03-17T17:38:06","guid":{"rendered":"https:\/\/para-mirava.ma\/?product=svr-sebiaclear-hydra-40ml-2"},"modified":"2026-03-17T18:45:09","modified_gmt":"2026-03-17T18:45:09","slug":"svr-sebiaclear-hydra-40ml-2","status":"publish","type":"product","link":"https:\/\/para-mirava.ma\/?product=svr-sebiaclear-hydra-40ml-2","title":{"rendered":"SVR SEBIACLEAR HYDRA 40ML"},"content":{"rendered":"<p>Peaux \u00e0 tendance acn\u00e9ique sous traitements dess\u00e9chants.<\/p>\n<p>SEBIACLEAR Hydra est le v\u00e9ritable alli\u00e9 des peaux fragilis\u00e9es par les traitements dess\u00e9chants.<\/p>\n<p>Plus qu&#8217;un hydratant compensateur, il apaise les irritations li\u00e9es au dess\u00e8chement cutan\u00e9, r\u00e9pare la peau et combat aussi les imperfections et les marques r\u00e9siduelles rouges et brunes.<\/p>\n<p>Disponible dans votre parapharmacie en ligne www.cotepara.ma<\/p>\n<p>Ce soin \u00e0 la texture matte p\u00e9n\u00e8tre facilement pour un fini velout\u00e9 confortable et non gras. Excellente base de maquillage.<\/p>\n","protected":false},"excerpt":{"rendered":"<p>Peaux \u00e0 tendance acn\u00e9ique sous traitements dess\u00e9chants. SEBIACLEAR Hydra est le v\u00e9ritable alli\u00e9 des peaux fragilis\u00e9es par les traitements dess\u00e9chants. Plus qu&#8217;un hydratant compensateur, il apaise les irritations li\u00e9es au dess\u00e8chement cutan\u00e9, r\u00e9pare la peau et combat aussi les imperfections et les marques r\u00e9siduelles rouges et brunes. Disponible dans votre parapharmacie en ligne www.cotepara.ma Ce [&hellip;]<\/p>\n","protected":false},"featured_media":19920,"template":"","meta":[],"product_brand":[175],"product_cat":[15,138],"product_tag":[],"class_list":{"0":"post-19921","1":"product","2":"type-product","3":"status-publish","4":"has-post-thumbnail","6":"product_brand-svr","7":"product_cat-tout","8":"product_cat-svr","9":"ts_product_brand-svr","11":"first","12":"instock","13":"sale","14":"shipping-taxable","15":"purchasable","16":"product-type-simple"},"_links":{"self":[{"href":"https:\/\/para-mirava.ma\/index.php?rest_route=\/wp\/v2\/product\/19921","targetHints":{"allow":["GET"]}}],"collection":[{"href":"https:\/\/para-mirava.ma\/index.php?rest_route=\/wp\/v2\/product"}],"about":[{"href":"https:\/\/para-mirava.ma\/index.php?rest_route=\/wp\/v2\/types\/product"}],"wp:featuredmedia":[{"embeddable":true,"href":"https:\/\/para-mirava.ma\/index.php?rest_route=\/wp\/v2\/media\/19920"}],"wp:attachment":[{"href":"https:\/\/para-mirava.ma\/index.php?rest_route=%2Fwp%2Fv2%2Fmedia&parent=19921"}],"wp:term":[{"taxonomy":"product_brand","embeddable":true,"href":"https:\/\/para-mirava.ma\/index.php?rest_route=%2Fwp%2Fv2%2Fproduct_brand&post=19921"},{"taxonomy":"product_cat","embeddable":true,"href":"https:\/\/para-mirava.ma\/index.php?rest_route=%2Fwp%2Fv2%2Fproduct_cat&post=19921"},{"taxonomy":"product_tag","embeddable":true,"href":"https:\/\/para-mirava.ma\/index.php?rest_route=%2Fwp%2Fv2%2Fproduct_tag&post=19921"}],"curies":[{"name":"wp","href":"https:\/\/api.w.org\/{rel}","templated":true}]}}