{"id":19933,"date":"2026-03-17T17:38:11","date_gmt":"2026-03-17T17:38:11","guid":{"rendered":"https:\/\/para-mirava.ma\/?product=svr-densitium-creme-pot-spf30-50ml-2"},"modified":"2026-03-17T19:00:04","modified_gmt":"2026-03-17T19:00:04","slug":"svr-densitium-creme-pot-spf30-50ml-2","status":"publish","type":"product","link":"https:\/\/para-mirava.ma\/?product=svr-densitium-creme-pot-spf30-50ml-2","title":{"rendered":"SVR DENSITIUM CREME POT SPF30 50ML"},"content":{"rendered":"<p>Rides install\u00e9es, taches, fermet\u00e9. Peau normale \u00e0 s\u00e8che. Visage et cou.<\/p>\n<p>La Cr\u00e8me SPF 30 Densitium offre une action anti-\u00e2ge globale avec une protection solaire contre les UVB, UVA, les IR et la lumi\u00e8re visible (bleue) responsables du photo-vieillissement et des taches.<\/p>\n<p>L&#8217;association de filtres solaires brevet\u00e9s SVR combine la haute protection large spectre \u00e0 un puissant complexe anti-oxydants pour prot\u00e9ger et renforcer la peau des effets responsables de l&#8217;acc\u00e9l\u00e9ration du vieillissement cutan\u00e9e.<\/p>\n<p>Redensifi\u00e9e, la peau est plus ferme, les contours du visage sont plus nets. Renforc\u00e9e et prot\u00e9g\u00e9e au quotidien des rayons, elle parait plus jeune et \u00e9clatante.<\/p>\n<p>Disponible dans votre parapharmacie en ligne www.cotepara.ma<\/p>\n","protected":false},"excerpt":{"rendered":"<p>Rides install\u00e9es, taches, fermet\u00e9. Peau normale \u00e0 s\u00e8che. Visage et cou. La Cr\u00e8me SPF 30 Densitium offre une action anti-\u00e2ge globale avec une protection solaire contre les UVB, UVA, les IR et la lumi\u00e8re visible (bleue) responsables du photo-vieillissement et des taches. L&#8217;association de filtres solaires brevet\u00e9s SVR combine la haute protection large spectre \u00e0 [&hellip;]<\/p>\n","protected":false},"featured_media":19932,"template":"","meta":[],"product_brand":[175],"product_cat":[15,138],"product_tag":[],"class_list":{"0":"post-19933","1":"product","2":"type-product","3":"status-publish","4":"has-post-thumbnail","6":"product_brand-svr","7":"product_cat-tout","8":"product_cat-svr","9":"ts_product_brand-svr","11":"first","12":"instock","13":"sale","14":"shipping-taxable","15":"purchasable","16":"product-type-simple"},"_links":{"self":[{"href":"https:\/\/para-mirava.ma\/index.php?rest_route=\/wp\/v2\/product\/19933","targetHints":{"allow":["GET"]}}],"collection":[{"href":"https:\/\/para-mirava.ma\/index.php?rest_route=\/wp\/v2\/product"}],"about":[{"href":"https:\/\/para-mirava.ma\/index.php?rest_route=\/wp\/v2\/types\/product"}],"wp:featuredmedia":[{"embeddable":true,"href":"https:\/\/para-mirava.ma\/index.php?rest_route=\/wp\/v2\/media\/19932"}],"wp:attachment":[{"href":"https:\/\/para-mirava.ma\/index.php?rest_route=%2Fwp%2Fv2%2Fmedia&parent=19933"}],"wp:term":[{"taxonomy":"product_brand","embeddable":true,"href":"https:\/\/para-mirava.ma\/index.php?rest_route=%2Fwp%2Fv2%2Fproduct_brand&post=19933"},{"taxonomy":"product_cat","embeddable":true,"href":"https:\/\/para-mirava.ma\/index.php?rest_route=%2Fwp%2Fv2%2Fproduct_cat&post=19933"},{"taxonomy":"product_tag","embeddable":true,"href":"https:\/\/para-mirava.ma\/index.php?rest_route=%2Fwp%2Fv2%2Fproduct_tag&post=19933"}],"curies":[{"name":"wp","href":"https:\/\/api.w.org\/{rel}","templated":true}]}}