{"id":19935,"date":"2026-03-17T17:38:12","date_gmt":"2026-03-17T17:38:12","guid":{"rendered":"https:\/\/para-mirava.ma\/?product=svr-filler-biotic-contour-des-yeux-et-levres-15ml-2"},"modified":"2026-03-17T19:00:04","modified_gmt":"2026-03-17T19:00:04","slug":"svr-filler-biotic-contour-des-yeux-et-levres-15ml-2","status":"publish","type":"product","link":"https:\/\/para-mirava.ma\/?product=svr-filler-biotic-contour-des-yeux-et-levres-15ml-2","title":{"rendered":"SVR FILLER BIOTIC CONTOUR DES YEUX ET LEVRES 15ML"},"content":{"rendered":"<p>Rides, ridules de d\u00e9shydratation du contour des yeux et des l\u00e8vres, rides de la patte d&#8217;oie.<\/p>\n<p>[FILLER] BIOTIC est l&#8217;association d&#8217;un peptide \u00e0 notre c\u0153ur de formule BIOTIC pour lisser efficacement les rides des zones fragiles du contour des yeux et des l\u00e8vres d\u00e8s 7 jours ! Jour apr\u00e8s jour, les traits sont plus d\u00e9tendus. Le contour des yeux est lift\u00e9 et le regard est plus lumineux. Le contour des l\u00e8vres est repulp\u00e9 et redessin\u00e9. Votre regard et votre sourire sont \u00e9clatants !<\/p>\n<p>Sa texture fra\u00eeche, non collante et au parfum d\u00e9licat hydrate et repulpe en profondeur pour donner plus de volume \u00e0 la peau.<\/p>\n<p>Disponible dans votre parapharmacie en ligne www.cotepara.ma<\/p>\n","protected":false},"excerpt":{"rendered":"<p>Rides, ridules de d\u00e9shydratation du contour des yeux et des l\u00e8vres, rides de la patte d&#8217;oie. [FILLER] BIOTIC est l&#8217;association d&#8217;un peptide \u00e0 notre c\u0153ur de formule BIOTIC pour lisser efficacement les rides des zones fragiles du contour des yeux et des l\u00e8vres d\u00e8s 7 jours ! Jour apr\u00e8s jour, les traits sont plus d\u00e9tendus. [&hellip;]<\/p>\n","protected":false},"featured_media":19934,"template":"","meta":[],"product_brand":[175],"product_cat":[15,138],"product_tag":[],"class_list":{"0":"post-19935","1":"product","2":"type-product","3":"status-publish","4":"has-post-thumbnail","6":"product_brand-svr","7":"product_cat-tout","8":"product_cat-svr","9":"ts_product_brand-svr","11":"first","12":"instock","13":"sale","14":"shipping-taxable","15":"purchasable","16":"product-type-simple"},"_links":{"self":[{"href":"https:\/\/para-mirava.ma\/index.php?rest_route=\/wp\/v2\/product\/19935","targetHints":{"allow":["GET"]}}],"collection":[{"href":"https:\/\/para-mirava.ma\/index.php?rest_route=\/wp\/v2\/product"}],"about":[{"href":"https:\/\/para-mirava.ma\/index.php?rest_route=\/wp\/v2\/types\/product"}],"wp:featuredmedia":[{"embeddable":true,"href":"https:\/\/para-mirava.ma\/index.php?rest_route=\/wp\/v2\/media\/19934"}],"wp:attachment":[{"href":"https:\/\/para-mirava.ma\/index.php?rest_route=%2Fwp%2Fv2%2Fmedia&parent=19935"}],"wp:term":[{"taxonomy":"product_brand","embeddable":true,"href":"https:\/\/para-mirava.ma\/index.php?rest_route=%2Fwp%2Fv2%2Fproduct_brand&post=19935"},{"taxonomy":"product_cat","embeddable":true,"href":"https:\/\/para-mirava.ma\/index.php?rest_route=%2Fwp%2Fv2%2Fproduct_cat&post=19935"},{"taxonomy":"product_tag","embeddable":true,"href":"https:\/\/para-mirava.ma\/index.php?rest_route=%2Fwp%2Fv2%2Fproduct_tag&post=19935"}],"curies":[{"name":"wp","href":"https:\/\/api.w.org\/{rel}","templated":true}]}}