{"id":19937,"date":"2026-03-17T17:38:12","date_gmt":"2026-03-17T17:38:12","guid":{"rendered":"https:\/\/para-mirava.ma\/?product=svr-ecran-sun-secure-blur-teinte-beige-spf50-50ml-2"},"modified":"2026-03-17T19:00:03","modified_gmt":"2026-03-17T19:00:03","slug":"svr-ecran-sun-secure-blur-teinte-beige-spf50-50ml-2","status":"publish","type":"product","link":"https:\/\/para-mirava.ma\/?product=svr-ecran-sun-secure-blur-teinte-beige-spf50-50ml-2","title":{"rendered":"SVR ECRAN SUN SECURE BLUR TEINTE BEIGE SPF50+ 50ML"},"content":{"rendered":"<p>Pour toutes les peaux sensibles. Adultes. Visage.<\/p>\n<p>SUN SECURE Blur offre une haute protection solaire dans une texture mousse magique !<\/p>\n<p>****UVB + UVA + VISIBLE + INFRAROUGES**** Disponible dans votre parapharmacie en ligne www.cotepara.ma<\/p>\n<p>La cr\u00e8me mousse abricot\u00e9e fond instantan\u00e9ment sur la peau et devient invisible pour un effet peau nue. Les imperfections sont flout\u00e9es, le teint liss\u00e9 et unifi\u00e9, la peau incroyablement velout\u00e9e. Comme une base de maquillage, la protection en plus.<\/p>\n<p>Son plus ? SUN SECURE Blur SPF50 respecte l&#8217;environnement marin. Elle a pass\u00e9 les tests d&#8217;\u00e9co-toxicit\u00e9 sur des algues (ISO 10253) et sur des invert\u00e9br\u00e9s aquatiques (ISO 14669). Deux esp\u00e8ces appartenant \u00e0 la famille des zooplanctons et phytoplanctons, indispensables au bon d\u00e9veloppement des coraux.<\/p>\n","protected":false},"excerpt":{"rendered":"<p>Pour toutes les peaux sensibles. Adultes. Visage. SUN SECURE Blur offre une haute protection solaire dans une texture mousse magique ! ****UVB + UVA + VISIBLE + INFRAROUGES**** Disponible dans votre parapharmacie en ligne www.cotepara.ma La cr\u00e8me mousse abricot\u00e9e fond instantan\u00e9ment sur la peau et devient invisible pour un effet peau nue. Les imperfections sont [&hellip;]<\/p>\n","protected":false},"featured_media":19936,"template":"","meta":[],"product_brand":[175],"product_cat":[15,138],"product_tag":[],"class_list":{"0":"post-19937","1":"product","2":"type-product","3":"status-publish","4":"has-post-thumbnail","6":"product_brand-svr","7":"product_cat-tout","8":"product_cat-svr","9":"ts_product_brand-svr","11":"first","12":"instock","13":"sale","14":"shipping-taxable","15":"purchasable","16":"product-type-simple"},"_links":{"self":[{"href":"https:\/\/para-mirava.ma\/index.php?rest_route=\/wp\/v2\/product\/19937","targetHints":{"allow":["GET"]}}],"collection":[{"href":"https:\/\/para-mirava.ma\/index.php?rest_route=\/wp\/v2\/product"}],"about":[{"href":"https:\/\/para-mirava.ma\/index.php?rest_route=\/wp\/v2\/types\/product"}],"wp:featuredmedia":[{"embeddable":true,"href":"https:\/\/para-mirava.ma\/index.php?rest_route=\/wp\/v2\/media\/19936"}],"wp:attachment":[{"href":"https:\/\/para-mirava.ma\/index.php?rest_route=%2Fwp%2Fv2%2Fmedia&parent=19937"}],"wp:term":[{"taxonomy":"product_brand","embeddable":true,"href":"https:\/\/para-mirava.ma\/index.php?rest_route=%2Fwp%2Fv2%2Fproduct_brand&post=19937"},{"taxonomy":"product_cat","embeddable":true,"href":"https:\/\/para-mirava.ma\/index.php?rest_route=%2Fwp%2Fv2%2Fproduct_cat&post=19937"},{"taxonomy":"product_tag","embeddable":true,"href":"https:\/\/para-mirava.ma\/index.php?rest_route=%2Fwp%2Fv2%2Fproduct_tag&post=19937"}],"curies":[{"name":"wp","href":"https:\/\/api.w.org\/{rel}","templated":true}]}}