{"id":19947,"date":"2026-03-17T17:38:17","date_gmt":"2026-03-17T17:38:17","guid":{"rendered":"https:\/\/para-mirava.ma\/?product=svr-hydraliane-creme-riche-50ml-2"},"modified":"2026-03-17T19:00:03","modified_gmt":"2026-03-17T19:00:03","slug":"svr-hydraliane-creme-riche-50ml-2","status":"publish","type":"product","link":"https:\/\/para-mirava.ma\/?product=svr-hydraliane-creme-riche-50ml-2","title":{"rendered":"SVR HYDRALIANE CREME RICHE 50ML"},"content":{"rendered":"<p>Pour toutes les peaux s\u00e8ches \u00e0 tr\u00e8s s\u00e8ches m\u00eame sensibles, de toute la famille.<\/p>\n<p>L&#8217;indispensable pour les peaux d\u00e9shydrat\u00e9es, inconfortables, qui tiraillent.<\/p>\n<p>Douce et confortable, Hydraliane Cr\u00e8me Riche est la solution hydratante quotidienne 100% d&#8217;origine naturelle pour nourrir, apaiser et hydrater intens\u00e9ment et durablement pendant 24h. Les signes de s\u00e9cheresses sont r\u00e9duits, la peau retrouve son confort et sa souplesse.<\/p>\n<p>Une texture riche, fondante enveloppe la peau et la prot\u00e8ge. Non grasse et non collante, elle ne laisse pas de fini brillant sur la peau. Un parfum floral et addictif faisant de l&#8217;application du soin un v\u00e9ritable moment de plaisir.<\/p>\n<p>SVR HYDRALIANE CREME RICHE 50ML est disponible dans votre Parapharmacie en ligne C\u00f4t\u00e9 para \u00e0 Prix discount, livraison Partout Au Maroc<\/p>\n","protected":false},"excerpt":{"rendered":"<p>Pour toutes les peaux s\u00e8ches \u00e0 tr\u00e8s s\u00e8ches m\u00eame sensibles, de toute la famille. L&#8217;indispensable pour les peaux d\u00e9shydrat\u00e9es, inconfortables, qui tiraillent. Douce et confortable, Hydraliane Cr\u00e8me Riche est la solution hydratante quotidienne 100% d&#8217;origine naturelle pour nourrir, apaiser et hydrater intens\u00e9ment et durablement pendant 24h. Les signes de s\u00e9cheresses sont r\u00e9duits, la peau retrouve [&hellip;]<\/p>\n","protected":false},"featured_media":19946,"template":"","meta":[],"product_brand":[175],"product_cat":[15,138],"product_tag":[],"class_list":{"0":"post-19947","1":"product","2":"type-product","3":"status-publish","4":"has-post-thumbnail","6":"product_brand-svr","7":"product_cat-tout","8":"product_cat-svr","9":"ts_product_brand-svr","11":"first","12":"instock","13":"sale","14":"shipping-taxable","15":"purchasable","16":"product-type-simple"},"_links":{"self":[{"href":"https:\/\/para-mirava.ma\/index.php?rest_route=\/wp\/v2\/product\/19947","targetHints":{"allow":["GET"]}}],"collection":[{"href":"https:\/\/para-mirava.ma\/index.php?rest_route=\/wp\/v2\/product"}],"about":[{"href":"https:\/\/para-mirava.ma\/index.php?rest_route=\/wp\/v2\/types\/product"}],"wp:featuredmedia":[{"embeddable":true,"href":"https:\/\/para-mirava.ma\/index.php?rest_route=\/wp\/v2\/media\/19946"}],"wp:attachment":[{"href":"https:\/\/para-mirava.ma\/index.php?rest_route=%2Fwp%2Fv2%2Fmedia&parent=19947"}],"wp:term":[{"taxonomy":"product_brand","embeddable":true,"href":"https:\/\/para-mirava.ma\/index.php?rest_route=%2Fwp%2Fv2%2Fproduct_brand&post=19947"},{"taxonomy":"product_cat","embeddable":true,"href":"https:\/\/para-mirava.ma\/index.php?rest_route=%2Fwp%2Fv2%2Fproduct_cat&post=19947"},{"taxonomy":"product_tag","embeddable":true,"href":"https:\/\/para-mirava.ma\/index.php?rest_route=%2Fwp%2Fv2%2Fproduct_tag&post=19947"}],"curies":[{"name":"wp","href":"https:\/\/api.w.org\/{rel}","templated":true}]}}